{"id":25233,"date":"2020-07-27T08:15:15","date_gmt":"2020-07-27T08:15:15","guid":{"rendered":"https:\/\/www.lotussurrogacy.com\/de\/?page_id=25233"},"modified":"2020-10-21T17:14:23","modified_gmt":"2020-10-21T14:14:23","slug":"questions-and-answers","status":"publish","type":"page","link":"https:\/\/www.lotussurrogacy.com\/de\/intended-parents\/questions-and-answers\/","title":{"rendered":"F&#038;A"},"content":{"rendered":"<h4 style=\"font-size: 18px !important;\">Was sind die Vorteile einer Leihmutterschaft in der Ukraine?<\/h4>\n<ol>\n<li><span>1<\/span><span>Eine relativ kurze Wartezeit (falls vorhanden), um Sie mit einer Leihmutter zusammenzubringen.<\/span><\/li>\n<li><span>2<\/span><span>Erschwingliche Kosten<\/span><\/li>\n<li><span>3<\/span><span>Qualit\u00e4ts-IVF-Labors und -Kliniken mit hohen Erfolgsraten<\/span><\/li>\n<\/ol>\n<h4 style=\"font-size: 18px !important;\">Wer kann ein Leihmutterschaftsprogramm in der Ukraine haben?<\/h4>\n<p style=\"font-size: 16px !important;\">Heterosexuelle Ehepaare basierend auf medizinischen Indikationen, einschlie\u00dflich:<\/p>\n<ol>\n<li><span>1<\/span><span>Fehlen einer Geb\u00e4rmutter<\/span><\/li>\n<li><span>2<\/span><span>Verformung der Geb\u00e4rmutterh\u00f6hle oder des Uterushalses aufgrund angeborener Entwicklungsst\u00f6rungen oder chirurgischer Behandlungen sowie gutartiger Tumoren, die zu einer erfolglosen Schwangerschaft f\u00fchren w\u00fcrden;<\/span><\/li>\n<li><span>3<\/span><span>Strukturell-morphologische oder anatomische Ver\u00e4nderungen des Endometriums, die zu einem Verlust der Empf\u00e4nglichkeit gef\u00fchrt haben.<\/span><\/li>\n<li><span>4<\/span><span>Schwere somatische Krankheiten &#8211; wenn das Tragen einer Schwangerschaft die Gesundheit oder das Leben des Empf\u00e4ngers gef\u00e4hrdet, aber die Gesundheit des zuk\u00fcnftigen Kindes nicht beeinflusst;<\/span><\/li>\n<li><span>5<\/span><span>Wiederholte, erfolglose IVF-Versuche (vier oder mehr) mit wiederholtem Erhalt hochwertiger Embryonen, deren \u00dcbertragung nicht zu einer Schwangerschaft f\u00fchrte.<\/span><\/li>\n<\/ol>\n<h4 style=\"font-size: 18px !important;\">Sind wir als beabsichtigte Eltern verpflichtet, ins Ausland zu reisen, um den Prozess zu beginnen, oder kann er in unserer Abwesenheit beginnen?<\/h4>\n<p style=\"font-size: 16px !important;\">Wenn Sie notariell und apostilliert eine Vollmacht an Lotus senden, k\u00f6nnen wir alle Vertr\u00e4ge in Ihrem Namen unterzeichnen. Wir k\u00f6nnen Ihnen beim Versand von Sperma \/ Embryonen helfen, um das Programm zu starten, sodass Sie nicht vor der Geburt Ihres Babys in die Ukraine kommen m\u00fcssen.<\/p>\n<h4 style=\"font-size: 18px !important;\">K\u00f6nnen wir w\u00e4hrend der Schwangerschaft mit unserer Leihmutter in Kontakt stehen?<\/h4>\n<p style=\"font-size: 16px !important;\">Dies h\u00e4ngt von der Beziehung zwischen Ihnen und Ihrer Leihmutter und all Ihren Erwartungen an den Kontakt ab. Einige beabsichtigte Eltern bevorzugen weniger Kontakt mit ihrer Leihmutter und andere bevorzugen eine st\u00e4rkere Beteiligung. Es ist wichtig, dass diese Erwartungen vor dem Abgleich mit einer Leihmutter mit Lotus besprochen werden, um eine erfolgreiche Vereinbarung zu gew\u00e4hrleisten.<\/p>\n<h4 style=\"font-size: 18px !important;\">Sprechen die Leihm\u00fctter in der Ukraine Englisch?<\/h4>\n<p style=\"font-size: 16px !important;\">Die meisten Leihm\u00fctter sprechen kein Englisch. Einige sprechen Basic English. Lotus unterst\u00fctzt Sie bei Anrufen und \u00dcbersetzungsdiensten mit Ihrer Leihmutter.<\/p>\n<h4 style=\"font-size: 18px !important;\">Wo lebt die Leihmutter w\u00e4hrend der Schwangerschaft?<\/h4>\n<p style=\"font-size: 16px !important;\">Ihre Leihmutter wird zu Hause wohnen und dort weiterleben, wenn sie sich in der N\u00e4he des Geburtskrankenhauses befindet. Wenn Ihre Leihmutter aus einem regionalen Gebiet stammt, r\u00fcckt sie kurz vor dem dritten Trimester (oder fr\u00fcher, wenn dies medizinisch angezeigt ist) n\u00e4her an das Geburtskrankenhaus heran. Die beabsichtigten Eltern werden eine Wohnung f\u00fcr sie mieten, in der sie bis zur Geburt mit ihrer Familie leben wird.<\/p>\n<h4 style=\"font-size: 18px !important;\">Wer sorgt daf\u00fcr, dass sich die Leihmutter w\u00e4hrend der Schwangerschaft gut um unser Baby k\u00fcmmert?<\/h4>\n<p style=\"font-size: 16px !important;\">Die Mitarbeiter von Lotus werden Ihre Leihmutter w\u00e4hrend der Schwangerschaft beaufsichtigen und unterst\u00fctzen, um sicherzustellen, dass sie den Anweisungen ihres behandelnden Arztes folgt.<\/p>\n<h4 style=\"font-size: 18px !important;\">Wer sorgt daf\u00fcr, dass die Leihmutter an ihren Folgeterminen teilnimmt?<\/h4>\n<p style=\"font-size: 16px !important;\">Lotus sendet Ihnen nach jedem Besuch Ihrer Leihmutter in der Klinik einen Bericht f\u00fcr einen medizinischen Termin. Wir werden auch t\u00e4glich Kontakt mit Ihrer Leihmutter pflegen, um ihren Komfort und ihre Gesundheit zu gew\u00e4hrleisten.<\/p>\n<h4 style=\"font-size: 18px !important;\">Wer kann Leihmutter werden?<\/h4>\n<ol>\n<li><span>1<\/span><span>Eine gesunde Frau im Alter von 18 bis 35 Jahren<\/span><\/li>\n<li><span>2<\/span><span>Frau, die ein gesundes Kind oder eigene Kinder hat;<\/span><\/li>\n<li><span>3<\/span><span>hat keine medizinischen Kontraindikationen;<\/span><\/li>\n<li><span>4<\/span><span>Besitzt moralische und psychologische Stabilit\u00e4t, Verantwortung und den gro\u00dfen Wunsch, einer kinderlosen Familie zu helfen;<\/span><\/li>\n<li><span>5<\/span><span>hat keinen kriminellen Hintergrund;<\/span><\/li>\n<li><span>6<\/span><span>hat die schriftliche Zustimmung ihres Mannes zur Teilnahme am Programm, wenn sie verheiratet ist;<\/span><\/li>\n<li><span>7<\/span><span>at zugestimmt, nur eine Leihmutter zu sein und nicht genetisch mit dem Kind verwandt zu sein.<\/span><\/li>\n<\/ol>\n<h4 style=\"font-size: 18px !important;\">Wer k\u00fcmmert sich nach der Entbindung um die R\u00fcckkehr des Babys in unser Heimatland?<\/h4>\n<p style=\"font-size: 16px !important;\">Lotus-Anw\u00e4lte, die auf Familien- und Einwanderungsrecht spezialisiert sind, k\u00fcmmern sich um die Unterlagen, die erforderlich sind, um Ihr Kind nach Hause zu bringen. Die Dokumentation enth\u00e4lt die Geburtsurkunde mit den Namen der Eltern mit einem offiziellen Stempel (Apostille), der von den meisten nationalen Beh\u00f6rden verlangt wird, \u00dcbersetzungen von Dokumenten und mehr.<\/p>\n<h4 style=\"font-size: 18px !important;\">Wie stellen wir sicher, dass die Leihmutter das Baby nach der Geburt \u00fcbergibt?<\/h4>\n<p style=\"font-size: 16px !important;\">Die Leihmutter hat zu keinem Zeitpunkt des Prozesses elterliche Rechte \u00fcber Ihr Kind! In der Ukraine ist das Gesetz eindeutig und besagt, dass die pr\u00e4natalen und postnatalen Rechte f\u00fcr das Baby nur von den beabsichtigten Eltern gehalten werden.Die Geldentsch\u00e4digung ist der Hauptgrund daf\u00fcr, dass Leihm\u00fctter Kinder f\u00fcr andere tragen. Ihre Leihmutter erh\u00e4lt die Restzahlung erst, nachdem das Baby bei Ihrer Botschaft registriert und ein Reisedokument f\u00fcr Ihr Baby ausgestellt wurde.<\/p>\n<h4 style=\"font-size: 18px !important;\">Wie lange dauert es von der Geburt an, bis das Baby mit uns nach Hause reisen kann?<\/h4>\n<p style=\"font-size: 16px !important;\">Abh\u00e4ngig von Ihrer Nationalit\u00e4t und den Anforderungen \/ Zeitrahmen der Botschaft dauert die Ausstellung des Reisepasses f\u00fcr Ihr Neugeborenes in der Regel 2 bis 9 Wochen.<\/p>\n<h4 style=\"font-size: 18px !important;\">Was ist der Zahlungsplan f\u00fcr unsere Leihmutter?<\/h4>\n<p style=\"font-size: 16px !important;\">Die Leihmutter erh\u00e4lt eine Entsch\u00e4digung f\u00fcr das Tragen Ihres Kindes erst nach der Geburt und nach Unterzeichnung der Unterlagen zur Registrierung des Kindes. W\u00e4hrend der Schwangerschaft zahlen die beabsichtigten Eltern ihrer Leihmutter eine monatliche Zulage.<\/p>\n<h4 style=\"font-size: 18px !important;\">Wie schnell k\u00f6nnen wir Updates zu Ereignissen erhalten, die im Ausland stattfinden?<\/h4>\n<p style=\"font-size: 16px !important;\">Lotus wird sich bem\u00fchen, die beabsichtigten Eltern zu aktualisieren, sobald Informationen vorliegen. Es kann zu geringf\u00fcgigen Verz\u00f6gerungen kommen, wenn Informationen \u00fcbersetzt werden m\u00fcssen.<\/p>\n<h4 style=\"font-size: 18px !important;\">Wie oft erhalten wir Updates bez\u00fcglich unseres Programms und der Leihmutter?<\/h4>\n<p style=\"font-size: 16px !important;\">Dies h\u00e4ngt von der Schwangerschaft Ihrer Leihmutter und den Termin- \/ Scanzeiten ab. Lotus pflegt t\u00e4glich Kontakt mit der Klinik und wir werden Sie so schnell wie m\u00f6glich \u00fcber alle Entwicklungen auf dem Laufenden halten.<\/p>\n<h4 style=\"font-size: 18px !important;\">Wird unsere Leihmutter allen medizinischen Verfahren zustimmen, die f\u00fcr die Geburt eines gesunden Babys erforderlich sein k\u00f6nnten?<\/h4>\n<p style=\"font-size: 16px !important;\">Ja. Dies ist Teil der Zustimmung der Leihmutter in ihrem Vertrag.<\/p>\n<h4 style=\"font-size: 18px !important;\">Wie viele Vertr\u00e4ge hat das Verfahren selbst?<\/h4>\n<p>Der Leihmutterschaftsprozess ist sowohl legal als auch medizinisch. Es ist wichtig zu bedenken, dass es sich um elterliche Rechte handelt, die in Vertr\u00e4gen definiert werden m\u00fcssen.Sie m\u00fcssen im Rahmen des Prozesses auf folgenden Vertr\u00e4gen bestehen:<\/p>\n<ol>\n<li><span>1<\/span><span>Ein notariell beglaubigter Vertrag zwischen Ihnen und Ihrer Leihmutter<\/span><\/li>\n<li><span>2<\/span><span>Ein Vertrag zwischen Ihnen und dem Fruchtbarkeitszentrum<\/span><\/li>\n<li><span>3<\/span><span>Ein Vertrag zwischen Ihnen und der Agentur<\/span><\/li>\n<\/ol>\n<h4 style=\"font-size: 18px !important;\">Erhalten wir Kopien der Vertr\u00e4ge, bevor wir sie unterzeichnen?<\/h4>\n<p style=\"font-size: 16px !important;\">Nat\u00fcrlich. Bevor Sie einen Servicevertrag mit Lotus unterzeichnen, erhalten Sie Kopien aller oben genannten Vertr\u00e4ge.<\/p>\n<h4 style=\"font-size: 18px !important;\">Was ist der Ausstiegsprozess aus der Ukraine nach der Geburt?<\/h4>\n<p>Sie m\u00fcssen bei der n\u00e4chstgelegenen Botschaft einen Antrag auf Erlangung der Staatsb\u00fcrgerschaft und anschlie\u00dfend einen Reisepass f\u00fcr Ihr Kind stellen. Lotus unterst\u00fctzt Sie bei allen Anforderungen, die f\u00fcr diesen Prozess erforderlich sind.Am Flughafen \u00fcberpr\u00fcfen die Beamten, ob das Neugeborene hat:<\/p>\n<ol>\n<li><span>1<\/span><span>G\u00fcltiger Reisepass;<\/span><\/li>\n<li><span>2<\/span><span>Keine Verbote, das Land zu verlassen;<\/span><\/li>\n<li><span>3<\/span><span>Keine Verletzung der Aufenthaltsbedingungen in der Ukraine.<\/span><\/li>\n<\/ol>\n<p style=\"font-size: 16px !important;\">Wenn das Baby diese Anforderungen erf\u00fcllt, kann es die Ukraine verlassen. Es wird kein Ausreisevisum ben\u00f6tigt.<\/p>\n<h4 style=\"font-size: 18px !important;\">Welche Dienstleistungen bietet Lotus an?<\/h4>\n<ol>\n<li><span>1<\/span><span>Sie mit einer Leihmutter zusammenbringen<\/span><\/li>\n<li><span>2<\/span><span>Sie mit einem Eizellenspender zusammenbringen<\/span><\/li>\n<li><span>3<\/span><span>Organisation Ihres Leihmutterschaftsprogramms<\/span><\/li>\n<li><span>4<\/span><span>Organisation der Geburt Ihres Babys<\/span><\/li>\n<li><span>5<\/span><span>\u00dcbersetzung von Informationen und Dokumentationen ins Englische<\/span><\/li>\n<li><span>6<\/span><span>Betreuung und Unterst\u00fctzung Ihrer Leihmutter<\/span><\/li>\n<li><span>7<\/span><span>Juristische Dienstleistungen<\/span><\/li>\n<li><span>8<\/span><span>Koordination der gesamten Logistik mit unserer Klinik, einschlie\u00dflich Terminen f\u00fcr und Kontakt mit Ihrer Leihmutter am t\u00e4glichen Bass.<\/span><\/li>\n<li><span>9<\/span><span>Unterst\u00fctzung bei allen Unterlagen nach der Geburt f\u00fcr die Geburtsurkunde und den Ausstiegsprozess<\/span><\/li>\n<li><span>10<\/span><span>Hilfe bei der Suche nach einer Unterkunft in Kiew<\/span><\/li>\n<\/ol>\n<h6 style=\"text-align: center;\">HABEN SIE NOCH WEITERE FRAGEN?Senden Sie uns eine Nachricht und wir werden antworten<\/h6>\n","protected":false},"excerpt":{"rendered":"<p>Was sind die Vorteile einer Leihmutterschaft in der Ukraine? 1Eine relativ kurze Wartezeit (falls vorhanden), um Sie mit einer Leihmutter&#8230;<\/p>\n","protected":false},"author":1,"featured_media":25535,"parent":25220,"menu_order":12,"comment_status":"closed","ping_status":"closed","template":"","meta":{"pgc_sgb_lightbox_settings":"","footnotes":""},"class_list":["post-25233","page","type-page","status-publish","has-post-thumbnail"],"yoast_head":"<!-- This site is optimized with the Yoast SEO Premium plugin v27.2 (Yoast SEO v27.2) - https:\/\/yoast.com\/product\/yoast-seo-premium-wordpress\/ -->\n<title>F&#038;A - Lotus Surrogacy - Leihmutterschaftsagentur - Deutschland<\/title>\n<meta name=\"robots\" content=\"index, follow, max-snippet:-1, max-image-preview:large, max-video-preview:-1\" \/>\n<link rel=\"canonical\" href=\"https:\/\/www.lotussurrogacy.com\/de\/intended-parents\/questions-and-answers\/\" \/>\n<meta property=\"og:locale\" content=\"de_DE\" \/>\n<meta property=\"og:type\" content=\"article\" \/>\n<meta property=\"og:title\" content=\"F&#038;A\" \/>\n<meta property=\"og:description\" content=\"Was sind die Vorteile einer Leihmutterschaft in der Ukraine? 1Eine relativ kurze Wartezeit (falls vorhanden), um Sie mit einer Leihmutter...\" \/>\n<meta property=\"og:url\" content=\"https:\/\/www.lotussurrogacy.com\/de\/intended-parents\/questions-and-answers\/\" \/>\n<meta property=\"og:site_name\" content=\"Lotus Surrogacy - Leihmutterschaftsagentur - Deutschland\" \/>\n<meta property=\"article:publisher\" content=\"https:\/\/www.facebook.com\/lotusukraine\/\" \/>\n<meta property=\"article:modified_time\" content=\"2020-10-21T14:14:23+00:00\" \/>\n<meta property=\"og:image\" content=\"https:\/\/www.lotussurrogacy.com\/de\/wp-content\/uploads\/2020\/07\/ivf.jpg\" \/>\n\t<meta property=\"og:image:width\" content=\"1000\" \/>\n\t<meta property=\"og:image:height\" content=\"667\" \/>\n\t<meta property=\"og:image:type\" content=\"image\/jpeg\" \/>\n<meta name=\"twitter:card\" content=\"summary_large_image\" \/>\n<meta name=\"twitter:label1\" content=\"Est. reading time\" \/>\n\t<meta name=\"twitter:data1\" content=\"6 minutes\" \/>\n<script type=\"application\/ld+json\" class=\"yoast-schema-graph\">{\"@context\":\"https:\/\/schema.org\",\"@graph\":[{\"@type\":\"WebPage\",\"@id\":\"https:\/\/www.lotussurrogacy.com\/de\/intended-parents\/questions-and-answers\/\",\"url\":\"https:\/\/www.lotussurrogacy.com\/de\/intended-parents\/questions-and-answers\/\",\"name\":\"F&#038;A - Lotus Surrogacy - Leihmutterschaftsagentur - Deutschland\",\"isPartOf\":{\"@id\":\"https:\/\/www.lotussurrogacy.com\/de\/#website\"},\"primaryImageOfPage\":{\"@id\":\"https:\/\/www.lotussurrogacy.com\/de\/intended-parents\/questions-and-answers\/#primaryimage\"},\"image\":{\"@id\":\"https:\/\/www.lotussurrogacy.com\/de\/intended-parents\/questions-and-answers\/#primaryimage\"},\"thumbnailUrl\":\"https:\/\/www.lotussurrogacy.com\/de\/wp-content\/uploads\/2020\/07\/ivf.jpg\",\"datePublished\":\"2020-07-27T08:15:15+00:00\",\"dateModified\":\"2020-10-21T14:14:23+00:00\",\"breadcrumb\":{\"@id\":\"https:\/\/www.lotussurrogacy.com\/de\/intended-parents\/questions-and-answers\/#breadcrumb\"},\"inLanguage\":\"de-DE\",\"potentialAction\":[{\"@type\":\"ReadAction\",\"target\":[\"https:\/\/www.lotussurrogacy.com\/de\/intended-parents\/questions-and-answers\/\"]}]},{\"@type\":\"ImageObject\",\"inLanguage\":\"de-DE\",\"@id\":\"https:\/\/www.lotussurrogacy.com\/de\/intended-parents\/questions-and-answers\/#primaryimage\",\"url\":\"https:\/\/www.lotussurrogacy.com\/de\/wp-content\/uploads\/2020\/07\/ivf.jpg\",\"contentUrl\":\"https:\/\/www.lotussurrogacy.com\/de\/wp-content\/uploads\/2020\/07\/ivf.jpg\",\"width\":1000,\"height\":667},{\"@type\":\"BreadcrumbList\",\"@id\":\"https:\/\/www.lotussurrogacy.com\/de\/intended-parents\/questions-and-answers\/#breadcrumb\",\"itemListElement\":[{\"@type\":\"ListItem\",\"position\":1,\"name\":\"Home\",\"item\":\"https:\/\/www.lotussurrogacy.com\/de\/\"},{\"@type\":\"ListItem\",\"position\":2,\"name\":\"Beabsichtigte Eltern\",\"item\":\"https:\/\/www.lotussurrogacy.com\/de\/intended-parents\/\"},{\"@type\":\"ListItem\",\"position\":3,\"name\":\"F&#038;A\"}]},{\"@type\":\"WebSite\",\"@id\":\"https:\/\/www.lotussurrogacy.com\/de\/#website\",\"url\":\"https:\/\/www.lotussurrogacy.com\/de\/\",\"name\":\"Lotus Surrogacy - Leihmutterschaftsagentur - Deutschland\",\"description\":\"Leihmutterschaft in der Ukraine\",\"publisher\":{\"@id\":\"https:\/\/www.lotussurrogacy.com\/de\/#organization\"},\"potentialAction\":[{\"@type\":\"SearchAction\",\"target\":{\"@type\":\"EntryPoint\",\"urlTemplate\":\"https:\/\/www.lotussurrogacy.com\/de\/?s={search_term_string}\"},\"query-input\":{\"@type\":\"PropertyValueSpecification\",\"valueRequired\":true,\"valueName\":\"search_term_string\"}}],\"inLanguage\":\"de-DE\"},{\"@type\":[\"Organization\",\"Place\",\"Corporation\"],\"@id\":\"https:\/\/www.lotussurrogacy.com\/de\/#organization\",\"name\":\"Lotus Surrogacy\",\"url\":\"https:\/\/www.lotussurrogacy.com\/de\/\",\"logo\":{\"@id\":\"https:\/\/www.lotussurrogacy.com\/de\/intended-parents\/questions-and-answers\/#local-main-organization-logo\"},\"image\":{\"@id\":\"https:\/\/www.lotussurrogacy.com\/de\/intended-parents\/questions-and-answers\/#local-main-organization-logo\"},\"sameAs\":[\"https:\/\/www.facebook.com\/lotusukraine\/\"],\"address\":{\"@id\":\"https:\/\/www.lotussurrogacy.com\/de\/intended-parents\/questions-and-answers\/#local-main-place-address\"},\"geo\":{\"@type\":\"GeoCoordinates\",\"latitude\":\"50.44137\",\"longitude\":\"30.5229\"},\"telephone\":[\"+1-978-438-6105\"],\"openingHoursSpecification\":[],\"email\":\"info@lotusukraine.com\"},{\"@type\":\"PostalAddress\",\"@id\":\"https:\/\/www.lotussurrogacy.com\/de\/intended-parents\/questions-and-answers\/#local-main-place-address\",\"streetAddress\":\"Basseina 5A\",\"addressLocality\":\"Kyiv\",\"postalCode\":\"01004\",\"addressCountry\":\"UA\"},{\"@type\":\"ImageObject\",\"inLanguage\":\"de-DE\",\"@id\":\"https:\/\/www.lotussurrogacy.com\/de\/intended-parents\/questions-and-answers\/#local-main-organization-logo\",\"url\":\"https:\/\/www.lotussurrogacy.com\/de\/wp-content\/uploads\/2020\/07\/Logo-795.png\",\"contentUrl\":\"https:\/\/www.lotussurrogacy.com\/de\/wp-content\/uploads\/2020\/07\/Logo-795.png\",\"width\":795,\"height\":130,\"caption\":\"Lotus Surrogacy\"}]}<\/script>\n<meta name=\"geo.placename\" content=\"Kyiv\" \/>\n<meta name=\"geo.position\" content=\"50.44137;30.5229\" \/>\n<meta name=\"geo.region\" content=\"Ukraine\" \/>\n<!-- \/ Yoast SEO Premium plugin. -->","yoast_head_json":{"title":"F&#038;A - Lotus Surrogacy - Leihmutterschaftsagentur - Deutschland","robots":{"index":"index","follow":"follow","max-snippet":"max-snippet:-1","max-image-preview":"max-image-preview:large","max-video-preview":"max-video-preview:-1"},"canonical":"https:\/\/www.lotussurrogacy.com\/de\/intended-parents\/questions-and-answers\/","og_locale":"de_DE","og_type":"article","og_title":"F&#038;A","og_description":"Was sind die Vorteile einer Leihmutterschaft in der Ukraine? 1Eine relativ kurze Wartezeit (falls vorhanden), um Sie mit einer Leihmutter...","og_url":"https:\/\/www.lotussurrogacy.com\/de\/intended-parents\/questions-and-answers\/","og_site_name":"Lotus Surrogacy - Leihmutterschaftsagentur - Deutschland","article_publisher":"https:\/\/www.facebook.com\/lotusukraine\/","article_modified_time":"2020-10-21T14:14:23+00:00","og_image":[{"width":1000,"height":667,"url":"https:\/\/www.lotussurrogacy.com\/de\/wp-content\/uploads\/2020\/07\/ivf.jpg","type":"image\/jpeg"}],"twitter_card":"summary_large_image","twitter_misc":{"Est. reading time":"6 minutes"},"schema":{"@context":"https:\/\/schema.org","@graph":[{"@type":"WebPage","@id":"https:\/\/www.lotussurrogacy.com\/de\/intended-parents\/questions-and-answers\/","url":"https:\/\/www.lotussurrogacy.com\/de\/intended-parents\/questions-and-answers\/","name":"F&#038;A - Lotus Surrogacy - Leihmutterschaftsagentur - Deutschland","isPartOf":{"@id":"https:\/\/www.lotussurrogacy.com\/de\/#website"},"primaryImageOfPage":{"@id":"https:\/\/www.lotussurrogacy.com\/de\/intended-parents\/questions-and-answers\/#primaryimage"},"image":{"@id":"https:\/\/www.lotussurrogacy.com\/de\/intended-parents\/questions-and-answers\/#primaryimage"},"thumbnailUrl":"https:\/\/www.lotussurrogacy.com\/de\/wp-content\/uploads\/2020\/07\/ivf.jpg","datePublished":"2020-07-27T08:15:15+00:00","dateModified":"2020-10-21T14:14:23+00:00","breadcrumb":{"@id":"https:\/\/www.lotussurrogacy.com\/de\/intended-parents\/questions-and-answers\/#breadcrumb"},"inLanguage":"de-DE","potentialAction":[{"@type":"ReadAction","target":["https:\/\/www.lotussurrogacy.com\/de\/intended-parents\/questions-and-answers\/"]}]},{"@type":"ImageObject","inLanguage":"de-DE","@id":"https:\/\/www.lotussurrogacy.com\/de\/intended-parents\/questions-and-answers\/#primaryimage","url":"https:\/\/www.lotussurrogacy.com\/de\/wp-content\/uploads\/2020\/07\/ivf.jpg","contentUrl":"https:\/\/www.lotussurrogacy.com\/de\/wp-content\/uploads\/2020\/07\/ivf.jpg","width":1000,"height":667},{"@type":"BreadcrumbList","@id":"https:\/\/www.lotussurrogacy.com\/de\/intended-parents\/questions-and-answers\/#breadcrumb","itemListElement":[{"@type":"ListItem","position":1,"name":"Home","item":"https:\/\/www.lotussurrogacy.com\/de\/"},{"@type":"ListItem","position":2,"name":"Beabsichtigte Eltern","item":"https:\/\/www.lotussurrogacy.com\/de\/intended-parents\/"},{"@type":"ListItem","position":3,"name":"F&#038;A"}]},{"@type":"WebSite","@id":"https:\/\/www.lotussurrogacy.com\/de\/#website","url":"https:\/\/www.lotussurrogacy.com\/de\/","name":"Lotus Surrogacy - Leihmutterschaftsagentur - Deutschland","description":"Leihmutterschaft in der Ukraine","publisher":{"@id":"https:\/\/www.lotussurrogacy.com\/de\/#organization"},"potentialAction":[{"@type":"SearchAction","target":{"@type":"EntryPoint","urlTemplate":"https:\/\/www.lotussurrogacy.com\/de\/?s={search_term_string}"},"query-input":{"@type":"PropertyValueSpecification","valueRequired":true,"valueName":"search_term_string"}}],"inLanguage":"de-DE"},{"@type":["Organization","Place","Corporation"],"@id":"https:\/\/www.lotussurrogacy.com\/de\/#organization","name":"Lotus Surrogacy","url":"https:\/\/www.lotussurrogacy.com\/de\/","logo":{"@id":"https:\/\/www.lotussurrogacy.com\/de\/intended-parents\/questions-and-answers\/#local-main-organization-logo"},"image":{"@id":"https:\/\/www.lotussurrogacy.com\/de\/intended-parents\/questions-and-answers\/#local-main-organization-logo"},"sameAs":["https:\/\/www.facebook.com\/lotusukraine\/"],"address":{"@id":"https:\/\/www.lotussurrogacy.com\/de\/intended-parents\/questions-and-answers\/#local-main-place-address"},"geo":{"@type":"GeoCoordinates","latitude":"50.44137","longitude":"30.5229"},"telephone":["+1-978-438-6105"],"openingHoursSpecification":[],"email":"info@lotusukraine.com"},{"@type":"PostalAddress","@id":"https:\/\/www.lotussurrogacy.com\/de\/intended-parents\/questions-and-answers\/#local-main-place-address","streetAddress":"Basseina 5A","addressLocality":"Kyiv","postalCode":"01004","addressCountry":"UA"},{"@type":"ImageObject","inLanguage":"de-DE","@id":"https:\/\/www.lotussurrogacy.com\/de\/intended-parents\/questions-and-answers\/#local-main-organization-logo","url":"https:\/\/www.lotussurrogacy.com\/de\/wp-content\/uploads\/2020\/07\/Logo-795.png","contentUrl":"https:\/\/www.lotussurrogacy.com\/de\/wp-content\/uploads\/2020\/07\/Logo-795.png","width":795,"height":130,"caption":"Lotus Surrogacy"}]},"geo.placename":"Kyiv","geo.position":{"lat":"50.44137","long":"30.5229"},"geo.region":"Ukraine"},"_links":{"self":[{"href":"https:\/\/www.lotussurrogacy.com\/de\/wp-json\/wp\/v2\/pages\/25233","targetHints":{"allow":["GET"]}}],"collection":[{"href":"https:\/\/www.lotussurrogacy.com\/de\/wp-json\/wp\/v2\/pages"}],"about":[{"href":"https:\/\/www.lotussurrogacy.com\/de\/wp-json\/wp\/v2\/types\/page"}],"author":[{"embeddable":true,"href":"https:\/\/www.lotussurrogacy.com\/de\/wp-json\/wp\/v2\/users\/1"}],"replies":[{"embeddable":true,"href":"https:\/\/www.lotussurrogacy.com\/de\/wp-json\/wp\/v2\/comments?post=25233"}],"version-history":[{"count":5,"href":"https:\/\/www.lotussurrogacy.com\/de\/wp-json\/wp\/v2\/pages\/25233\/revisions"}],"predecessor-version":[{"id":27803,"href":"https:\/\/www.lotussurrogacy.com\/de\/wp-json\/wp\/v2\/pages\/25233\/revisions\/27803"}],"up":[{"embeddable":true,"href":"https:\/\/www.lotussurrogacy.com\/de\/wp-json\/wp\/v2\/pages\/25220"}],"wp:featuredmedia":[{"embeddable":true,"href":"https:\/\/www.lotussurrogacy.com\/de\/wp-json\/wp\/v2\/media\/25535"}],"wp:attachment":[{"href":"https:\/\/www.lotussurrogacy.com\/de\/wp-json\/wp\/v2\/media?parent=25233"}],"curies":[{"name":"wp","href":"https:\/\/api.w.org\/{rel}","templated":true}]}}