{"id":25238,"date":"2020-07-27T08:22:08","date_gmt":"2020-07-27T08:22:08","guid":{"rendered":"https:\/\/www.lotussurrogacy.com\/de\/?page_id=25238"},"modified":"2020-10-21T17:53:57","modified_gmt":"2020-10-21T14:53:57","slug":"egg-donation","status":"publish","type":"page","link":"https:\/\/www.lotussurrogacy.com\/de\/our-services\/egg-donation\/","title":{"rendered":"Eizellenspende"},"content":{"rendered":"<p style=\"\">IVF mit Eizellspende in der Ukraine ist die beste und kosteng\u00fcnstigste L\u00f6sung f\u00fcr Ausl\u00e4nder, die eine qualitativ hochwertige IVF- und Eizellenspende im Ausland suchen. Lotus hat hohe Erfolgsquoten und w\u00fcrde gerne dazu beitragen, dass Ihr Traum von einer Familie wahr wird.<\/p>\n<p>Die Suche nach einem Eizellenspender ist eine der wichtigsten Entscheidungen, wenn Sie sich an IVF im Ausland wenden. Ein guter Spender erh\u00f6ht Ihre Erfolgsquote und kann die Chancen auf eine Schwangerschaft beim ersten Versuch verbessern.Alle Lotus-Spender werden nach gr\u00fcndlichen medizinischen Untersuchungen ausgew\u00e4hlt. Lotus liefert die Ergebnisse aller medizinischen Untersuchungen, einschlie\u00dflich Blutuntersuchungen, Tests auf Infektionskrankheiten, Ultraschall, Hormon- und Gentests, vor der Spende.Spender sind ukrainische Frauen zwischen 20 und 33 Jahren, sind fruchtbar, haben mindestens ein eigenes Kind, sind attraktiv und intelligent.Lotus verf\u00fcgt \u00fcber eine gro\u00dfe Datenbank erfolgreicher Eizellspender und rekrutiert jeden Monat neue Spender. Die Eltern erhalten die vollst\u00e4ndige Krankengeschichte eines Spenders, die Geburtsgeschichte und die vorherigen Ergebnisse der Eizellspende (falls relevant).<\/p>\n<p style=\"\"><strong>Warum sollten Sie Lotus f\u00fcr Ihr Spenderprogramm w\u00e4hlen:<\/strong><\/p>\n<ul>\n<li><span style=\"\">Kliniken und Krankenh\u00e4user von h\u00f6chster Qualit\u00e4t<\/span><\/li>\n<li><span style=\"\">F\u00fcrsorgliche Mitarbeiter und Partner<\/span><\/li>\n<li><span style=\"\">Zuverl\u00e4ssigkeit und Vertrauensw\u00fcrdigkeit<\/span><\/li>\n<li><span style=\"\">Pers\u00f6nliches Matching von Spendern<\/span><\/li>\n<li><span style=\"\">Keine Wartezeiten f\u00fcr einen Spender<\/span><\/li>\n<li><span style=\"\">Schneller Kundenservice<\/span><\/li>\n<li><span style=\"\">Positive Empfehlungen der Eltern<\/span><\/li>\n<li><span style=\"\">Garantiert 2 5-Tage-Embryonen f\u00fcr den Transfer<\/span><\/li>\n<\/ul>\n<p><span><img alt=\"Zufriedenheit Garantiert\" data-id=\"27820\" width=\"200\" data-init-width=\"500\" height=\"200\" data-init-height=\"500\" title=\"Zufriedenheit Garantiert\" data-tgpli-src=\"https:\/\/www.lotussurrogacy.com\/de\/wp-content\/uploads\/2020\/07\/seal-de.png\" data-width=\"200\" data-height=\"200\" style=\"\" data-tgpli-inited=\"\" id=\"tgpli-5f29d01598276\" src=\"https:\/\/www.lotussurrogacy.com\/de\/wp-content\/uploads\/2020\/07\/seal-de.png\" loading=\"lazy\">[tcb-script]window.tgpQueue.add(&#8216;tgpli-5f29d01598276&#8217;)[\/tcb-script][tcb-noscript]<img alt=\"\" data-id=\"25645\" width=\"200\" data-init-width=\"500\" height=\"200\" data-init-height=\"500\" title=\"\" loading=\"lazy\" data-tgpli-src=\"https:\/\/www.lotussurrogacy.com\/de\/wp-content\/uploads\/2020\/07\/seal-de.png\" data-width=\"200\" data-height=\"200\" style=\"\" data-tgpli-inited=\"\" id=\"tgpli-5f29d01598276\" src=\"https:\/\/www.lotussurrogacy.com\/de\/wp-content\/uploads\/2020\/07\/seal-de.png\">[\/tcb-noscript][tcb-script]window.tgpQueue.add(&#8216;tgpli-5f29d01598276&#8217;)[\/tcb-script][tcb-noscript]<img alt=\"\" data-id=\"25645\" width=\"200\" data-init-width=\"500\" height=\"200\" data-init-height=\"500\" title=\"seal\" loading=\"lazy\" data-tgpli-src=\"https:\/\/www.lotussurrogacy.com\/de\/wp-content\/uploads\/2020\/07\/seal-de.png\" data-width=\"200\" data-height=\"200\" style=\"\" data-tgpli-inited=\"\" id=\"tgpli-5f29d01598276\" data-tgpli-image-inited=\"\"><img alt=\"\" data-id=\"25645\" width=\"200\" data-init-width=\"500\" height=\"200\" data-init-height=\"500\" title=\"seal\" loading=\"lazy\" data-tgpli-src=\"https:\/\/www.lotussurrogacy.com\/de\/wp-content\/uploads\/2020\/07\/seal-de.png\" data-width=\"200\" data-height=\"200\" style=\"\" data-tgpli-inited=\"\" id=\"tgpli-5f29d01598276\" src=\"https:\/\/www.lotussurrogacy.com\/de\/wp-content\/uploads\/2020\/07\/seal-de.png\">[\/tcb-noscript][tcb-script]window.tgpQueue.add(&#8216;tgpli-5f29d01598276&#8217;)[\/tcb-script][tcb-noscript]<img alt=\"\" data-id=\"25645\" width=\"200\" data-init-width=\"500\" height=\"200\" data-init-height=\"500\" title=\"seal\" loading=\"lazy\" data-tgpli-src=\"https:\/\/www.lotussurrogacy.com\/de\/wp-content\/uploads\/2020\/07\/seal-de.png\" data-width=\"200\" data-height=\"200\" style=\"\" data-tgpli-inited=\"\" id=\"tgpli-5f2fe75a234ed\" src=\"https:\/\/www.lotussurrogacy.com\/de\/wp-content\/uploads\/2020\/07\/seal-de.png\"><img alt=\"\" data-id=\"25645\" width=\"200\" data-init-width=\"500\" height=\"200\" data-init-height=\"500\" title=\"seal\" loading=\"lazy\" data-tgpli-src=\"https:\/\/www.lotussurrogacy.com\/de\/wp-content\/uploads\/2020\/07\/seal-de.png\" data-width=\"200\" data-height=\"200\" style=\"\" data-tgpli-inited data-tgpli-image-inited id=\"tgpli-5f9049eca2bf0\" ><img alt=\"\" data-id=\"25645\" width=\"200\" data-init-width=\"500\" height=\"200\" data-init-height=\"500\" title=\"seal\" loading=\"lazy\" src=\"https:\/\/www.lotussurrogacy.com\/de\/wp-content\/uploads\/2020\/07\/seal-de.png\" data-width=\"200\" data-height=\"200\" style=\"\">[\/tcb-noscript]<\/span><span><img alt=\"\" data-id=\"25646\" width=\"363\" data-init-width=\"2048\" height=\"254\" data-init-height=\"1434\" title=\"\" data-tgpli-src=\"https:\/\/www.lotussurrogacy.com\/de\/wp-content\/uploads\/2020\/07\/iStock-500800450.jpg\" data-width=\"363\" data-height=\"254\" data-tgpli-inited=\"\" id=\"tgpli-5f29d01598282\" src=\"https:\/\/www.lotussurrogacy.com\/de\/wp-content\/uploads\/2020\/07\/iStock-500800450.jpg\" loading=\"lazy\">[tcb-script]window.tgpQueue.add(&#8216;tgpli-5f29d01598282&#8217;)[\/tcb-script][tcb-noscript]<img alt=\"\" data-id=\"25646\" width=\"363\" data-init-width=\"2048\" height=\"254\" data-init-height=\"1434\" title=\"\" loading=\"lazy\" data-tgpli-src=\"https:\/\/www.lotussurrogacy.com\/de\/wp-content\/uploads\/2020\/07\/iStock-500800450.jpg\" data-width=\"363\" data-height=\"254\" data-tgpli-inited=\"\" id=\"tgpli-5f29d01598282\" src=\"https:\/\/www.lotussurrogacy.com\/de\/wp-content\/uploads\/2020\/07\/iStock-500800450.jpg\">[\/tcb-noscript][tcb-script]window.tgpQueue.add(&#8216;tgpli-5f29d01598282&#8217;)[\/tcb-script][tcb-noscript]<img alt=\"\" data-id=\"25646\" width=\"363\" data-init-width=\"2048\" height=\"254\" data-init-height=\"1434\" title=\"\" loading=\"lazy\" data-tgpli-src=\"https:\/\/www.lotussurrogacy.com\/de\/wp-content\/uploads\/2020\/07\/iStock-500800450.jpg\" data-width=\"363\" data-height=\"254\" data-tgpli-inited=\"\" id=\"tgpli-5f29d01598282\" data-tgpli-image-inited=\"\"><img alt=\"\" data-id=\"25646\" width=\"363\" data-init-width=\"2048\" height=\"254\" data-init-height=\"1434\" title=\"\" loading=\"lazy\" data-tgpli-src=\"https:\/\/www.lotussurrogacy.com\/de\/wp-content\/uploads\/2020\/07\/iStock-500800450.jpg\" data-width=\"363\" data-height=\"254\" data-tgpli-inited=\"\" id=\"tgpli-5f29d01598282\" src=\"https:\/\/www.lotussurrogacy.com\/de\/wp-content\/uploads\/2020\/07\/iStock-500800450.jpg\">[\/tcb-noscript][tcb-script]window.tgpQueue.add(&#8216;tgpli-5f29d01598282&#8217;)[\/tcb-script][tcb-noscript]<img alt=\"\" data-id=\"25646\" width=\"363\" data-init-width=\"2048\" height=\"254\" data-init-height=\"1434\" title=\"\" loading=\"lazy\" data-tgpli-src=\"https:\/\/www.lotussurrogacy.com\/de\/wp-content\/uploads\/2020\/07\/iStock-500800450.jpg\" data-width=\"363\" data-height=\"254\" data-tgpli-inited=\"\" id=\"tgpli-5f2fe75a2350e\" src=\"https:\/\/www.lotussurrogacy.com\/de\/wp-content\/uploads\/2020\/07\/iStock-500800450.jpg\"><img alt=\"\" data-id=\"25646\" width=\"363\" data-init-width=\"2048\" height=\"254\" data-init-height=\"1434\" title=\"\" loading=\"lazy\" data-tgpli-src=\"https:\/\/www.lotussurrogacy.com\/de\/wp-content\/uploads\/2020\/07\/iStock-500800450.jpg\" data-width=\"363\" data-height=\"254\" data-tgpli-inited data-tgpli-image-inited id=\"tgpli-5f9049eca2c08\" ><img alt=\"\" data-id=\"25646\" width=\"363\" data-init-width=\"2048\" height=\"254\" data-init-height=\"1434\" title=\"\" loading=\"lazy\" src=\"https:\/\/www.lotussurrogacy.com\/de\/wp-content\/uploads\/2020\/07\/iStock-500800450.jpg\" data-width=\"363\" data-height=\"254\">[\/tcb-noscript]<\/span><\/p>\n","protected":false},"excerpt":{"rendered":"<p>IVF mit Eizellspende in der Ukraine ist die beste und kosteng\u00fcnstigste L\u00f6sung f\u00fcr Ausl\u00e4nder, die eine qualitativ hochwertige IVF- und&#8230;<\/p>\n","protected":false},"author":1,"featured_media":25646,"parent":25236,"menu_order":25,"comment_status":"closed","ping_status":"closed","template":"","meta":{"pgc_sgb_lightbox_settings":"","footnotes":""},"class_list":["post-25238","page","type-page","status-publish","has-post-thumbnail"],"yoast_head":"<!-- This site is optimized with the Yoast SEO Premium plugin v27.2 (Yoast SEO v27.2) - https:\/\/yoast.com\/product\/yoast-seo-premium-wordpress\/ -->\n<title>Eizellenspende - Lotus Surrogacy - Leihmutterschaftsagentur - Deutschland<\/title>\n<meta name=\"robots\" content=\"index, follow, max-snippet:-1, max-image-preview:large, max-video-preview:-1\" \/>\n<link rel=\"canonical\" href=\"https:\/\/www.lotussurrogacy.com\/de\/our-services\/egg-donation\/\" \/>\n<meta property=\"og:locale\" content=\"de_DE\" \/>\n<meta property=\"og:type\" content=\"article\" \/>\n<meta property=\"og:title\" content=\"Eizellenspende\" \/>\n<meta property=\"og:description\" content=\"IVF mit Eizellspende in der Ukraine ist die beste und kosteng\u00fcnstigste L\u00f6sung f\u00fcr Ausl\u00e4nder, die eine qualitativ hochwertige IVF- und...\" \/>\n<meta property=\"og:url\" content=\"https:\/\/www.lotussurrogacy.com\/de\/our-services\/egg-donation\/\" \/>\n<meta property=\"og:site_name\" content=\"Lotus Surrogacy - Leihmutterschaftsagentur - Deutschland\" \/>\n<meta property=\"article:publisher\" content=\"https:\/\/www.facebook.com\/lotusukraine\/\" \/>\n<meta property=\"article:modified_time\" content=\"2020-10-21T14:53:57+00:00\" \/>\n<meta property=\"og:image\" content=\"https:\/\/www.lotussurrogacy.com\/de\/wp-content\/uploads\/2020\/07\/iStock-500800450.jpg\" \/>\n\t<meta property=\"og:image:width\" content=\"2048\" \/>\n\t<meta property=\"og:image:height\" content=\"1434\" \/>\n\t<meta property=\"og:image:type\" content=\"image\/jpeg\" \/>\n<meta name=\"twitter:card\" content=\"summary_large_image\" \/>\n<meta name=\"twitter:label1\" content=\"Est. reading time\" \/>\n\t<meta name=\"twitter:data1\" content=\"1 minute\" \/>\n<script type=\"application\/ld+json\" class=\"yoast-schema-graph\">{\"@context\":\"https:\/\/schema.org\",\"@graph\":[{\"@type\":\"WebPage\",\"@id\":\"https:\/\/www.lotussurrogacy.com\/de\/our-services\/egg-donation\/\",\"url\":\"https:\/\/www.lotussurrogacy.com\/de\/our-services\/egg-donation\/\",\"name\":\"Eizellenspende - Lotus Surrogacy - Leihmutterschaftsagentur - Deutschland\",\"isPartOf\":{\"@id\":\"https:\/\/www.lotussurrogacy.com\/de\/#website\"},\"primaryImageOfPage\":{\"@id\":\"https:\/\/www.lotussurrogacy.com\/de\/our-services\/egg-donation\/#primaryimage\"},\"image\":{\"@id\":\"https:\/\/www.lotussurrogacy.com\/de\/our-services\/egg-donation\/#primaryimage\"},\"thumbnailUrl\":\"https:\/\/www.lotussurrogacy.com\/de\/wp-content\/uploads\/2020\/07\/iStock-500800450.jpg\",\"datePublished\":\"2020-07-27T08:22:08+00:00\",\"dateModified\":\"2020-10-21T14:53:57+00:00\",\"breadcrumb\":{\"@id\":\"https:\/\/www.lotussurrogacy.com\/de\/our-services\/egg-donation\/#breadcrumb\"},\"inLanguage\":\"de-DE\",\"potentialAction\":[{\"@type\":\"ReadAction\",\"target\":[\"https:\/\/www.lotussurrogacy.com\/de\/our-services\/egg-donation\/\"]}]},{\"@type\":\"ImageObject\",\"inLanguage\":\"de-DE\",\"@id\":\"https:\/\/www.lotussurrogacy.com\/de\/our-services\/egg-donation\/#primaryimage\",\"url\":\"https:\/\/www.lotussurrogacy.com\/de\/wp-content\/uploads\/2020\/07\/iStock-500800450.jpg\",\"contentUrl\":\"https:\/\/www.lotussurrogacy.com\/de\/wp-content\/uploads\/2020\/07\/iStock-500800450.jpg\",\"width\":2048,\"height\":1434},{\"@type\":\"BreadcrumbList\",\"@id\":\"https:\/\/www.lotussurrogacy.com\/de\/our-services\/egg-donation\/#breadcrumb\",\"itemListElement\":[{\"@type\":\"ListItem\",\"position\":1,\"name\":\"Home\",\"item\":\"https:\/\/www.lotussurrogacy.com\/de\/\"},{\"@type\":\"ListItem\",\"position\":2,\"name\":\"Unsere Dienstleistungen\",\"item\":\"https:\/\/www.lotussurrogacy.com\/de\/our-services\/\"},{\"@type\":\"ListItem\",\"position\":3,\"name\":\"Eizellenspende\"}]},{\"@type\":\"WebSite\",\"@id\":\"https:\/\/www.lotussurrogacy.com\/de\/#website\",\"url\":\"https:\/\/www.lotussurrogacy.com\/de\/\",\"name\":\"Lotus Surrogacy - Leihmutterschaftsagentur - Deutschland\",\"description\":\"Leihmutterschaft in der Ukraine\",\"publisher\":{\"@id\":\"https:\/\/www.lotussurrogacy.com\/de\/#organization\"},\"potentialAction\":[{\"@type\":\"SearchAction\",\"target\":{\"@type\":\"EntryPoint\",\"urlTemplate\":\"https:\/\/www.lotussurrogacy.com\/de\/?s={search_term_string}\"},\"query-input\":{\"@type\":\"PropertyValueSpecification\",\"valueRequired\":true,\"valueName\":\"search_term_string\"}}],\"inLanguage\":\"de-DE\"},{\"@type\":[\"Organization\",\"Place\",\"Corporation\"],\"@id\":\"https:\/\/www.lotussurrogacy.com\/de\/#organization\",\"name\":\"Lotus Surrogacy\",\"url\":\"https:\/\/www.lotussurrogacy.com\/de\/\",\"logo\":{\"@id\":\"https:\/\/www.lotussurrogacy.com\/de\/our-services\/egg-donation\/#local-main-organization-logo\"},\"image\":{\"@id\":\"https:\/\/www.lotussurrogacy.com\/de\/our-services\/egg-donation\/#local-main-organization-logo\"},\"sameAs\":[\"https:\/\/www.facebook.com\/lotusukraine\/\"],\"address\":{\"@id\":\"https:\/\/www.lotussurrogacy.com\/de\/our-services\/egg-donation\/#local-main-place-address\"},\"geo\":{\"@type\":\"GeoCoordinates\",\"latitude\":\"50.44137\",\"longitude\":\"30.5229\"},\"telephone\":[\"+1-978-438-6105\"],\"openingHoursSpecification\":[],\"email\":\"info@lotusukraine.com\"},{\"@type\":\"PostalAddress\",\"@id\":\"https:\/\/www.lotussurrogacy.com\/de\/our-services\/egg-donation\/#local-main-place-address\",\"streetAddress\":\"Basseina 5A\",\"addressLocality\":\"Kyiv\",\"postalCode\":\"01004\",\"addressCountry\":\"UA\"},{\"@type\":\"ImageObject\",\"inLanguage\":\"de-DE\",\"@id\":\"https:\/\/www.lotussurrogacy.com\/de\/our-services\/egg-donation\/#local-main-organization-logo\",\"url\":\"https:\/\/www.lotussurrogacy.com\/de\/wp-content\/uploads\/2020\/07\/Logo-795.png\",\"contentUrl\":\"https:\/\/www.lotussurrogacy.com\/de\/wp-content\/uploads\/2020\/07\/Logo-795.png\",\"width\":795,\"height\":130,\"caption\":\"Lotus Surrogacy\"}]}<\/script>\n<meta name=\"geo.placename\" content=\"Kyiv\" \/>\n<meta name=\"geo.position\" content=\"50.44137;30.5229\" \/>\n<meta name=\"geo.region\" content=\"Ukraine\" \/>\n<!-- \/ Yoast SEO Premium plugin. -->","yoast_head_json":{"title":"Eizellenspende - Lotus Surrogacy - Leihmutterschaftsagentur - Deutschland","robots":{"index":"index","follow":"follow","max-snippet":"max-snippet:-1","max-image-preview":"max-image-preview:large","max-video-preview":"max-video-preview:-1"},"canonical":"https:\/\/www.lotussurrogacy.com\/de\/our-services\/egg-donation\/","og_locale":"de_DE","og_type":"article","og_title":"Eizellenspende","og_description":"IVF mit Eizellspende in der Ukraine ist die beste und kosteng\u00fcnstigste L\u00f6sung f\u00fcr Ausl\u00e4nder, die eine qualitativ hochwertige IVF- und...","og_url":"https:\/\/www.lotussurrogacy.com\/de\/our-services\/egg-donation\/","og_site_name":"Lotus Surrogacy - Leihmutterschaftsagentur - Deutschland","article_publisher":"https:\/\/www.facebook.com\/lotusukraine\/","article_modified_time":"2020-10-21T14:53:57+00:00","og_image":[{"width":2048,"height":1434,"url":"https:\/\/www.lotussurrogacy.com\/de\/wp-content\/uploads\/2020\/07\/iStock-500800450.jpg","type":"image\/jpeg"}],"twitter_card":"summary_large_image","twitter_misc":{"Est. reading time":"1 minute"},"schema":{"@context":"https:\/\/schema.org","@graph":[{"@type":"WebPage","@id":"https:\/\/www.lotussurrogacy.com\/de\/our-services\/egg-donation\/","url":"https:\/\/www.lotussurrogacy.com\/de\/our-services\/egg-donation\/","name":"Eizellenspende - Lotus Surrogacy - Leihmutterschaftsagentur - Deutschland","isPartOf":{"@id":"https:\/\/www.lotussurrogacy.com\/de\/#website"},"primaryImageOfPage":{"@id":"https:\/\/www.lotussurrogacy.com\/de\/our-services\/egg-donation\/#primaryimage"},"image":{"@id":"https:\/\/www.lotussurrogacy.com\/de\/our-services\/egg-donation\/#primaryimage"},"thumbnailUrl":"https:\/\/www.lotussurrogacy.com\/de\/wp-content\/uploads\/2020\/07\/iStock-500800450.jpg","datePublished":"2020-07-27T08:22:08+00:00","dateModified":"2020-10-21T14:53:57+00:00","breadcrumb":{"@id":"https:\/\/www.lotussurrogacy.com\/de\/our-services\/egg-donation\/#breadcrumb"},"inLanguage":"de-DE","potentialAction":[{"@type":"ReadAction","target":["https:\/\/www.lotussurrogacy.com\/de\/our-services\/egg-donation\/"]}]},{"@type":"ImageObject","inLanguage":"de-DE","@id":"https:\/\/www.lotussurrogacy.com\/de\/our-services\/egg-donation\/#primaryimage","url":"https:\/\/www.lotussurrogacy.com\/de\/wp-content\/uploads\/2020\/07\/iStock-500800450.jpg","contentUrl":"https:\/\/www.lotussurrogacy.com\/de\/wp-content\/uploads\/2020\/07\/iStock-500800450.jpg","width":2048,"height":1434},{"@type":"BreadcrumbList","@id":"https:\/\/www.lotussurrogacy.com\/de\/our-services\/egg-donation\/#breadcrumb","itemListElement":[{"@type":"ListItem","position":1,"name":"Home","item":"https:\/\/www.lotussurrogacy.com\/de\/"},{"@type":"ListItem","position":2,"name":"Unsere Dienstleistungen","item":"https:\/\/www.lotussurrogacy.com\/de\/our-services\/"},{"@type":"ListItem","position":3,"name":"Eizellenspende"}]},{"@type":"WebSite","@id":"https:\/\/www.lotussurrogacy.com\/de\/#website","url":"https:\/\/www.lotussurrogacy.com\/de\/","name":"Lotus Surrogacy - Leihmutterschaftsagentur - Deutschland","description":"Leihmutterschaft in der Ukraine","publisher":{"@id":"https:\/\/www.lotussurrogacy.com\/de\/#organization"},"potentialAction":[{"@type":"SearchAction","target":{"@type":"EntryPoint","urlTemplate":"https:\/\/www.lotussurrogacy.com\/de\/?s={search_term_string}"},"query-input":{"@type":"PropertyValueSpecification","valueRequired":true,"valueName":"search_term_string"}}],"inLanguage":"de-DE"},{"@type":["Organization","Place","Corporation"],"@id":"https:\/\/www.lotussurrogacy.com\/de\/#organization","name":"Lotus Surrogacy","url":"https:\/\/www.lotussurrogacy.com\/de\/","logo":{"@id":"https:\/\/www.lotussurrogacy.com\/de\/our-services\/egg-donation\/#local-main-organization-logo"},"image":{"@id":"https:\/\/www.lotussurrogacy.com\/de\/our-services\/egg-donation\/#local-main-organization-logo"},"sameAs":["https:\/\/www.facebook.com\/lotusukraine\/"],"address":{"@id":"https:\/\/www.lotussurrogacy.com\/de\/our-services\/egg-donation\/#local-main-place-address"},"geo":{"@type":"GeoCoordinates","latitude":"50.44137","longitude":"30.5229"},"telephone":["+1-978-438-6105"],"openingHoursSpecification":[],"email":"info@lotusukraine.com"},{"@type":"PostalAddress","@id":"https:\/\/www.lotussurrogacy.com\/de\/our-services\/egg-donation\/#local-main-place-address","streetAddress":"Basseina 5A","addressLocality":"Kyiv","postalCode":"01004","addressCountry":"UA"},{"@type":"ImageObject","inLanguage":"de-DE","@id":"https:\/\/www.lotussurrogacy.com\/de\/our-services\/egg-donation\/#local-main-organization-logo","url":"https:\/\/www.lotussurrogacy.com\/de\/wp-content\/uploads\/2020\/07\/Logo-795.png","contentUrl":"https:\/\/www.lotussurrogacy.com\/de\/wp-content\/uploads\/2020\/07\/Logo-795.png","width":795,"height":130,"caption":"Lotus Surrogacy"}]},"geo.placename":"Kyiv","geo.position":{"lat":"50.44137","long":"30.5229"},"geo.region":"Ukraine"},"_links":{"self":[{"href":"https:\/\/www.lotussurrogacy.com\/de\/wp-json\/wp\/v2\/pages\/25238","targetHints":{"allow":["GET"]}}],"collection":[{"href":"https:\/\/www.lotussurrogacy.com\/de\/wp-json\/wp\/v2\/pages"}],"about":[{"href":"https:\/\/www.lotussurrogacy.com\/de\/wp-json\/wp\/v2\/types\/page"}],"author":[{"embeddable":true,"href":"https:\/\/www.lotussurrogacy.com\/de\/wp-json\/wp\/v2\/users\/1"}],"replies":[{"embeddable":true,"href":"https:\/\/www.lotussurrogacy.com\/de\/wp-json\/wp\/v2\/comments?post=25238"}],"version-history":[{"count":5,"href":"https:\/\/www.lotussurrogacy.com\/de\/wp-json\/wp\/v2\/pages\/25238\/revisions"}],"predecessor-version":[{"id":27822,"href":"https:\/\/www.lotussurrogacy.com\/de\/wp-json\/wp\/v2\/pages\/25238\/revisions\/27822"}],"up":[{"embeddable":true,"href":"https:\/\/www.lotussurrogacy.com\/de\/wp-json\/wp\/v2\/pages\/25236"}],"wp:featuredmedia":[{"embeddable":true,"href":"https:\/\/www.lotussurrogacy.com\/de\/wp-json\/wp\/v2\/media\/25646"}],"wp:attachment":[{"href":"https:\/\/www.lotussurrogacy.com\/de\/wp-json\/wp\/v2\/media?parent=25238"}],"curies":[{"name":"wp","href":"https:\/\/api.w.org\/{rel}","templated":true}]}}