{"id":25240,"date":"2020-07-27T08:23:50","date_gmt":"2020-07-27T08:23:50","guid":{"rendered":"https:\/\/www.lotussurrogacy.com\/de\/?page_id=25240"},"modified":"2020-10-21T18:40:06","modified_gmt":"2020-10-21T15:40:06","slug":"egg-donors","status":"publish","type":"page","link":"https:\/\/www.lotussurrogacy.com\/de\/our-services\/egg-donors\/","title":{"rendered":"Eizellspender"},"content":{"rendered":"<p style=\"\">Die Wahl eines Eizellspenders ist eine der wichtigsten Entscheidungen bei Leihmutterschaften im Ausland. Ein guter Spender erh\u00f6ht Ihre Erfolgsquote und kann die Chancen auf eine Schwangerschaft beim ersten Versuch verbessern.<\/p>\n<p>Alle Lotus-Spender werden erst nach gr\u00fcndlichen medizinischen Untersuchungen auf Sie abgestimmt. Lotus liefert die Ergebnisse aller medizinischen Untersuchungen, einschlie\u00dflich Blutuntersuchungen, Tests auf Infektionskrankheiten, Ultraschall, Hormon- und Gentests, vor der Spende.Wenn Sie Tr\u00e4ger einer genetischen Erkrankung sind, wird der Spender denselben Tests unterzogen, um sicherzustellen, dass keine zwei Tr\u00e4gerstatus vorliegen.Alle Lotus-Spender sind ukrainische Frauen zwischen 20 und 33 Jahren, fruchtbar, haben mindestens ein eigenes Kind, eine attraktive und intelligente Frau.<\/p>\n<p><strong>Wenn Sie m\u00f6chten, kann Lotus Sie auch mit einem indischen Eizellenspender zusammenbringen.<\/strong><\/p>\n<p>Lotus verf\u00fcgt \u00fcber eine gro\u00dfe Datenbank erfolgreicher Eizellspender und rekrutiert jeden Monat neue Spender. Sie erhalten die vollst\u00e4ndige Krankengeschichte eines Spenders, die Geburtsgeschichte und die vorherigen Ergebnisse der Eizellspende (falls relevant).<\/p>\n<p><span><img alt=\"\" data-id=\"25689\" width=\"363\" data-init-width=\"2560\" height=\"242\" data-init-height=\"1707\" title=\"\" data-tgpli-src=\"https:\/\/www.lotussurrogacy.com\/de\/wp-content\/uploads\/2020\/07\/person-holding-baby-s-feet-2456327-scaled.jpg\" data-width=\"363\" data-height=\"242\" style=\"\" loading=\"lazy\" data-tgpli-inited=\"\" id=\"tgpli-5f29d02c0d1b8\" src=\"https:\/\/www.lotussurrogacy.com\/de\/wp-content\/uploads\/2020\/07\/person-holding-baby-s-feet-2456327-scaled.jpg\"><img alt=\"\" data-id=\"25689\" width=\"363\" data-init-width=\"2560\" height=\"242\" data-init-height=\"1707\" title=\"\" data-tgpli-src=\"https:\/\/www.lotussurrogacy.com\/de\/wp-content\/uploads\/2020\/07\/person-holding-baby-s-feet-2456327-scaled.jpg\" data-width=\"363\" data-height=\"242\" style=\"\" loading=\"lazy\" data-tgpli-inited=\"\" id=\"tgpli-5f29d02c0d1b8\" src=\"https:\/\/www.lotussurrogacy.com\/de\/wp-content\/uploads\/2020\/07\/person-holding-baby-s-feet-2456327-scaled.jpg\"><img alt=\"\" data-id=\"25689\" width=\"363\" data-init-width=\"2560\" height=\"242\" data-init-height=\"1707\" title=\"\" data-tgpli-src=\"https:\/\/www.lotussurrogacy.com\/de\/wp-content\/uploads\/2020\/07\/person-holding-baby-s-feet-2456327-scaled.jpg\" data-width=\"363\" data-height=\"242\" style=\"\" loading=\"lazy\" data-tgpli-inited=\"\" id=\"tgpli-5f29d02c0d1b8\" data-tgpli-src=\"https:\/\/www.lotussurrogacy.com\/de\/wp-content\/uploads\/2020\/07\/person-holding-baby-s-feet-2456327-scaled.jpg\" data-tgpli-inited data-tgpli-image-inited ><img alt=\"\" data-id=\"25689\" width=\"363\" data-init-width=\"2560\" height=\"242\" data-init-height=\"1707\" title=\"\" data-tgpli-src=\"https:\/\/www.lotussurrogacy.com\/de\/wp-content\/uploads\/2020\/07\/person-holding-baby-s-feet-2456327-scaled.jpg\" data-width=\"363\" data-height=\"242\" style=\"\" loading=\"lazy\" data-tgpli-inited=\"\" id=\"tgpli-5f29d02c0d1b8\" src=\"https:\/\/www.lotussurrogacy.com\/de\/wp-content\/uploads\/2020\/07\/person-holding-baby-s-feet-2456327-scaled.jpg\"><img alt=\"\" data-id=\"25689\" width=\"363\" data-init-width=\"2560\" height=\"242\" data-init-height=\"1707\" title=\"person-holding-baby-s-feet-2456327\" data-tgpli-src=\"https:\/\/www.lotussurrogacy.com\/de\/wp-content\/uploads\/2020\/07\/person-holding-baby-s-feet-2456327-scaled.jpg\" data-width=\"363\" data-height=\"242\" style=\"\" loading=\"lazy\" data-tgpli-inited=\"\" id=\"tgpli-5f29d02c0d1b8\" data-tgpli-src=\"https:\/\/www.lotussurrogacy.com\/de\/wp-content\/uploads\/2020\/07\/person-holding-baby-s-feet-2456327-scaled.jpg\" data-tgpli-inited data-tgpli-image-inited ><img alt=\"\" data-id=\"25689\" width=\"363\" data-init-width=\"2560\" height=\"242\" data-init-height=\"1707\" title=\"person-holding-baby-s-feet-2456327\" data-tgpli-src=\"https:\/\/www.lotussurrogacy.com\/de\/wp-content\/uploads\/2020\/07\/person-holding-baby-s-feet-2456327-scaled.jpg\" data-width=\"363\" data-height=\"242\" style=\"\" loading=\"lazy\" data-tgpli-inited=\"\" id=\"tgpli-5f29d02c0d1b8\" data-tgpli-src=\"https:\/\/www.lotussurrogacy.com\/de\/wp-content\/uploads\/2020\/07\/person-holding-baby-s-feet-2456327-scaled.jpg\" data-tgpli-inited data-tgpli-image-inited ><img alt=\"\" data-id=\"25689\" width=\"363\" data-init-width=\"2560\" height=\"242\" data-init-height=\"1707\" title=\"person-holding-baby-s-feet-2456327\" data-tgpli-src=\"https:\/\/www.lotussurrogacy.com\/de\/wp-content\/uploads\/2020\/07\/person-holding-baby-s-feet-2456327-scaled.jpg\" data-width=\"363\" data-height=\"242\" style=\"\" loading=\"lazy\" data-tgpli-inited=\"\" id=\"tgpli-5f29d02c0d1b8\" src=\"https:\/\/www.lotussurrogacy.com\/de\/wp-content\/uploads\/2020\/07\/person-holding-baby-s-feet-2456327-scaled.jpg\"><img alt=\"\" data-id=\"25689\" width=\"363\" data-init-width=\"2560\" height=\"242\" data-init-height=\"1707\" title=\"person-holding-baby-s-feet-2456327\" data-tgpli-src=\"https:\/\/www.lotussurrogacy.com\/de\/wp-content\/uploads\/2020\/07\/person-holding-baby-s-feet-2456327-scaled.jpg\" data-width=\"363\" data-height=\"242\" style=\"\" loading=\"lazy\" data-tgpli-inited data-tgpli-image-inited id=\"tgpli-5f2fe775c0f3c\" ><img alt=\"\" data-id=\"25689\" width=\"363\" data-init-width=\"2560\" height=\"242\" data-init-height=\"1707\" title=\"person-holding-baby-s-feet-2456327\" data-tgpli-src=\"https:\/\/www.lotussurrogacy.com\/de\/wp-content\/uploads\/2020\/07\/person-holding-baby-s-feet-2456327-scaled.jpg\" data-width=\"363\" data-height=\"242\" style=\"\" loading=\"lazy\" data-tgpli-inited data-tgpli-image-inited id=\"tgpli-5f33fd445752e\" ><img alt=\"\" data-id=\"25689\" width=\"363\" data-init-width=\"2560\" height=\"242\" data-init-height=\"1707\" title=\"person-holding-baby-s-feet-2456327\" data-tgpli-src=\"https:\/\/www.lotussurrogacy.com\/de\/wp-content\/uploads\/2020\/07\/person-holding-baby-s-feet-2456327-scaled.jpg\" data-width=\"363\" data-height=\"242\" style=\"\" loading=\"lazy\" data-tgpli-inited data-tgpli-image-inited id=\"tgpli-5f9054db57cf8\" ><img alt=\"\" data-id=\"25689\" width=\"363\" data-init-width=\"2560\" height=\"242\" data-init-height=\"1707\" title=\"person-holding-baby-s-feet-2456327\" src=\"https:\/\/www.lotussurrogacy.com\/de\/wp-content\/uploads\/2020\/07\/person-holding-baby-s-feet-2456327-scaled.jpg\" data-width=\"363\" data-height=\"242\" style=\"\" loading=\"lazy\"><\/span><\/p>\n","protected":false},"excerpt":{"rendered":"<p>Die Wahl eines Eizellspenders ist eine der wichtigsten Entscheidungen bei Leihmutterschaften im Ausland. Ein guter Spender erh\u00f6ht Ihre Erfolgsquote und&#8230;<\/p>\n","protected":false},"author":1,"featured_media":25689,"parent":25236,"menu_order":26,"comment_status":"closed","ping_status":"closed","template":"","meta":{"pgc_sgb_lightbox_settings":"","footnotes":""},"class_list":["post-25240","page","type-page","status-publish","has-post-thumbnail"],"yoast_head":"<!-- This site is optimized with the Yoast SEO Premium plugin v27.2 (Yoast SEO v27.2) - https:\/\/yoast.com\/product\/yoast-seo-premium-wordpress\/ -->\n<title>Eizellspender - Lotus Surrogacy - Leihmutterschaftsagentur - Deutschland<\/title>\n<meta name=\"robots\" content=\"index, follow, max-snippet:-1, max-image-preview:large, max-video-preview:-1\" \/>\n<link rel=\"canonical\" href=\"https:\/\/www.lotussurrogacy.com\/de\/our-services\/egg-donors\/\" \/>\n<meta property=\"og:locale\" content=\"de_DE\" \/>\n<meta property=\"og:type\" content=\"article\" \/>\n<meta property=\"og:title\" content=\"Eizellspender\" \/>\n<meta property=\"og:description\" content=\"Die Wahl eines Eizellspenders ist eine der wichtigsten Entscheidungen bei Leihmutterschaften im Ausland. Ein guter Spender erh\u00f6ht Ihre Erfolgsquote und...\" \/>\n<meta property=\"og:url\" content=\"https:\/\/www.lotussurrogacy.com\/de\/our-services\/egg-donors\/\" \/>\n<meta property=\"og:site_name\" content=\"Lotus Surrogacy - Leihmutterschaftsagentur - Deutschland\" \/>\n<meta property=\"article:publisher\" content=\"https:\/\/www.facebook.com\/lotusukraine\/\" \/>\n<meta property=\"article:modified_time\" content=\"2020-10-21T15:40:06+00:00\" \/>\n<meta property=\"og:image\" content=\"https:\/\/www.lotussurrogacy.com\/de\/wp-content\/uploads\/2020\/07\/person-holding-baby-s-feet-2456327-scaled.jpg\" \/>\n\t<meta property=\"og:image:width\" content=\"2560\" \/>\n\t<meta property=\"og:image:height\" content=\"1707\" \/>\n\t<meta property=\"og:image:type\" content=\"image\/jpeg\" \/>\n<meta name=\"twitter:card\" content=\"summary_large_image\" \/>\n<meta name=\"twitter:label1\" content=\"Est. reading time\" \/>\n\t<meta name=\"twitter:data1\" content=\"1 minute\" \/>\n<script type=\"application\/ld+json\" class=\"yoast-schema-graph\">{\"@context\":\"https:\/\/schema.org\",\"@graph\":[{\"@type\":\"WebPage\",\"@id\":\"https:\/\/www.lotussurrogacy.com\/de\/our-services\/egg-donors\/\",\"url\":\"https:\/\/www.lotussurrogacy.com\/de\/our-services\/egg-donors\/\",\"name\":\"Eizellspender - Lotus Surrogacy - Leihmutterschaftsagentur - Deutschland\",\"isPartOf\":{\"@id\":\"https:\/\/www.lotussurrogacy.com\/de\/#website\"},\"primaryImageOfPage\":{\"@id\":\"https:\/\/www.lotussurrogacy.com\/de\/our-services\/egg-donors\/#primaryimage\"},\"image\":{\"@id\":\"https:\/\/www.lotussurrogacy.com\/de\/our-services\/egg-donors\/#primaryimage\"},\"thumbnailUrl\":\"https:\/\/www.lotussurrogacy.com\/de\/wp-content\/uploads\/2020\/07\/person-holding-baby-s-feet-2456327-scaled.jpg\",\"datePublished\":\"2020-07-27T08:23:50+00:00\",\"dateModified\":\"2020-10-21T15:40:06+00:00\",\"breadcrumb\":{\"@id\":\"https:\/\/www.lotussurrogacy.com\/de\/our-services\/egg-donors\/#breadcrumb\"},\"inLanguage\":\"de-DE\",\"potentialAction\":[{\"@type\":\"ReadAction\",\"target\":[\"https:\/\/www.lotussurrogacy.com\/de\/our-services\/egg-donors\/\"]}]},{\"@type\":\"ImageObject\",\"inLanguage\":\"de-DE\",\"@id\":\"https:\/\/www.lotussurrogacy.com\/de\/our-services\/egg-donors\/#primaryimage\",\"url\":\"https:\/\/www.lotussurrogacy.com\/de\/wp-content\/uploads\/2020\/07\/person-holding-baby-s-feet-2456327-scaled.jpg\",\"contentUrl\":\"https:\/\/www.lotussurrogacy.com\/de\/wp-content\/uploads\/2020\/07\/person-holding-baby-s-feet-2456327-scaled.jpg\",\"width\":2560,\"height\":1707},{\"@type\":\"BreadcrumbList\",\"@id\":\"https:\/\/www.lotussurrogacy.com\/de\/our-services\/egg-donors\/#breadcrumb\",\"itemListElement\":[{\"@type\":\"ListItem\",\"position\":1,\"name\":\"Home\",\"item\":\"https:\/\/www.lotussurrogacy.com\/de\/\"},{\"@type\":\"ListItem\",\"position\":2,\"name\":\"Unsere Dienstleistungen\",\"item\":\"https:\/\/www.lotussurrogacy.com\/de\/our-services\/\"},{\"@type\":\"ListItem\",\"position\":3,\"name\":\"Eizellspender\"}]},{\"@type\":\"WebSite\",\"@id\":\"https:\/\/www.lotussurrogacy.com\/de\/#website\",\"url\":\"https:\/\/www.lotussurrogacy.com\/de\/\",\"name\":\"Lotus Surrogacy - Leihmutterschaftsagentur - Deutschland\",\"description\":\"Leihmutterschaft in der Ukraine\",\"publisher\":{\"@id\":\"https:\/\/www.lotussurrogacy.com\/de\/#organization\"},\"potentialAction\":[{\"@type\":\"SearchAction\",\"target\":{\"@type\":\"EntryPoint\",\"urlTemplate\":\"https:\/\/www.lotussurrogacy.com\/de\/?s={search_term_string}\"},\"query-input\":{\"@type\":\"PropertyValueSpecification\",\"valueRequired\":true,\"valueName\":\"search_term_string\"}}],\"inLanguage\":\"de-DE\"},{\"@type\":[\"Organization\",\"Place\",\"Corporation\"],\"@id\":\"https:\/\/www.lotussurrogacy.com\/de\/#organization\",\"name\":\"Lotus Surrogacy\",\"url\":\"https:\/\/www.lotussurrogacy.com\/de\/\",\"logo\":{\"@id\":\"https:\/\/www.lotussurrogacy.com\/de\/our-services\/egg-donors\/#local-main-organization-logo\"},\"image\":{\"@id\":\"https:\/\/www.lotussurrogacy.com\/de\/our-services\/egg-donors\/#local-main-organization-logo\"},\"sameAs\":[\"https:\/\/www.facebook.com\/lotusukraine\/\"],\"address\":{\"@id\":\"https:\/\/www.lotussurrogacy.com\/de\/our-services\/egg-donors\/#local-main-place-address\"},\"geo\":{\"@type\":\"GeoCoordinates\",\"latitude\":\"50.44137\",\"longitude\":\"30.5229\"},\"telephone\":[\"+1-978-438-6105\"],\"openingHoursSpecification\":[],\"email\":\"info@lotusukraine.com\"},{\"@type\":\"PostalAddress\",\"@id\":\"https:\/\/www.lotussurrogacy.com\/de\/our-services\/egg-donors\/#local-main-place-address\",\"streetAddress\":\"Basseina 5A\",\"addressLocality\":\"Kyiv\",\"postalCode\":\"01004\",\"addressCountry\":\"UA\"},{\"@type\":\"ImageObject\",\"inLanguage\":\"de-DE\",\"@id\":\"https:\/\/www.lotussurrogacy.com\/de\/our-services\/egg-donors\/#local-main-organization-logo\",\"url\":\"https:\/\/www.lotussurrogacy.com\/de\/wp-content\/uploads\/2020\/07\/Logo-795.png\",\"contentUrl\":\"https:\/\/www.lotussurrogacy.com\/de\/wp-content\/uploads\/2020\/07\/Logo-795.png\",\"width\":795,\"height\":130,\"caption\":\"Lotus Surrogacy\"}]}<\/script>\n<meta name=\"geo.placename\" content=\"Kyiv\" \/>\n<meta name=\"geo.position\" content=\"50.44137;30.5229\" \/>\n<meta name=\"geo.region\" content=\"Ukraine\" \/>\n<!-- \/ Yoast SEO Premium plugin. -->","yoast_head_json":{"title":"Eizellspender - Lotus Surrogacy - Leihmutterschaftsagentur - Deutschland","robots":{"index":"index","follow":"follow","max-snippet":"max-snippet:-1","max-image-preview":"max-image-preview:large","max-video-preview":"max-video-preview:-1"},"canonical":"https:\/\/www.lotussurrogacy.com\/de\/our-services\/egg-donors\/","og_locale":"de_DE","og_type":"article","og_title":"Eizellspender","og_description":"Die Wahl eines Eizellspenders ist eine der wichtigsten Entscheidungen bei Leihmutterschaften im Ausland. Ein guter Spender erh\u00f6ht Ihre Erfolgsquote und...","og_url":"https:\/\/www.lotussurrogacy.com\/de\/our-services\/egg-donors\/","og_site_name":"Lotus Surrogacy - Leihmutterschaftsagentur - Deutschland","article_publisher":"https:\/\/www.facebook.com\/lotusukraine\/","article_modified_time":"2020-10-21T15:40:06+00:00","og_image":[{"width":2560,"height":1707,"url":"https:\/\/www.lotussurrogacy.com\/de\/wp-content\/uploads\/2020\/07\/person-holding-baby-s-feet-2456327-scaled.jpg","type":"image\/jpeg"}],"twitter_card":"summary_large_image","twitter_misc":{"Est. reading time":"1 minute"},"schema":{"@context":"https:\/\/schema.org","@graph":[{"@type":"WebPage","@id":"https:\/\/www.lotussurrogacy.com\/de\/our-services\/egg-donors\/","url":"https:\/\/www.lotussurrogacy.com\/de\/our-services\/egg-donors\/","name":"Eizellspender - Lotus Surrogacy - Leihmutterschaftsagentur - Deutschland","isPartOf":{"@id":"https:\/\/www.lotussurrogacy.com\/de\/#website"},"primaryImageOfPage":{"@id":"https:\/\/www.lotussurrogacy.com\/de\/our-services\/egg-donors\/#primaryimage"},"image":{"@id":"https:\/\/www.lotussurrogacy.com\/de\/our-services\/egg-donors\/#primaryimage"},"thumbnailUrl":"https:\/\/www.lotussurrogacy.com\/de\/wp-content\/uploads\/2020\/07\/person-holding-baby-s-feet-2456327-scaled.jpg","datePublished":"2020-07-27T08:23:50+00:00","dateModified":"2020-10-21T15:40:06+00:00","breadcrumb":{"@id":"https:\/\/www.lotussurrogacy.com\/de\/our-services\/egg-donors\/#breadcrumb"},"inLanguage":"de-DE","potentialAction":[{"@type":"ReadAction","target":["https:\/\/www.lotussurrogacy.com\/de\/our-services\/egg-donors\/"]}]},{"@type":"ImageObject","inLanguage":"de-DE","@id":"https:\/\/www.lotussurrogacy.com\/de\/our-services\/egg-donors\/#primaryimage","url":"https:\/\/www.lotussurrogacy.com\/de\/wp-content\/uploads\/2020\/07\/person-holding-baby-s-feet-2456327-scaled.jpg","contentUrl":"https:\/\/www.lotussurrogacy.com\/de\/wp-content\/uploads\/2020\/07\/person-holding-baby-s-feet-2456327-scaled.jpg","width":2560,"height":1707},{"@type":"BreadcrumbList","@id":"https:\/\/www.lotussurrogacy.com\/de\/our-services\/egg-donors\/#breadcrumb","itemListElement":[{"@type":"ListItem","position":1,"name":"Home","item":"https:\/\/www.lotussurrogacy.com\/de\/"},{"@type":"ListItem","position":2,"name":"Unsere Dienstleistungen","item":"https:\/\/www.lotussurrogacy.com\/de\/our-services\/"},{"@type":"ListItem","position":3,"name":"Eizellspender"}]},{"@type":"WebSite","@id":"https:\/\/www.lotussurrogacy.com\/de\/#website","url":"https:\/\/www.lotussurrogacy.com\/de\/","name":"Lotus Surrogacy - Leihmutterschaftsagentur - Deutschland","description":"Leihmutterschaft in der Ukraine","publisher":{"@id":"https:\/\/www.lotussurrogacy.com\/de\/#organization"},"potentialAction":[{"@type":"SearchAction","target":{"@type":"EntryPoint","urlTemplate":"https:\/\/www.lotussurrogacy.com\/de\/?s={search_term_string}"},"query-input":{"@type":"PropertyValueSpecification","valueRequired":true,"valueName":"search_term_string"}}],"inLanguage":"de-DE"},{"@type":["Organization","Place","Corporation"],"@id":"https:\/\/www.lotussurrogacy.com\/de\/#organization","name":"Lotus Surrogacy","url":"https:\/\/www.lotussurrogacy.com\/de\/","logo":{"@id":"https:\/\/www.lotussurrogacy.com\/de\/our-services\/egg-donors\/#local-main-organization-logo"},"image":{"@id":"https:\/\/www.lotussurrogacy.com\/de\/our-services\/egg-donors\/#local-main-organization-logo"},"sameAs":["https:\/\/www.facebook.com\/lotusukraine\/"],"address":{"@id":"https:\/\/www.lotussurrogacy.com\/de\/our-services\/egg-donors\/#local-main-place-address"},"geo":{"@type":"GeoCoordinates","latitude":"50.44137","longitude":"30.5229"},"telephone":["+1-978-438-6105"],"openingHoursSpecification":[],"email":"info@lotusukraine.com"},{"@type":"PostalAddress","@id":"https:\/\/www.lotussurrogacy.com\/de\/our-services\/egg-donors\/#local-main-place-address","streetAddress":"Basseina 5A","addressLocality":"Kyiv","postalCode":"01004","addressCountry":"UA"},{"@type":"ImageObject","inLanguage":"de-DE","@id":"https:\/\/www.lotussurrogacy.com\/de\/our-services\/egg-donors\/#local-main-organization-logo","url":"https:\/\/www.lotussurrogacy.com\/de\/wp-content\/uploads\/2020\/07\/Logo-795.png","contentUrl":"https:\/\/www.lotussurrogacy.com\/de\/wp-content\/uploads\/2020\/07\/Logo-795.png","width":795,"height":130,"caption":"Lotus Surrogacy"}]},"geo.placename":"Kyiv","geo.position":{"lat":"50.44137","long":"30.5229"},"geo.region":"Ukraine"},"_links":{"self":[{"href":"https:\/\/www.lotussurrogacy.com\/de\/wp-json\/wp\/v2\/pages\/25240","targetHints":{"allow":["GET"]}}],"collection":[{"href":"https:\/\/www.lotussurrogacy.com\/de\/wp-json\/wp\/v2\/pages"}],"about":[{"href":"https:\/\/www.lotussurrogacy.com\/de\/wp-json\/wp\/v2\/types\/page"}],"author":[{"embeddable":true,"href":"https:\/\/www.lotussurrogacy.com\/de\/wp-json\/wp\/v2\/users\/1"}],"replies":[{"embeddable":true,"href":"https:\/\/www.lotussurrogacy.com\/de\/wp-json\/wp\/v2\/comments?post=25240"}],"version-history":[{"count":2,"href":"https:\/\/www.lotussurrogacy.com\/de\/wp-json\/wp\/v2\/pages\/25240\/revisions"}],"predecessor-version":[{"id":27824,"href":"https:\/\/www.lotussurrogacy.com\/de\/wp-json\/wp\/v2\/pages\/25240\/revisions\/27824"}],"up":[{"embeddable":true,"href":"https:\/\/www.lotussurrogacy.com\/de\/wp-json\/wp\/v2\/pages\/25236"}],"wp:featuredmedia":[{"embeddable":true,"href":"https:\/\/www.lotussurrogacy.com\/de\/wp-json\/wp\/v2\/media\/25689"}],"wp:attachment":[{"href":"https:\/\/www.lotussurrogacy.com\/de\/wp-json\/wp\/v2\/media?parent=25240"}],"curies":[{"name":"wp","href":"https:\/\/api.w.org\/{rel}","templated":true}]}}