{"id":25233,"date":"2020-07-27T08:15:15","date_gmt":"2020-07-27T08:15:15","guid":{"rendered":"https:\/\/www.lotussurrogacy.com\/es\/?page_id=25233"},"modified":"2020-10-22T16:00:28","modified_gmt":"2020-10-22T13:00:28","slug":"questions-and-answers","status":"publish","type":"page","link":"https:\/\/www.lotussurrogacy.com\/es\/intended-parents\/questions-and-answers\/","title":{"rendered":"P&#038;R"},"content":{"rendered":"<br \/>\n<h4 style=\"font-size: 18px !important;\">\u00bfCu\u00e1les Son las Ventajas de Realizar la Subrogaci\u00f3n en Ucrania?<\/h4>\n<ol>\n<li><span>1<\/span><span>Un tiempo de espera relativamente corto (si lo hay) para emparejarlo con una subrogada.<\/span><\/li>\n<li><span>2<\/span><span>Precios asequibles<\/span><\/li>\n<li><span>3<\/span><span>Laboratorios y cl\u00ednicas de FIV de calidad con altas tasas de \u00e9xito<\/span><\/li>\n<\/ol>\n<h4 style=\"font-size: 18px !important;\">\u00bfQui\u00e9n Puede Participar en la Subrogaci\u00f3n en Ucrania?<\/h4>\n<p style=\"font-size: 16px !important;\">arejas casadas heterosexuales basadas en indicaciones m\u00e9dicas que incluyen:<\/p>\n<ol>\n<li><span>1<\/span><span>Ausencia de \u00fatero<\/span><\/li>\n<li><span>2<\/span><span>Deformaci\u00f3n de la cavidad o cuello del \u00fatero debido a defectos cong\u00e9nitos del desarrollo o tratamientos quir\u00fargicos y tumores benignos que resultar\u00edan en una gestaci\u00f3n fallida.<\/span><\/li>\n<li><span>3<\/span><span>Cambios estructural-morfol\u00f3gicos o anat\u00f3micos del endometrio, lo que ha llevado a la p\u00e9rdida de receptividad.<\/span><\/li>\n<li><span>4<\/span><span>Enfermedades som\u00e1ticas graves: cuando la gestaci\u00f3n amenaza la salud o la vida de la receptora, pero no influye en la salud del futuro hijo;<\/span><\/li>\n<li><span>5<\/span><span>Intentos de FIV repetidos y fallidos (cuatro o m\u00e1s) con obtenci\u00f3n repetida de embriones de alta calidad, cuya transferencia no llev\u00f3 a un embarazo.<\/span><\/li>\n<\/ol>\n<h4 style=\"font-size: 18px !important;\">Como Padres Intencionales, \u00bfEstamos Obligados a Viajar Al Extranjero para Comenzar el Proceso o Puede Comenzar en Nuestra Ausencia?<\/h4>\n<p style=\"font-size: 16px !important;\">Si env\u00eda un poder notarial de Lotus, notariado y Apostillado, podemos firmar todos los contratos en su nombre. Podemos ayudarlo a enviar semen \/ embriones para comenzar el programa, por lo que no es necesario que venga a Ucrania antes del nacimiento de su beb\u00e9.<\/p>\n<h4 style=\"font-size: 18px !important;\">\u00bfPodemos Estar en Contacto con Nuestra Madre Sustituta Durante el Embarazo?<\/h4>\n<p style=\"font-size: 16px !important;\">Esto depende de la relaci\u00f3n entre usted y su subrogada y de todas sus expectativas con respecto al contacto. Algunos Padres Intencionales prefieren menos contacto con su subrogada y otros prefieren estar m\u00e1s involucrados. Es importante discutirse las expectativas con Lotus antes de emparejar con una subrogada para asegurar un arreglo exitoso.<\/p>\n<h4 style=\"font-size: 18px !important;\">\u00bfLas Subrogadas en Ucrania Hablan Ingl\u00e9s?<\/h4>\n<p style=\"font-size: 16px !important;\">La mayor\u00eda de los subrogadas no hablan ingl\u00e9s; algunas hablan ingl\u00e9s b\u00e1sico. Lotus lo ayudar\u00e1 con las llamadas y los servicios de traducci\u00f3n con su subrogada.<\/p>\n<h4 style=\"font-size: 18px !important;\">\u00bfD\u00f3nde Vive la Madre Sustituta Durante el Embarazo?<\/h4>\n<p style=\"font-size: 16px !important;\">Su madre sustituta vive en su hogar y sigue viviendo all\u00ed si se encuentra cerca del hospital de partos. Si su subrogada est\u00e1 de un \u00e1rea regional, se trasladar\u00e1 m\u00e1s cerca del hospital de partos poco antes del tercer trimestre (o antes si est\u00e1 m\u00e9dicamente indicado). Los Padres Intencionales le alquilar\u00e1n un apartamento, donde vivir\u00e1 con su familia, por el resto del embarazo.<\/p>\n<h4 style=\"font-size: 18px !important;\">\u00bfQui\u00e9n Se Asegura De Que la Madre Subrogada Cuide Bien a su Beb\u00e9 Durante el Embarazo?<\/h4>\n<p style=\"font-size: 16px !important;\">El personal de Lotus supervisar\u00e1 y apoyar\u00e1 a su madre subrogada durante el embarazo para asegurarse de que siga las \u00f3rdenes de su m\u00e9dico tratante.<\/p>\n<h4 style=\"font-size: 18px !important;\">\u00bfQui\u00e9n Se Asegura De Que la Madre Sustituta Asista a Sus Citas de Seguimiento?<\/h4>\n<p style=\"font-size: 16px !important;\">Lotus le enviar\u00e1 un informe despu\u00e9s de cada visita de su subrogada a la cl\u00ednica, para una cita m\u00e9dica. Tambi\u00e9n mantendremos contacto diario con su subrogada para asegurar su comodidad y salud.<\/p>\n<h4 style=\"font-size: 18px !important;\">\u00bfQui\u00e9n Puede Convertirse en Subrogada?<\/h4>\n<ol>\n<li><span>1<\/span><span>Una mujer sana, entre 18 y 35 a\u00f1os<\/span><\/li>\n<li><span>2<\/span><span>Que haya tenido un hijo o hijos propios sanos;<\/span><\/li>\n<li><span>3<\/span><span>Tiene ausencia de contraindicaciones m\u00e9dicas;<\/span><\/li>\n<li><span>4<\/span><span>Tiene estabilidad moral y psicol\u00f3gica, responsabilidad y un gran deseo de ayudar a una familia sin hijos;<\/span><\/li>\n<li><span>5<\/span><span>No tiene antecedentes penales;<\/span><\/li>\n<li><span>6<\/span><span>Tiene el consentimiento por escrito de su esposo si est\u00e1 casada;<\/span><\/li>\n<li><span>7<\/span><span>Ha aceptado ser solo una madre subrogada gestacional y no estar relacionada gen\u00e9ticamente con el ni\u00f1o.<\/span><\/li>\n<\/ol>\n<h4 style=\"font-size: 18px !important;\">\u00bfQui\u00e9n Se Ocupa del Regreso del Beb\u00e9 a Nuestro Pa\u00eds de Origen Despu\u00e9s del Parto?<\/h4>\n<p style=\"font-size: 16px !important;\">Los abogados de Lotus especializados en derecho de familia e inmigraci\u00f3n se encargar\u00e1n de obtener la documentaci\u00f3n necesaria para llevar a su hijo a casa. La documentaci\u00f3n incluye el Certificado de Nacimiento con el nombre de los padres con un sello oficial (Apostilla) requerido por la mayor\u00eda de las autoridades nacionales, traducciones de documentos y m\u00e1s.<\/p>\n<h4 style=\"font-size: 18px !important;\">\u00bfC\u00f3mo Nos Aseguramos De Que la Madre Sustituta Entregue al Beb\u00e9 Despu\u00e9s del Nacimiento?<\/h4>\n<p style=\"font-size: 16px !important;\">\u00a1La madre sustituta no tiene derechos parentales sobre su hijo, en ninguna etapa del proceso! En Ucrania, la ley es inequ\u00edvoca y establece que los derechos prenatales y posnatales del beb\u00e9 pertenecen \u00fanicamente a los Padres Intencionales.La indemnizaci\u00f3n monetaria es la raz\u00f3n principal por la que las madres sustitutas eligen tener hijos para otras personas. Su subrogada recibe el pago final solo despu\u00e9s de que el beb\u00e9 est\u00e9 registrado en su embajada y se emita un documento de viaje a nombre de su beb\u00e9.<\/p>\n<h4 style=\"font-size: 18px !important;\">\u00bfCu\u00e1nto Tiempo Pasa Desde el Nacimiento Hasta Que el Beb\u00e9 Puede Viajar a Casa con Nosotros?<\/h4>\n<p style=\"font-size: 16px !important;\">Por lo general, toma de 2 a 9 semanas, seg\u00fan su nacionalidad y los requisitos \/ plazos de la Embajada para la emisi\u00f3n del pasaporte para su reci\u00e9n nacido.<\/p>\n<h4 style=\"font-size: 18px !important;\">\u00bfCu\u00e1l Es el Programa De Pagos para Nuestra Subrogada?<\/h4>\n<p style=\"font-size: 16px !important;\">La subrogada recibe compensaci\u00f3n por llevar a su hijo solo despu\u00e9s del nacimiento y despu\u00e9s de firmar la documentaci\u00f3n para registrar al ni\u00f1o. Durante el embarazo, los Padres Intencionales pagan a su madre subrogada un subsidio mensual.<\/p>\n<h4 style=\"font-size: 18px !important;\">\u00bfQu\u00e9 Tan R\u00e1pido Podemos Obtener Actualizaciones Sobre Eventos Que Tienen Lugar En El Extranjero?<\/h4>\n<p style=\"font-size: 16px !important;\">Lotus se esforzar\u00e1 por actualizar a los Padres Intencionales tan pronto como la informaci\u00f3n est\u00e9 disponible. Puede haber ligeros retrasos si es necesario traducir la informaci\u00f3n.<\/p>\n<h4 style=\"font-size: 18px !important;\">\u00bfCon Qu\u00e9 Frecuencia Recibiremos Actualizaciones Sobre Nuestro Programa y Subrogada?<\/h4>\n<p style=\"font-size: 16px !important;\">Depende de la gestaci\u00f3n de su madre subrogada y los horarios de la cita\/esc\u00e1ner. Lotus mantiene un contacto diario con la cl\u00ednica y le informaremos de cualquiera actualizaci\u00f3n lo antes posible.<\/p>\n<h4 style=\"font-size: 18px !important;\">\u00bfAceptar\u00e1 Nuestra Madre Sustituta Cualquier Procedimiento M\u00e9dico Que Pueda Ser Necesario para Dar A Luz A Un Beb\u00e9 Sano?<\/h4>\n<p style=\"font-size: 16px !important;\">Si. Esto forma parte de los consentimientos de las subrogadas en su contrato.<\/p>\n<h4 style=\"font-size: 18px !important;\">\u00bfCu\u00e1ntos Contratos Hay en el Procedimiento?<\/h4>\n<p>El proceso de gestaci\u00f3n subrogada es tanto legal como m\u00e9dico. Es importante recordar que se trata de la patria potestad, que debe definirse en los contratos.Insista en los siguientes contratos, como parte del proceso:<\/p>\n<ol>\n<li><span>1<\/span><span>Un contrato notariado entre usted y su subrogada<\/span><\/li>\n<li><span>2<\/span><span>Un contrato entre usted y el centro de fertilidad<\/span><\/li>\n<li><span>3<\/span><span>Un contrato entre usted y la agencia.<\/span><\/li>\n<\/ol>\n<h4 style=\"font-size: 18px !important;\">\u00bfObtenemos Copias de los Contratos Antes de Firmarlos?<\/h4>\n<p style=\"font-size: 16px !important;\">Por supuesto. Antes de firmar un contrato de servicio con Lotus, recibir\u00e1 copias de todos los contratos descritos anteriormente.<\/p>\n<h4 style=\"font-size: 18px !important;\">\u00bfCu\u00e1l Es el Proceso de Salida de Ucrania Despu\u00e9s del Nacimiento?<\/h4>\n<p>Debe aplicarse a la embajada m\u00e1s cercana para obtener la ciudadan\u00eda y posteriormente un pasaporte para su hijo. Lotus ayudar\u00e1 con todos los requisitos necesarios para emprender el proceso.En el aeropuerto, los funcionarios verificar\u00e1n que el reci\u00e9n nacido tenga:<\/p>\n<ol>\n<li><span>1<\/span><span>Pasaporte v\u00e1lido;<\/span><\/li>\n<li><span>2<\/span><span>No hay prohibiciones de salir del pa\u00eds;<\/span><\/li>\n<li><span>3<\/span><span>No hay violaci\u00f3n de las condiciones de estancia en Ucrania.<\/span><\/li>\n<\/ol>\n<p style=\"font-size: 16px !important;\">Si el beb\u00e9 cumple con los requisitos, puede salir de Ucrania. No se necesita visa de salida.<\/p>\n<h4 style=\"font-size: 18px !important;\">\u00bfQu\u00e9 Servicios Ofrece Lotus?<\/h4>\n<ol>\n<li><span>1<\/span><span>Emparejarte con una subrogada<\/span><\/li>\n<li><span>2<\/span><span>Emparejarte con una donante de \u00f3vulos<\/span><\/li>\n<li><span>3<\/span><span>Organizaci\u00f3n de su programa de sustituci\u00f3n<\/span><\/li>\n<li><span>4<\/span><span>Organizaci\u00f3n del nacimiento de su beb\u00e9<\/span><\/li>\n<li><span>5<\/span><span>Traducci\u00f3n de informaci\u00f3n y documentaci\u00f3n al ingl\u00e9s<\/span><\/li>\n<li><span>6<\/span><span>Supervisi\u00f3n y apoyo a su subrogada<\/span><\/li>\n<li><span>7<\/span><span>Servicios legales<\/span><\/li>\n<li><span>8<\/span><span>Coordinaci\u00f3n de toda la log\u00edstica con nuestra cl\u00ednica, incluidas las citas y el contacto con su subrogada a base diaria.<\/span><\/li>\n<li><span>9<\/span><span>Asistencia con todo el papeleo despu\u00e9s del nacimiento para el certificado de nacimiento y el proceso de salida.<\/span><\/li>\n<li><span>10<\/span><span>Asistencia para encontrar alojamiento en Kiev<\/span><\/li>\n<\/ol>\n<h6 style=\"text-align: center;\">\u00bfM\u00c1S PREGUNTAS?ENV\u00cdENOS UN MENSAJE Y VOLVEREMOS CON UNA RESPUESTA<\/h6>\n","protected":false},"excerpt":{"rendered":"<p>\u00bfCu\u00e1les Son las Ventajas de Realizar la Subrogaci\u00f3n en Ucrania? 1Un tiempo de espera relativamente corto (si lo hay) para&#8230;<\/p>\n","protected":false},"author":1,"featured_media":25535,"parent":25220,"menu_order":12,"comment_status":"closed","ping_status":"closed","template":"","meta":{"pgc_sgb_lightbox_settings":"","footnotes":""},"class_list":["post-25233","page","type-page","status-publish","has-post-thumbnail"],"yoast_head":"<!-- This site is optimized with the Yoast SEO Premium plugin v27.2 (Yoast SEO v27.2) - https:\/\/yoast.com\/product\/yoast-seo-premium-wordpress\/ -->\n<title>P&#038;R - Lotus Surrogacy - Agencia de Subrogaci\u00f3n - Espa\u00f1a<\/title>\n<meta name=\"robots\" content=\"index, follow, max-snippet:-1, max-image-preview:large, max-video-preview:-1\" \/>\n<link rel=\"canonical\" href=\"https:\/\/www.lotussurrogacy.com\/es\/intended-parents\/questions-and-answers\/\" \/>\n<meta property=\"og:locale\" content=\"es_ES\" \/>\n<meta property=\"og:type\" content=\"article\" \/>\n<meta property=\"og:title\" content=\"P&#038;R\" \/>\n<meta property=\"og:description\" content=\"\u00bfCu\u00e1les Son las Ventajas de Realizar la Subrogaci\u00f3n en Ucrania? 1Un tiempo de espera relativamente corto (si lo hay) para...\" \/>\n<meta property=\"og:url\" content=\"https:\/\/www.lotussurrogacy.com\/es\/intended-parents\/questions-and-answers\/\" \/>\n<meta property=\"og:site_name\" content=\"Lotus Surrogacy - Agencia de Subrogaci\u00f3n - Espa\u00f1a\" \/>\n<meta property=\"article:publisher\" content=\"https:\/\/www.facebook.com\/lotusukraine\/\" \/>\n<meta property=\"article:modified_time\" content=\"2020-10-22T13:00:28+00:00\" \/>\n<meta property=\"og:image\" content=\"https:\/\/www.lotussurrogacy.com\/es\/wp-content\/uploads\/2020\/07\/ivf.jpg\" \/>\n\t<meta property=\"og:image:width\" content=\"1000\" \/>\n\t<meta property=\"og:image:height\" content=\"667\" \/>\n\t<meta property=\"og:image:type\" content=\"image\/jpeg\" \/>\n<meta name=\"twitter:card\" content=\"summary_large_image\" \/>\n<meta name=\"twitter:label1\" content=\"Est. reading time\" \/>\n\t<meta name=\"twitter:data1\" content=\"6 minutes\" \/>\n<script type=\"application\/ld+json\" class=\"yoast-schema-graph\">{\"@context\":\"https:\/\/schema.org\",\"@graph\":[{\"@type\":\"WebPage\",\"@id\":\"https:\/\/www.lotussurrogacy.com\/es\/intended-parents\/questions-and-answers\/\",\"url\":\"https:\/\/www.lotussurrogacy.com\/es\/intended-parents\/questions-and-answers\/\",\"name\":\"P&#038;R - Lotus Surrogacy - Agencia de Subrogaci\u00f3n - Espa\u00f1a\",\"isPartOf\":{\"@id\":\"https:\/\/www.lotussurrogacy.com\/es\/#website\"},\"primaryImageOfPage\":{\"@id\":\"https:\/\/www.lotussurrogacy.com\/es\/intended-parents\/questions-and-answers\/#primaryimage\"},\"image\":{\"@id\":\"https:\/\/www.lotussurrogacy.com\/es\/intended-parents\/questions-and-answers\/#primaryimage\"},\"thumbnailUrl\":\"https:\/\/www.lotussurrogacy.com\/es\/wp-content\/uploads\/2020\/07\/ivf.jpg\",\"datePublished\":\"2020-07-27T08:15:15+00:00\",\"dateModified\":\"2020-10-22T13:00:28+00:00\",\"breadcrumb\":{\"@id\":\"https:\/\/www.lotussurrogacy.com\/es\/intended-parents\/questions-and-answers\/#breadcrumb\"},\"inLanguage\":\"es-ES\",\"potentialAction\":[{\"@type\":\"ReadAction\",\"target\":[\"https:\/\/www.lotussurrogacy.com\/es\/intended-parents\/questions-and-answers\/\"]}]},{\"@type\":\"ImageObject\",\"inLanguage\":\"es-ES\",\"@id\":\"https:\/\/www.lotussurrogacy.com\/es\/intended-parents\/questions-and-answers\/#primaryimage\",\"url\":\"https:\/\/www.lotussurrogacy.com\/es\/wp-content\/uploads\/2020\/07\/ivf.jpg\",\"contentUrl\":\"https:\/\/www.lotussurrogacy.com\/es\/wp-content\/uploads\/2020\/07\/ivf.jpg\",\"width\":1000,\"height\":667},{\"@type\":\"BreadcrumbList\",\"@id\":\"https:\/\/www.lotussurrogacy.com\/es\/intended-parents\/questions-and-answers\/#breadcrumb\",\"itemListElement\":[{\"@type\":\"ListItem\",\"position\":1,\"name\":\"Home\",\"item\":\"https:\/\/www.lotussurrogacy.com\/es\/\"},{\"@type\":\"ListItem\",\"position\":2,\"name\":\"Padres Intencionales\",\"item\":\"https:\/\/www.lotussurrogacy.com\/es\/intended-parents\/\"},{\"@type\":\"ListItem\",\"position\":3,\"name\":\"P&#038;R\"}]},{\"@type\":\"WebSite\",\"@id\":\"https:\/\/www.lotussurrogacy.com\/es\/#website\",\"url\":\"https:\/\/www.lotussurrogacy.com\/es\/\",\"name\":\"Lotus Surrogacy - Agencia de Subrogaci\u00f3n - Espa\u00f1a\",\"description\":\"Subrogaci\u00f3n en Ucrania\",\"publisher\":{\"@id\":\"https:\/\/www.lotussurrogacy.com\/es\/#organization\"},\"potentialAction\":[{\"@type\":\"SearchAction\",\"target\":{\"@type\":\"EntryPoint\",\"urlTemplate\":\"https:\/\/www.lotussurrogacy.com\/es\/?s={search_term_string}\"},\"query-input\":{\"@type\":\"PropertyValueSpecification\",\"valueRequired\":true,\"valueName\":\"search_term_string\"}}],\"inLanguage\":\"es-ES\"},{\"@type\":[\"Organization\",\"Place\",\"Corporation\"],\"@id\":\"https:\/\/www.lotussurrogacy.com\/es\/#organization\",\"name\":\"Lotus Surrogacy\",\"url\":\"https:\/\/www.lotussurrogacy.com\/es\/\",\"logo\":{\"@id\":\"https:\/\/www.lotussurrogacy.com\/es\/intended-parents\/questions-and-answers\/#local-main-organization-logo\"},\"image\":{\"@id\":\"https:\/\/www.lotussurrogacy.com\/es\/intended-parents\/questions-and-answers\/#local-main-organization-logo\"},\"sameAs\":[\"https:\/\/www.facebook.com\/lotusukraine\/\"],\"address\":{\"@id\":\"https:\/\/www.lotussurrogacy.com\/es\/intended-parents\/questions-and-answers\/#local-main-place-address\"},\"geo\":{\"@type\":\"GeoCoordinates\",\"latitude\":\"50.44137\",\"longitude\":\"30.5229\"},\"telephone\":[\"+1-978-438-6105\"],\"openingHoursSpecification\":[],\"email\":\"info@lotusukraine.com\"},{\"@type\":\"PostalAddress\",\"@id\":\"https:\/\/www.lotussurrogacy.com\/es\/intended-parents\/questions-and-answers\/#local-main-place-address\",\"streetAddress\":\"Basseina 5A\",\"addressLocality\":\"Kyiv\",\"postalCode\":\"01004\",\"addressCountry\":\"UA\"},{\"@type\":\"ImageObject\",\"inLanguage\":\"es-ES\",\"@id\":\"https:\/\/www.lotussurrogacy.com\/es\/intended-parents\/questions-and-answers\/#local-main-organization-logo\",\"url\":\"https:\/\/www.lotussurrogacy.com\/es\/wp-content\/uploads\/2020\/07\/Logo-795.png\",\"contentUrl\":\"https:\/\/www.lotussurrogacy.com\/es\/wp-content\/uploads\/2020\/07\/Logo-795.png\",\"width\":795,\"height\":130,\"caption\":\"Lotus Surrogacy\"}]}<\/script>\n<meta name=\"geo.placename\" content=\"Kyiv\" \/>\n<meta name=\"geo.position\" content=\"50.44137;30.5229\" \/>\n<meta name=\"geo.region\" content=\"Ucrania\" \/>\n<!-- \/ Yoast SEO Premium plugin. -->","yoast_head_json":{"title":"P&#038;R - Lotus Surrogacy - Agencia de Subrogaci\u00f3n - Espa\u00f1a","robots":{"index":"index","follow":"follow","max-snippet":"max-snippet:-1","max-image-preview":"max-image-preview:large","max-video-preview":"max-video-preview:-1"},"canonical":"https:\/\/www.lotussurrogacy.com\/es\/intended-parents\/questions-and-answers\/","og_locale":"es_ES","og_type":"article","og_title":"P&#038;R","og_description":"\u00bfCu\u00e1les Son las Ventajas de Realizar la Subrogaci\u00f3n en Ucrania? 1Un tiempo de espera relativamente corto (si lo hay) para...","og_url":"https:\/\/www.lotussurrogacy.com\/es\/intended-parents\/questions-and-answers\/","og_site_name":"Lotus Surrogacy - Agencia de Subrogaci\u00f3n - Espa\u00f1a","article_publisher":"https:\/\/www.facebook.com\/lotusukraine\/","article_modified_time":"2020-10-22T13:00:28+00:00","og_image":[{"width":1000,"height":667,"url":"https:\/\/www.lotussurrogacy.com\/es\/wp-content\/uploads\/2020\/07\/ivf.jpg","type":"image\/jpeg"}],"twitter_card":"summary_large_image","twitter_misc":{"Est. reading time":"6 minutes"},"schema":{"@context":"https:\/\/schema.org","@graph":[{"@type":"WebPage","@id":"https:\/\/www.lotussurrogacy.com\/es\/intended-parents\/questions-and-answers\/","url":"https:\/\/www.lotussurrogacy.com\/es\/intended-parents\/questions-and-answers\/","name":"P&#038;R - Lotus Surrogacy - Agencia de Subrogaci\u00f3n - Espa\u00f1a","isPartOf":{"@id":"https:\/\/www.lotussurrogacy.com\/es\/#website"},"primaryImageOfPage":{"@id":"https:\/\/www.lotussurrogacy.com\/es\/intended-parents\/questions-and-answers\/#primaryimage"},"image":{"@id":"https:\/\/www.lotussurrogacy.com\/es\/intended-parents\/questions-and-answers\/#primaryimage"},"thumbnailUrl":"https:\/\/www.lotussurrogacy.com\/es\/wp-content\/uploads\/2020\/07\/ivf.jpg","datePublished":"2020-07-27T08:15:15+00:00","dateModified":"2020-10-22T13:00:28+00:00","breadcrumb":{"@id":"https:\/\/www.lotussurrogacy.com\/es\/intended-parents\/questions-and-answers\/#breadcrumb"},"inLanguage":"es-ES","potentialAction":[{"@type":"ReadAction","target":["https:\/\/www.lotussurrogacy.com\/es\/intended-parents\/questions-and-answers\/"]}]},{"@type":"ImageObject","inLanguage":"es-ES","@id":"https:\/\/www.lotussurrogacy.com\/es\/intended-parents\/questions-and-answers\/#primaryimage","url":"https:\/\/www.lotussurrogacy.com\/es\/wp-content\/uploads\/2020\/07\/ivf.jpg","contentUrl":"https:\/\/www.lotussurrogacy.com\/es\/wp-content\/uploads\/2020\/07\/ivf.jpg","width":1000,"height":667},{"@type":"BreadcrumbList","@id":"https:\/\/www.lotussurrogacy.com\/es\/intended-parents\/questions-and-answers\/#breadcrumb","itemListElement":[{"@type":"ListItem","position":1,"name":"Home","item":"https:\/\/www.lotussurrogacy.com\/es\/"},{"@type":"ListItem","position":2,"name":"Padres Intencionales","item":"https:\/\/www.lotussurrogacy.com\/es\/intended-parents\/"},{"@type":"ListItem","position":3,"name":"P&#038;R"}]},{"@type":"WebSite","@id":"https:\/\/www.lotussurrogacy.com\/es\/#website","url":"https:\/\/www.lotussurrogacy.com\/es\/","name":"Lotus Surrogacy - Agencia de Subrogaci\u00f3n - Espa\u00f1a","description":"Subrogaci\u00f3n en Ucrania","publisher":{"@id":"https:\/\/www.lotussurrogacy.com\/es\/#organization"},"potentialAction":[{"@type":"SearchAction","target":{"@type":"EntryPoint","urlTemplate":"https:\/\/www.lotussurrogacy.com\/es\/?s={search_term_string}"},"query-input":{"@type":"PropertyValueSpecification","valueRequired":true,"valueName":"search_term_string"}}],"inLanguage":"es-ES"},{"@type":["Organization","Place","Corporation"],"@id":"https:\/\/www.lotussurrogacy.com\/es\/#organization","name":"Lotus Surrogacy","url":"https:\/\/www.lotussurrogacy.com\/es\/","logo":{"@id":"https:\/\/www.lotussurrogacy.com\/es\/intended-parents\/questions-and-answers\/#local-main-organization-logo"},"image":{"@id":"https:\/\/www.lotussurrogacy.com\/es\/intended-parents\/questions-and-answers\/#local-main-organization-logo"},"sameAs":["https:\/\/www.facebook.com\/lotusukraine\/"],"address":{"@id":"https:\/\/www.lotussurrogacy.com\/es\/intended-parents\/questions-and-answers\/#local-main-place-address"},"geo":{"@type":"GeoCoordinates","latitude":"50.44137","longitude":"30.5229"},"telephone":["+1-978-438-6105"],"openingHoursSpecification":[],"email":"info@lotusukraine.com"},{"@type":"PostalAddress","@id":"https:\/\/www.lotussurrogacy.com\/es\/intended-parents\/questions-and-answers\/#local-main-place-address","streetAddress":"Basseina 5A","addressLocality":"Kyiv","postalCode":"01004","addressCountry":"UA"},{"@type":"ImageObject","inLanguage":"es-ES","@id":"https:\/\/www.lotussurrogacy.com\/es\/intended-parents\/questions-and-answers\/#local-main-organization-logo","url":"https:\/\/www.lotussurrogacy.com\/es\/wp-content\/uploads\/2020\/07\/Logo-795.png","contentUrl":"https:\/\/www.lotussurrogacy.com\/es\/wp-content\/uploads\/2020\/07\/Logo-795.png","width":795,"height":130,"caption":"Lotus Surrogacy"}]},"geo.placename":"Kyiv","geo.position":{"lat":"50.44137","long":"30.5229"},"geo.region":"Ucrania"},"_links":{"self":[{"href":"https:\/\/www.lotussurrogacy.com\/es\/wp-json\/wp\/v2\/pages\/25233","targetHints":{"allow":["GET"]}}],"collection":[{"href":"https:\/\/www.lotussurrogacy.com\/es\/wp-json\/wp\/v2\/pages"}],"about":[{"href":"https:\/\/www.lotussurrogacy.com\/es\/wp-json\/wp\/v2\/types\/page"}],"author":[{"embeddable":true,"href":"https:\/\/www.lotussurrogacy.com\/es\/wp-json\/wp\/v2\/users\/1"}],"replies":[{"embeddable":true,"href":"https:\/\/www.lotussurrogacy.com\/es\/wp-json\/wp\/v2\/comments?post=25233"}],"version-history":[{"count":3,"href":"https:\/\/www.lotussurrogacy.com\/es\/wp-json\/wp\/v2\/pages\/25233\/revisions"}],"predecessor-version":[{"id":27801,"href":"https:\/\/www.lotussurrogacy.com\/es\/wp-json\/wp\/v2\/pages\/25233\/revisions\/27801"}],"up":[{"embeddable":true,"href":"https:\/\/www.lotussurrogacy.com\/es\/wp-json\/wp\/v2\/pages\/25220"}],"wp:featuredmedia":[{"embeddable":true,"href":"https:\/\/www.lotussurrogacy.com\/es\/wp-json\/wp\/v2\/media\/25535"}],"wp:attachment":[{"href":"https:\/\/www.lotussurrogacy.com\/es\/wp-json\/wp\/v2\/media?parent=25233"}],"curies":[{"name":"wp","href":"https:\/\/api.w.org\/{rel}","templated":true}]}}