{"id":25238,"date":"2020-07-27T08:22:08","date_gmt":"2020-07-27T08:22:08","guid":{"rendered":"https:\/\/www.lotussurrogacy.com\/es\/?page_id=25238"},"modified":"2020-10-22T17:24:00","modified_gmt":"2020-10-22T14:24:00","slug":"egg-donation","status":"publish","type":"page","link":"https:\/\/www.lotussurrogacy.com\/es\/our-services\/egg-donation\/","title":{"rendered":"Donacion De Ovulos"},"content":{"rendered":"<p style=\"\">La FIV con donaci\u00f3n de \u00f3vulos en Ucrania es la mejor y m\u00e1s asequible soluci\u00f3n para los extranjeros que buscan la FIV y la donaci\u00f3n de \u00f3vulos de alta calidad en el extranjero. Lotus tiene altas tasas de \u00e9xito y le encantar\u00eda ayudarlo a hacer su sue\u00f1o de familia realidad.<\/p>\n<p>Una de las decisiones m\u00e1s importantes es encontrar una donante de \u00f3vulos cuando se realiza FIV en el extranjero. Una buena donante aumentar\u00e1 su tasa de \u00e9xito y puede mejorar las posibilidades de lograr un embarazo en el primer intento.Todos las donantes de Lotus se eligen despu\u00e9s de someterse a ex\u00e1menes medicos exhaustivos. Lotus proporciona los resultados de todos los ex\u00e1menes m\u00e9dicos, incluidos an\u00e1lisis de sangre, pruebas para enfermedades infecciosas, ecograf\u00edas, pruebas hormonales y gen\u00e9ticas, antes de la donaci\u00f3n.Las donantes son mujeres ucranianas de entre 20 y 33 a\u00f1os, son f\u00e9rtiles, tienen al menos un hijo propio, son atractivas e inteligentes.Lotus tiene una gran base de datos de donantes de \u00f3vulos exitosas y est\u00e1 reclutando nuevas donantes cada mes. Los padres recibir\u00e1n el historial m\u00e9dico completo del donante, el historial obst\u00e9trico y los resultados de la donaci\u00f3n de \u00f3vulos anteriores (si procede).<\/p>\n<p style=\"\"><strong>Por qu\u00e9 elegir Lotus para su programa de donantes:<\/strong><\/p>\n<ul>\n<li><span>Cl\u00ednicas y hospitales de primera calidad<\/span><\/li>\n<li><span>Personal y socios atentos<\/span><\/li>\n<li><span>Fiabilidad y confiabilidad<\/span><\/li>\n<li><span>Emparejamiento personal de donantes<\/span><\/li>\n<li><span>Sin tiempos de espera para ser emparejado con un donante<\/span><\/li>\n<li><span>Servicio r\u00e1pido al cliente<\/span><\/li>\n<li><span>Recomendaciones positivas de padres<\/span><\/li>\n<li><span>Garantizado 2 d\u00edas 5 embriones para transferencia<\/span><\/li>\n<\/ul>\n<p><span><img alt=\"\" data-id=\"25645\" width=\"200\" data-init-width=\"500\" height=\"200\" data-init-height=\"500\" title=\"\" loading=\"lazy\" data-tgpli-src=\"https:\/\/www.lotussurrogacy.com\/es\/wp-content\/uploads\/2020\/10\/seal-es.png\" data-width=\"200\" data-height=\"200\" style=\"\" data-tgpli-inited=\"\" id=\"tgpli-5f29d01598276\" src=\"https:\/\/www.lotussurrogacy.com\/es\/wp-content\/uploads\/2020\/10\/seal-es.png\">[tcb-script]window.tgpQueue.add(&#8216;tgpli-5f29d01598276&#8217;)[\/tcb-script][tcb-noscript]<img alt=\"\" data-id=\"25645\" width=\"200\" data-init-width=\"500\" height=\"200\" data-init-height=\"500\" title=\"\" loading=\"lazy\" data-tgpli-src=\"https:\/\/www.lotussurrogacy.com\/es\/wp-content\/uploads\/2020\/10\/seal-es.png\" data-width=\"200\" data-height=\"200\" style=\"\" data-tgpli-inited=\"\" id=\"tgpli-5f29d01598276\" src=\"https:\/\/www.lotussurrogacy.com\/es\/wp-content\/uploads\/2020\/10\/seal-es.png\">[\/tcb-noscript][tcb-script]window.tgpQueue.add(&#8216;tgpli-5f29d01598276&#8217;)[\/tcb-script][tcb-noscript]<img alt=\"\" data-id=\"25645\" width=\"200\" data-init-width=\"500\" height=\"200\" data-init-height=\"500\" title=\"\" loading=\"lazy\" data-tgpli-src=\"https:\/\/www.lotussurrogacy.com\/es\/wp-content\/uploads\/2020\/10\/seal-es.png\" data-width=\"200\" data-height=\"200\" style=\"\" data-tgpli-inited=\"\" id=\"tgpli-5f29d01598276\" data-tgpli-image-inited=\"\"><img alt=\"\" data-id=\"25645\" width=\"200\" data-init-width=\"500\" height=\"200\" data-init-height=\"500\" title=\"\" loading=\"lazy\" data-tgpli-src=\"https:\/\/www.lotussurrogacy.com\/es\/wp-content\/uploads\/2020\/10\/seal-es.png\" data-width=\"200\" data-height=\"200\" style=\"\" data-tgpli-inited=\"\" id=\"tgpli-5f29d01598276\" src=\"https:\/\/www.lotussurrogacy.com\/es\/wp-content\/uploads\/2020\/10\/seal-es.png\">[\/tcb-noscript][tcb-script]window.tgpQueue.add(&#8216;tgpli-5f29d01598276&#8217;)[\/tcb-script][tcb-noscript]<img alt=\"\" data-id=\"25645\" width=\"200\" data-init-width=\"500\" height=\"200\" data-init-height=\"500\" title=\"seal\" loading=\"lazy\" data-tgpli-src=\"https:\/\/www.lotussurrogacy.com\/es\/wp-content\/uploads\/2020\/10\/seal-es.png\" data-width=\"200\" data-height=\"200\" style=\"\" data-tgpli-inited=\"\" id=\"tgpli-5f29d01598276\" data-tgpli-image-inited=\"\"><img alt=\"\" data-id=\"25645\" width=\"200\" data-init-width=\"500\" height=\"200\" data-init-height=\"500\" title=\"seal\" loading=\"lazy\" data-tgpli-src=\"https:\/\/www.lotussurrogacy.com\/es\/wp-content\/uploads\/2020\/10\/seal-es.png\" data-width=\"200\" data-height=\"200\" style=\"\" data-tgpli-inited=\"\" id=\"tgpli-5f29d01598276\" data-tgpli-src=\"https:\/\/www.lotussurrogacy.com\/es\/wp-content\/uploads\/2020\/10\/seal-es.png\" data-tgpli-inited data-tgpli-image-inited ><img alt=\"\" data-id=\"25645\" width=\"200\" data-init-width=\"500\" height=\"200\" data-init-height=\"500\" title=\"seal\" loading=\"lazy\" data-tgpli-src=\"https:\/\/www.lotussurrogacy.com\/es\/wp-content\/uploads\/2020\/10\/seal-es.png\" data-width=\"200\" data-height=\"200\" style=\"\" data-tgpli-inited=\"\" id=\"tgpli-5f29d01598276\" src=\"https:\/\/www.lotussurrogacy.com\/es\/wp-content\/uploads\/2020\/10\/seal-es.png\">[\/tcb-noscript][tcb-script]window.tgpQueue.add(&#8216;tgpli-5f29d01598276&#8217;)[\/tcb-script][tcb-noscript]<img alt=\"\" data-id=\"25645\" width=\"200\" data-init-width=\"500\" height=\"200\" data-init-height=\"500\" title=\"seal\" loading=\"lazy\" data-tgpli-src=\"https:\/\/www.lotussurrogacy.com\/es\/wp-content\/uploads\/2020\/10\/seal-es.png\" data-width=\"200\" data-height=\"200\" style=\"\" data-tgpli-inited=\"\" id=\"tgpli-5f2fe75a234ed\" src=\"https:\/\/www.lotussurrogacy.com\/es\/wp-content\/uploads\/2020\/10\/seal-es.png\"><img alt=\"\" data-id=\"25645\" width=\"200\" data-init-width=\"500\" height=\"200\" data-init-height=\"500\" title=\"seal\" loading=\"lazy\" data-tgpli-src=\"https:\/\/www.lotussurrogacy.com\/es\/wp-content\/uploads\/2020\/10\/seal-es.png\" data-width=\"200\" data-height=\"200\" style=\"\" data-tgpli-inited data-tgpli-image-inited id=\"tgpli-5f9194077e848\" ><img alt=\"\" data-id=\"25645\" width=\"200\" data-init-width=\"500\" height=\"200\" data-init-height=\"500\" title=\"seal\" loading=\"lazy\" data-tgpli-src=\"https:\/\/www.lotussurrogacy.com\/es\/wp-content\/uploads\/2020\/10\/seal-es.png\" data-width=\"200\" data-height=\"200\" style=\"\" data-tgpli-inited data-tgpli-image-inited id=\"tgpli-5f9195c2b47ba\" ><img alt=\"\" data-id=\"25645\" width=\"200\" data-init-width=\"500\" height=\"200\" data-init-height=\"500\" title=\"seal\" loading=\"lazy\" src=\"https:\/\/www.lotussurrogacy.com\/es\/wp-content\/uploads\/2020\/10\/seal-es.png\" data-width=\"200\" data-height=\"200\" style=\"\">[\/tcb-noscript]<\/span><span><img alt=\"\" data-id=\"25646\" width=\"363\" data-init-width=\"2048\" height=\"254\" data-init-height=\"1434\" title=\"\" loading=\"lazy\" data-tgpli-src=\"https:\/\/www.lotussurrogacy.com\/es\/wp-content\/uploads\/2020\/07\/iStock-500800450.jpg\" data-width=\"363\" data-height=\"254\" data-tgpli-inited=\"\" id=\"tgpli-5f29d01598282\" src=\"https:\/\/www.lotussurrogacy.com\/es\/wp-content\/uploads\/2020\/07\/iStock-500800450.jpg\">[tcb-script]window.tgpQueue.add(&#8216;tgpli-5f29d01598282&#8217;)[\/tcb-script][tcb-noscript]<img alt=\"\" data-id=\"25646\" width=\"363\" data-init-width=\"2048\" height=\"254\" data-init-height=\"1434\" title=\"\" loading=\"lazy\" data-tgpli-src=\"https:\/\/www.lotussurrogacy.com\/es\/wp-content\/uploads\/2020\/07\/iStock-500800450.jpg\" data-width=\"363\" data-height=\"254\" data-tgpli-inited=\"\" id=\"tgpli-5f29d01598282\" src=\"https:\/\/www.lotussurrogacy.com\/es\/wp-content\/uploads\/2020\/07\/iStock-500800450.jpg\">[\/tcb-noscript][tcb-script]window.tgpQueue.add(&#8216;tgpli-5f29d01598282&#8217;)[\/tcb-script][tcb-noscript]<img alt=\"\" data-id=\"25646\" width=\"363\" data-init-width=\"2048\" height=\"254\" data-init-height=\"1434\" title=\"\" loading=\"lazy\" data-tgpli-src=\"https:\/\/www.lotussurrogacy.com\/es\/wp-content\/uploads\/2020\/07\/iStock-500800450.jpg\" data-width=\"363\" data-height=\"254\" data-tgpli-inited=\"\" id=\"tgpli-5f29d01598282\" data-tgpli-image-inited=\"\"><img alt=\"\" data-id=\"25646\" width=\"363\" data-init-width=\"2048\" height=\"254\" data-init-height=\"1434\" title=\"\" loading=\"lazy\" data-tgpli-src=\"https:\/\/www.lotussurrogacy.com\/es\/wp-content\/uploads\/2020\/07\/iStock-500800450.jpg\" data-width=\"363\" data-height=\"254\" data-tgpli-inited=\"\" id=\"tgpli-5f29d01598282\" src=\"https:\/\/www.lotussurrogacy.com\/es\/wp-content\/uploads\/2020\/07\/iStock-500800450.jpg\">[\/tcb-noscript][tcb-script]window.tgpQueue.add(&#8216;tgpli-5f29d01598282&#8217;)[\/tcb-script][tcb-noscript]<img alt=\"\" data-id=\"25646\" width=\"363\" data-init-width=\"2048\" height=\"254\" data-init-height=\"1434\" title=\"\" loading=\"lazy\" data-tgpli-src=\"https:\/\/www.lotussurrogacy.com\/es\/wp-content\/uploads\/2020\/07\/iStock-500800450.jpg\" data-width=\"363\" data-height=\"254\" data-tgpli-inited=\"\" id=\"tgpli-5f29d01598282\" data-tgpli-image-inited=\"\"><img alt=\"\" data-id=\"25646\" width=\"363\" data-init-width=\"2048\" height=\"254\" data-init-height=\"1434\" title=\"\" loading=\"lazy\" data-tgpli-src=\"https:\/\/www.lotussurrogacy.com\/es\/wp-content\/uploads\/2020\/07\/iStock-500800450.jpg\" data-width=\"363\" data-height=\"254\" data-tgpli-inited=\"\" id=\"tgpli-5f29d01598282\" data-tgpli-src=\"https:\/\/www.lotussurrogacy.com\/es\/wp-content\/uploads\/2020\/07\/iStock-500800450.jpg\" data-tgpli-inited data-tgpli-image-inited ><img alt=\"\" data-id=\"25646\" width=\"363\" data-init-width=\"2048\" height=\"254\" data-init-height=\"1434\" title=\"\" loading=\"lazy\" data-tgpli-src=\"https:\/\/www.lotussurrogacy.com\/es\/wp-content\/uploads\/2020\/07\/iStock-500800450.jpg\" data-width=\"363\" data-height=\"254\" data-tgpli-inited=\"\" id=\"tgpli-5f29d01598282\" src=\"https:\/\/www.lotussurrogacy.com\/es\/wp-content\/uploads\/2020\/07\/iStock-500800450.jpg\">[\/tcb-noscript][tcb-script]window.tgpQueue.add(&#8216;tgpli-5f29d01598282&#8217;)[\/tcb-script][tcb-noscript]<img alt=\"\" data-id=\"25646\" width=\"363\" data-init-width=\"2048\" height=\"254\" data-init-height=\"1434\" title=\"\" loading=\"lazy\" data-tgpli-src=\"https:\/\/www.lotussurrogacy.com\/es\/wp-content\/uploads\/2020\/07\/iStock-500800450.jpg\" data-width=\"363\" data-height=\"254\" data-tgpli-inited=\"\" id=\"tgpli-5f2fe75a2350e\" src=\"https:\/\/www.lotussurrogacy.com\/es\/wp-content\/uploads\/2020\/07\/iStock-500800450.jpg\"><img alt=\"\" data-id=\"25646\" width=\"363\" data-init-width=\"2048\" height=\"254\" data-init-height=\"1434\" title=\"\" loading=\"lazy\" data-tgpli-src=\"https:\/\/www.lotussurrogacy.com\/es\/wp-content\/uploads\/2020\/07\/iStock-500800450.jpg\" data-width=\"363\" data-height=\"254\" data-tgpli-inited data-tgpli-image-inited id=\"tgpli-5f9194077e860\" ><img alt=\"\" data-id=\"25646\" width=\"363\" data-init-width=\"2048\" height=\"254\" data-init-height=\"1434\" title=\"\" loading=\"lazy\" data-tgpli-src=\"https:\/\/www.lotussurrogacy.com\/es\/wp-content\/uploads\/2020\/07\/iStock-500800450.jpg\" data-width=\"363\" data-height=\"254\" data-tgpli-inited data-tgpli-image-inited id=\"tgpli-5f9195c2b47dd\" ><img alt=\"\" data-id=\"25646\" width=\"363\" data-init-width=\"2048\" height=\"254\" data-init-height=\"1434\" title=\"\" loading=\"lazy\" src=\"https:\/\/www.lotussurrogacy.com\/es\/wp-content\/uploads\/2020\/07\/iStock-500800450.jpg\" data-width=\"363\" data-height=\"254\">[\/tcb-noscript]<\/span><\/p>\n","protected":false},"excerpt":{"rendered":"<p>La FIV con donaci\u00f3n de \u00f3vulos en Ucrania es la mejor y m\u00e1s asequible soluci\u00f3n para los extranjeros que buscan&#8230;<\/p>\n","protected":false},"author":1,"featured_media":25646,"parent":25236,"menu_order":25,"comment_status":"closed","ping_status":"closed","template":"","meta":{"pgc_sgb_lightbox_settings":"","footnotes":""},"class_list":["post-25238","page","type-page","status-publish","has-post-thumbnail"],"yoast_head":"<!-- This site is optimized with the Yoast SEO Premium plugin v27.2 (Yoast SEO v27.2) - https:\/\/yoast.com\/product\/yoast-seo-premium-wordpress\/ -->\n<title>Donacion De Ovulos - Lotus Surrogacy - Agencia de Subrogaci\u00f3n - Espa\u00f1a<\/title>\n<meta name=\"robots\" content=\"index, follow, max-snippet:-1, max-image-preview:large, max-video-preview:-1\" \/>\n<link rel=\"canonical\" href=\"https:\/\/www.lotussurrogacy.com\/es\/our-services\/egg-donation\/\" \/>\n<meta property=\"og:locale\" content=\"es_ES\" \/>\n<meta property=\"og:type\" content=\"article\" \/>\n<meta property=\"og:title\" content=\"Donacion De Ovulos\" \/>\n<meta property=\"og:description\" content=\"La FIV con donaci\u00f3n de \u00f3vulos en Ucrania es la mejor y m\u00e1s asequible soluci\u00f3n para los extranjeros que buscan...\" \/>\n<meta property=\"og:url\" content=\"https:\/\/www.lotussurrogacy.com\/es\/our-services\/egg-donation\/\" \/>\n<meta property=\"og:site_name\" content=\"Lotus Surrogacy - Agencia de Subrogaci\u00f3n - Espa\u00f1a\" \/>\n<meta property=\"article:publisher\" content=\"https:\/\/www.facebook.com\/lotusukraine\/\" \/>\n<meta property=\"article:modified_time\" content=\"2020-10-22T14:24:00+00:00\" \/>\n<meta property=\"og:image\" content=\"https:\/\/www.lotussurrogacy.com\/es\/wp-content\/uploads\/2020\/07\/iStock-500800450.jpg\" \/>\n\t<meta property=\"og:image:width\" content=\"2048\" \/>\n\t<meta property=\"og:image:height\" content=\"1434\" \/>\n\t<meta property=\"og:image:type\" content=\"image\/jpeg\" \/>\n<meta name=\"twitter:card\" content=\"summary_large_image\" \/>\n<meta name=\"twitter:label1\" content=\"Est. reading time\" \/>\n\t<meta name=\"twitter:data1\" content=\"2 minutes\" \/>\n<script type=\"application\/ld+json\" class=\"yoast-schema-graph\">{\"@context\":\"https:\/\/schema.org\",\"@graph\":[{\"@type\":\"WebPage\",\"@id\":\"https:\/\/www.lotussurrogacy.com\/es\/our-services\/egg-donation\/\",\"url\":\"https:\/\/www.lotussurrogacy.com\/es\/our-services\/egg-donation\/\",\"name\":\"Donacion De Ovulos - Lotus Surrogacy - Agencia de Subrogaci\u00f3n - Espa\u00f1a\",\"isPartOf\":{\"@id\":\"https:\/\/www.lotussurrogacy.com\/es\/#website\"},\"primaryImageOfPage\":{\"@id\":\"https:\/\/www.lotussurrogacy.com\/es\/our-services\/egg-donation\/#primaryimage\"},\"image\":{\"@id\":\"https:\/\/www.lotussurrogacy.com\/es\/our-services\/egg-donation\/#primaryimage\"},\"thumbnailUrl\":\"https:\/\/www.lotussurrogacy.com\/es\/wp-content\/uploads\/2020\/07\/iStock-500800450.jpg\",\"datePublished\":\"2020-07-27T08:22:08+00:00\",\"dateModified\":\"2020-10-22T14:24:00+00:00\",\"breadcrumb\":{\"@id\":\"https:\/\/www.lotussurrogacy.com\/es\/our-services\/egg-donation\/#breadcrumb\"},\"inLanguage\":\"es-ES\",\"potentialAction\":[{\"@type\":\"ReadAction\",\"target\":[\"https:\/\/www.lotussurrogacy.com\/es\/our-services\/egg-donation\/\"]}]},{\"@type\":\"ImageObject\",\"inLanguage\":\"es-ES\",\"@id\":\"https:\/\/www.lotussurrogacy.com\/es\/our-services\/egg-donation\/#primaryimage\",\"url\":\"https:\/\/www.lotussurrogacy.com\/es\/wp-content\/uploads\/2020\/07\/iStock-500800450.jpg\",\"contentUrl\":\"https:\/\/www.lotussurrogacy.com\/es\/wp-content\/uploads\/2020\/07\/iStock-500800450.jpg\",\"width\":2048,\"height\":1434},{\"@type\":\"BreadcrumbList\",\"@id\":\"https:\/\/www.lotussurrogacy.com\/es\/our-services\/egg-donation\/#breadcrumb\",\"itemListElement\":[{\"@type\":\"ListItem\",\"position\":1,\"name\":\"Home\",\"item\":\"https:\/\/www.lotussurrogacy.com\/es\/\"},{\"@type\":\"ListItem\",\"position\":2,\"name\":\"Nuestros Servicios\",\"item\":\"https:\/\/www.lotussurrogacy.com\/es\/our-services\/\"},{\"@type\":\"ListItem\",\"position\":3,\"name\":\"Donacion De Ovulos\"}]},{\"@type\":\"WebSite\",\"@id\":\"https:\/\/www.lotussurrogacy.com\/es\/#website\",\"url\":\"https:\/\/www.lotussurrogacy.com\/es\/\",\"name\":\"Lotus Surrogacy - Agencia de Subrogaci\u00f3n - Espa\u00f1a\",\"description\":\"Subrogaci\u00f3n en Ucrania\",\"publisher\":{\"@id\":\"https:\/\/www.lotussurrogacy.com\/es\/#organization\"},\"potentialAction\":[{\"@type\":\"SearchAction\",\"target\":{\"@type\":\"EntryPoint\",\"urlTemplate\":\"https:\/\/www.lotussurrogacy.com\/es\/?s={search_term_string}\"},\"query-input\":{\"@type\":\"PropertyValueSpecification\",\"valueRequired\":true,\"valueName\":\"search_term_string\"}}],\"inLanguage\":\"es-ES\"},{\"@type\":[\"Organization\",\"Place\",\"Corporation\"],\"@id\":\"https:\/\/www.lotussurrogacy.com\/es\/#organization\",\"name\":\"Lotus Surrogacy\",\"url\":\"https:\/\/www.lotussurrogacy.com\/es\/\",\"logo\":{\"@id\":\"https:\/\/www.lotussurrogacy.com\/es\/our-services\/egg-donation\/#local-main-organization-logo\"},\"image\":{\"@id\":\"https:\/\/www.lotussurrogacy.com\/es\/our-services\/egg-donation\/#local-main-organization-logo\"},\"sameAs\":[\"https:\/\/www.facebook.com\/lotusukraine\/\"],\"address\":{\"@id\":\"https:\/\/www.lotussurrogacy.com\/es\/our-services\/egg-donation\/#local-main-place-address\"},\"geo\":{\"@type\":\"GeoCoordinates\",\"latitude\":\"50.44137\",\"longitude\":\"30.5229\"},\"telephone\":[\"+1-978-438-6105\"],\"openingHoursSpecification\":[],\"email\":\"info@lotusukraine.com\"},{\"@type\":\"PostalAddress\",\"@id\":\"https:\/\/www.lotussurrogacy.com\/es\/our-services\/egg-donation\/#local-main-place-address\",\"streetAddress\":\"Basseina 5A\",\"addressLocality\":\"Kyiv\",\"postalCode\":\"01004\",\"addressCountry\":\"UA\"},{\"@type\":\"ImageObject\",\"inLanguage\":\"es-ES\",\"@id\":\"https:\/\/www.lotussurrogacy.com\/es\/our-services\/egg-donation\/#local-main-organization-logo\",\"url\":\"https:\/\/www.lotussurrogacy.com\/es\/wp-content\/uploads\/2020\/07\/Logo-795.png\",\"contentUrl\":\"https:\/\/www.lotussurrogacy.com\/es\/wp-content\/uploads\/2020\/07\/Logo-795.png\",\"width\":795,\"height\":130,\"caption\":\"Lotus Surrogacy\"}]}<\/script>\n<meta name=\"geo.placename\" content=\"Kyiv\" \/>\n<meta name=\"geo.position\" content=\"50.44137;30.5229\" \/>\n<meta name=\"geo.region\" content=\"Ucrania\" \/>\n<!-- \/ Yoast SEO Premium plugin. -->","yoast_head_json":{"title":"Donacion De Ovulos - Lotus Surrogacy - Agencia de Subrogaci\u00f3n - Espa\u00f1a","robots":{"index":"index","follow":"follow","max-snippet":"max-snippet:-1","max-image-preview":"max-image-preview:large","max-video-preview":"max-video-preview:-1"},"canonical":"https:\/\/www.lotussurrogacy.com\/es\/our-services\/egg-donation\/","og_locale":"es_ES","og_type":"article","og_title":"Donacion De Ovulos","og_description":"La FIV con donaci\u00f3n de \u00f3vulos en Ucrania es la mejor y m\u00e1s asequible soluci\u00f3n para los extranjeros que buscan...","og_url":"https:\/\/www.lotussurrogacy.com\/es\/our-services\/egg-donation\/","og_site_name":"Lotus Surrogacy - Agencia de Subrogaci\u00f3n - Espa\u00f1a","article_publisher":"https:\/\/www.facebook.com\/lotusukraine\/","article_modified_time":"2020-10-22T14:24:00+00:00","og_image":[{"width":2048,"height":1434,"url":"https:\/\/www.lotussurrogacy.com\/es\/wp-content\/uploads\/2020\/07\/iStock-500800450.jpg","type":"image\/jpeg"}],"twitter_card":"summary_large_image","twitter_misc":{"Est. reading time":"2 minutes"},"schema":{"@context":"https:\/\/schema.org","@graph":[{"@type":"WebPage","@id":"https:\/\/www.lotussurrogacy.com\/es\/our-services\/egg-donation\/","url":"https:\/\/www.lotussurrogacy.com\/es\/our-services\/egg-donation\/","name":"Donacion De Ovulos - Lotus Surrogacy - Agencia de Subrogaci\u00f3n - Espa\u00f1a","isPartOf":{"@id":"https:\/\/www.lotussurrogacy.com\/es\/#website"},"primaryImageOfPage":{"@id":"https:\/\/www.lotussurrogacy.com\/es\/our-services\/egg-donation\/#primaryimage"},"image":{"@id":"https:\/\/www.lotussurrogacy.com\/es\/our-services\/egg-donation\/#primaryimage"},"thumbnailUrl":"https:\/\/www.lotussurrogacy.com\/es\/wp-content\/uploads\/2020\/07\/iStock-500800450.jpg","datePublished":"2020-07-27T08:22:08+00:00","dateModified":"2020-10-22T14:24:00+00:00","breadcrumb":{"@id":"https:\/\/www.lotussurrogacy.com\/es\/our-services\/egg-donation\/#breadcrumb"},"inLanguage":"es-ES","potentialAction":[{"@type":"ReadAction","target":["https:\/\/www.lotussurrogacy.com\/es\/our-services\/egg-donation\/"]}]},{"@type":"ImageObject","inLanguage":"es-ES","@id":"https:\/\/www.lotussurrogacy.com\/es\/our-services\/egg-donation\/#primaryimage","url":"https:\/\/www.lotussurrogacy.com\/es\/wp-content\/uploads\/2020\/07\/iStock-500800450.jpg","contentUrl":"https:\/\/www.lotussurrogacy.com\/es\/wp-content\/uploads\/2020\/07\/iStock-500800450.jpg","width":2048,"height":1434},{"@type":"BreadcrumbList","@id":"https:\/\/www.lotussurrogacy.com\/es\/our-services\/egg-donation\/#breadcrumb","itemListElement":[{"@type":"ListItem","position":1,"name":"Home","item":"https:\/\/www.lotussurrogacy.com\/es\/"},{"@type":"ListItem","position":2,"name":"Nuestros Servicios","item":"https:\/\/www.lotussurrogacy.com\/es\/our-services\/"},{"@type":"ListItem","position":3,"name":"Donacion De Ovulos"}]},{"@type":"WebSite","@id":"https:\/\/www.lotussurrogacy.com\/es\/#website","url":"https:\/\/www.lotussurrogacy.com\/es\/","name":"Lotus Surrogacy - Agencia de Subrogaci\u00f3n - Espa\u00f1a","description":"Subrogaci\u00f3n en Ucrania","publisher":{"@id":"https:\/\/www.lotussurrogacy.com\/es\/#organization"},"potentialAction":[{"@type":"SearchAction","target":{"@type":"EntryPoint","urlTemplate":"https:\/\/www.lotussurrogacy.com\/es\/?s={search_term_string}"},"query-input":{"@type":"PropertyValueSpecification","valueRequired":true,"valueName":"search_term_string"}}],"inLanguage":"es-ES"},{"@type":["Organization","Place","Corporation"],"@id":"https:\/\/www.lotussurrogacy.com\/es\/#organization","name":"Lotus Surrogacy","url":"https:\/\/www.lotussurrogacy.com\/es\/","logo":{"@id":"https:\/\/www.lotussurrogacy.com\/es\/our-services\/egg-donation\/#local-main-organization-logo"},"image":{"@id":"https:\/\/www.lotussurrogacy.com\/es\/our-services\/egg-donation\/#local-main-organization-logo"},"sameAs":["https:\/\/www.facebook.com\/lotusukraine\/"],"address":{"@id":"https:\/\/www.lotussurrogacy.com\/es\/our-services\/egg-donation\/#local-main-place-address"},"geo":{"@type":"GeoCoordinates","latitude":"50.44137","longitude":"30.5229"},"telephone":["+1-978-438-6105"],"openingHoursSpecification":[],"email":"info@lotusukraine.com"},{"@type":"PostalAddress","@id":"https:\/\/www.lotussurrogacy.com\/es\/our-services\/egg-donation\/#local-main-place-address","streetAddress":"Basseina 5A","addressLocality":"Kyiv","postalCode":"01004","addressCountry":"UA"},{"@type":"ImageObject","inLanguage":"es-ES","@id":"https:\/\/www.lotussurrogacy.com\/es\/our-services\/egg-donation\/#local-main-organization-logo","url":"https:\/\/www.lotussurrogacy.com\/es\/wp-content\/uploads\/2020\/07\/Logo-795.png","contentUrl":"https:\/\/www.lotussurrogacy.com\/es\/wp-content\/uploads\/2020\/07\/Logo-795.png","width":795,"height":130,"caption":"Lotus Surrogacy"}]},"geo.placename":"Kyiv","geo.position":{"lat":"50.44137","long":"30.5229"},"geo.region":"Ucrania"},"_links":{"self":[{"href":"https:\/\/www.lotussurrogacy.com\/es\/wp-json\/wp\/v2\/pages\/25238","targetHints":{"allow":["GET"]}}],"collection":[{"href":"https:\/\/www.lotussurrogacy.com\/es\/wp-json\/wp\/v2\/pages"}],"about":[{"href":"https:\/\/www.lotussurrogacy.com\/es\/wp-json\/wp\/v2\/types\/page"}],"author":[{"embeddable":true,"href":"https:\/\/www.lotussurrogacy.com\/es\/wp-json\/wp\/v2\/users\/1"}],"replies":[{"embeddable":true,"href":"https:\/\/www.lotussurrogacy.com\/es\/wp-json\/wp\/v2\/comments?post=25238"}],"version-history":[{"count":6,"href":"https:\/\/www.lotussurrogacy.com\/es\/wp-json\/wp\/v2\/pages\/25238\/revisions"}],"predecessor-version":[{"id":27824,"href":"https:\/\/www.lotussurrogacy.com\/es\/wp-json\/wp\/v2\/pages\/25238\/revisions\/27824"}],"up":[{"embeddable":true,"href":"https:\/\/www.lotussurrogacy.com\/es\/wp-json\/wp\/v2\/pages\/25236"}],"wp:featuredmedia":[{"embeddable":true,"href":"https:\/\/www.lotussurrogacy.com\/es\/wp-json\/wp\/v2\/media\/25646"}],"wp:attachment":[{"href":"https:\/\/www.lotussurrogacy.com\/es\/wp-json\/wp\/v2\/media?parent=25238"}],"curies":[{"name":"wp","href":"https:\/\/api.w.org\/{rel}","templated":true}]}}