{"id":25233,"date":"2020-07-27T08:15:15","date_gmt":"2020-07-27T08:15:15","guid":{"rendered":"https:\/\/www.lotussurrogacy.com\/fr\/?page_id=25233"},"modified":"2020-10-21T01:41:02","modified_gmt":"2020-10-20T22:41:02","slug":"questions-and-answers","status":"publish","type":"page","link":"https:\/\/www.lotussurrogacy.com\/fr\/intended-parents\/questions-and-answers\/","title":{"rendered":"Q&#038;R"},"content":{"rendered":"<h4 style=\"font-size: 18px !important;\">Quels Sont les Avantages de la Gestation Pour Autrui en Ukraine?<\/h4>\n<ol>\n<li><span>1<\/span><span>Le temps d&#8217;attente relativement court (le cas \u00e9ch\u00e9ant) pour vous mettre en correspondance avec une m\u00e8re porteuse.<\/span><\/li>\n<li><span>2<\/span><span>Les co\u00fbts accessibles.<\/span><\/li>\n<li><span>3<\/span><span>Laboratoires et cliniques de FIV de qualit\u00e9 avec des taux de r\u00e9ussite \u00e9lev\u00e9s.<\/span><\/li>\n<\/ol>\n<h4 style=\"font-size: 18px !important;\">Qui peut pr\u00e9tendre \u00e0 la Gestation Pour Autrui en Ukraine?<\/h4>\n<p style=\"font-size: 16px !important;\">Les couples mari\u00e9es h\u00e9t\u00e9rosexuelles sur la base des indications m\u00e9dicales, notamment:<\/p>\n<ol>\n<li><span>1<\/span><span>Absence de l\u2019ut\u00e9rus<\/span><\/li>\n<li><span>2<\/span><span>D\u00e9formation de la cavit\u00e9 ou du col de l&#8217;ut\u00e9rus en raison des anomalies cong\u00e9nitales du d\u00e9veloppement ou \u00e0 des traitements chirurgicaux, et des tumeurs b\u00e9nignes qui peuvent causer une grossesse infructueuse;<\/span><\/li>\n<li><span>3<\/span><span>Modifications structurelles-morphologiques ou anatomiques de l&#8217;endom\u00e8tre, qui ont conduit \u00e0 une perte de r\u00e9ceptivit\u00e9.<\/span><\/li>\n<li><span>4<\/span><span>Maladies somatiques graves \u2013 o\u00f9 une grossesse menace la sant\u00e9 ou la vie de la receveuse, mais n&#8217;influence pas la sant\u00e9 de l\u2019enfant futur;<\/span><\/li>\n<li><span>5<\/span><span>Tentatives de FIV infructueuses et r\u00e9p\u00e9t\u00e9es (quatre ou plus) avec obtention r\u00e9p\u00e9t\u00e9e des embryons de haute qualit\u00e9, dont le transfert n&#8217;a pas conduit \u00e0 une grossesse.<\/span><\/li>\n<\/ol>\n<h4 style=\"font-size: 18px !important;\">En tant que Parents d&#8217;Intention, Sommes-Nous Oblig\u00e9s de Voyager \u00e0 l&#8217;\u00c9tranger pour Commencer le Processus ou Peut-Il Commencer en Notre Absence?<\/h4>\n<p style=\"font-size: 16px !important;\">Si vous envoyez un acte de procuration \u00e0 Lotus, notari\u00e9 et certifi\u00e9, nous pouvons signer tous les contrats en votre nom. Nous pouvons vous aider \u00e0 exp\u00e9dier du sperme ou des embryons pour commencer le programme, donc pas besoin de venir en Ukraine avant la naissance de votre b\u00e9b\u00e9.<\/p>\n<h4 style=\"font-size: 18px !important;\">Pouvons-Nous \u00catre en Contact avec Notre M\u00e8re Porteuse Pendant la Grossesse?<\/h4>\n<p style=\"font-size: 16px !important;\">Cela d\u00e9pend des relations entre vous et votre m\u00e8re porteuse et de toutes vos attentes concernant le contact. Certains Parents d&#8217;Intention pr\u00e9f\u00e8rent moins de contact avec leur m\u00e8re porteuse et certains pr\u00e9f\u00e8rent \u00eatre plus impliqu\u00e9s. Il est important que ces attentes soient discut\u00e9es avec Lotus avant la mise en correspondance avec une m\u00e8re porteuse pour garantir un arrangement r\u00e9ussi<\/p>\n<h4 style=\"font-size: 18px !important;\">Les M\u00e8res Porteuses en Ukraine Parlent-Elles Anglais?<\/h4>\n<p style=\"font-size: 16px !important;\">La plupart des m\u00e8res porteuses ne parlent pas anglais ; certaines parlent l\u2019anglais de base. Lotus vous aidera avec les appels et les services de traduction avec votre m\u00e8re porteuse.<\/p>\n<h4 style=\"font-size: 18px !important;\">O\u00f9 Habite la M\u00e8re Porteuse Pendant la Grossesse?<\/h4>\n<p style=\"font-size: 16px !important;\">Votre m\u00e8re porteuse habitera chez elle et continuera d&#8217;y habiter si elle se trouve \u00e0 proximit\u00e9 de la maternit\u00e9. Si votre m\u00e8re porteuse vient d&#8217;une province, elle d\u00e9m\u00e9nagera proche de la maternit\u00e9 peu avant le troisi\u00e8me trimestre (ou plus t\u00f4t si cela est m\u00e9dicalement indiqu\u00e9). Les Parents d\u2019Intention lui loueront un appartement, o\u00f9 elle habitera avec sa famille pour le reste de la grossesse.<\/p>\n<h4 style=\"font-size: 18px !important;\">Qui S&#8217;Assure Que la M\u00e8re Porteuse Prend Bien Soin de Votre B\u00e9b\u00e9 Pendant la Grossesse?<\/h4>\n<p style=\"font-size: 16px !important;\">Le personnel de Lotus supervisera et soutiendra votre m\u00e8re porteuse pendant la grossesse pour s&#8217;assurer qu&#8217;elle suit les instructions de son m\u00e9decin traitant.<\/p>\n<h4 style=\"font-size: 18px !important;\">Qui S&#8217;Assure Que la M\u00e8re Porteuse ait un Suivi m\u00e9dical?<\/h4>\n<p style=\"font-size: 16px !important;\">Lotus vous enverra un rapport apr\u00e8s chaque visite de votre m\u00e8re porteuse \u00e0 la clinique, pour un rendez-vous m\u00e9dical. Nous maintiendrons \u00e9galement un contact quotidien avec votre m\u00e8re porteuse pour assurer son confort et sa sant\u00e9.<\/p>\n<h4 style=\"font-size: 18px !important;\">Qui peut devenir une m\u00e8re porteuse?<\/h4>\n<ol>\n<li><span>1<\/span><span>Une femme saine, de 18 \u00e0 35 ans<\/span><\/li>\n<li><span>2<\/span><span>Qui a eu un enfant ou des enfants sains;<\/span><\/li>\n<li><span>3<\/span><span>\u2019a pas de contre-indications m\u00e9dicales;<\/span><\/li>\n<li><span>4<\/span><span>Qui poss\u00e8de une stabilit\u00e9 morale et psychologique, une responsabilit\u00e9 et un grand d\u00e9sir d&#8217;aider une famille sans enfants;<\/span><\/li>\n<li><span>5<\/span><span>N&#8217;a pas d&#8217;ant\u00e9c\u00e9dents criminels;<\/span><\/li>\n<li><span>6<\/span><span>A le consentement \u00e9crit de son mari si elle est mari\u00e9e;<\/span><\/li>\n<li><span>7<\/span><span>A accept\u00e9 d&#8217;\u00eatre seulement m\u00e8re porteuse et de ne pas \u00eatre g\u00e9n\u00e9tiquement li\u00e9 \u00e0 l&#8217;enfant.<\/span><\/li>\n<\/ol>\n<h4 style=\"font-size: 18px !important;\">Qui s\u2019occupe de l\u2019arriv\u00e9e du b\u00e9b\u00e9 dans notre pays d\u2019origine apr\u00e8s sa naissance?<\/h4>\n<p style=\"font-size: 16px !important;\">Les avocats de Lotus sp\u00e9cialis\u00e9s en droit de la famille et de l&#8217;immigration se chargeront d&#8217;obtenir les documents n\u00e9cessaires pour ramener votre enfant chez vous. La documentation comprend le certificat de naissance avec le nom des parents avec un cachet officiel (Apostille) requis par la plupart des autorit\u00e9s nationales, des traductions de documents etc.<\/p>\n<h4 style=\"font-size: 18px !important;\">Comment pouvons-nous nous assurer que la m\u00e8re porteuse remet le b\u00e9b\u00e9 apr\u00e8s l\u2019accouchement?<\/h4>\n<p style=\"font-size: 16px !important;\">La m\u00e8re porteuse n&#8217;a aucun droit parental sur votre enfant, \u00e0 toutes les \u00e9tapes du processus! En Ukraine, la loi est sans \u00e9quivoque, en d\u00e9clarant que les droits pr\u00e9natals et postnataux du b\u00e9b\u00e9 sont d\u00e9tenus par les parents d&#8217;intention uniquement.La compensation mon\u00e9taire est la principale raison pour laquelle les m\u00e8res porteuses choisissent de porter des enfants pour les autres. Votre m\u00e8re porteuse ne re\u00e7oit le paiement final qu\u2019apr\u00e8s que le b\u00e9b\u00e9 soit enregistr\u00e9 \u00e0 votre ambassade et qu\u2019un document de voyage est \u00e9mis au nom de votre b\u00e9b\u00e9.<\/p>\n<h4 style=\"font-size: 18px !important;\">Combien de temps faut-il entre la naissance et le retour du b\u00e9b\u00e9 chez nous?<\/h4>\n<p style=\"font-size: 16px !important;\">Cela prend g\u00e9n\u00e9ralement de 2 \u00e0 9 semaines, selon votre nationalit\u00e9 et les exigences ou les d\u00e9lais de l&#8217;Ambassade pour la d\u00e9livrance du passeport de votre nouveau-n\u00e9.<\/p>\n<h4 style=\"font-size: 18px !important;\">Quel est l\u2019\u00e9ch\u00e9ancier de notre m\u00e8re porteuse?<\/h4>\n<p style=\"font-size: 16px !important;\">La m\u00e8re porteuse re\u00e7oit une indemnit\u00e9 pour le port de votre enfant uniquement apr\u00e8s la naissance et apr\u00e8s avoir sign\u00e9 les documents d&#8217;enregistrement de l&#8217;enfant. Pendant la grossesse, les parents d\u2019intention versent \u00e0 leur m\u00e8re porteuse une indemnit\u00e9 mensuelle.<\/p>\n<h4 style=\"font-size: 18px !important;\">Quand pouvons-nous obtenir des mises \u00e0 jour concernant les \u00e9v\u00e9nements \u00e0 l&#8217;\u00e9tranger?<\/h4>\n<p style=\"font-size: 16px !important;\">Lotus s&#8217;efforcera d\u2019informer les parents d\u2019intention d\u00e8s que des informations seront disponibles. Il peut y avoir de petits retards si celle-ci doivent \u00eatre traduites.<\/p>\n<h4 style=\"font-size: 18px !important;\">\u00c0 quelle fr\u00e9quence recevrons-nous des mises \u00e0 jour concernant notre programme et notre m\u00e8re porteuse?<\/h4>\n<p style=\"font-size: 16px !important;\">Cela d\u00e9pend de la gestation de votre m\u00e8re porteuse et des heures de consultations. Lotus maintient un contact quotidien avec la clinique et nous vous tiendrons au courant de tout d\u00e9veloppement d\u00e8s que possible.<\/p>\n<h4 style=\"font-size: 18px !important;\">Notre m\u00e8re porteuse acceptera-t-elle toutes les proc\u00e9dures m\u00e9dicales n\u00e9cessaires pour donner naissance \u00e0 un b\u00e9b\u00e9 sain?<\/h4>\n<p style=\"font-size: 16px !important;\">Oui. Cela fait partie des consentements des m\u00e8res porteuses dans le contrat.<\/p>\n<h4 style=\"font-size: 18px !important;\">Combien de contrats y a-t-il dans la proc\u00e9dure elle-m\u00eame?<\/h4>\n<p>Le processus de gestation pour autrui est \u00e0 la fois juridique et m\u00e9dical. Il est important de se rappeler qu&#8217;il s&#8217;agit de droits parentaux, qui doivent \u00eatre d\u00e9finis dans les contrats.Vous devez insister sur les contrats suivants, dans le cadre du processus:<\/p>\n<ol>\n<li><span>1<\/span><span>Un contrat notari\u00e9 entre vous et votre m\u00e8re porteuse<\/span><\/li>\n<li><span>2<\/span><span>Un contrat entre vous et le centre de fertilit\u00e9<\/span><\/li>\n<li><span>3<\/span><span>Un contrat entre vous et l&#8217;agence<\/span><\/li>\n<\/ol>\n<h4 style=\"font-size: 18px !important;\">Obtenons-nous des copies des contrats avant de les signer?<\/h4>\n<p style=\"font-size: 16px !important;\">Bien s\u00fbr. Avant de signer un contrat de service avec Lotus, vous recevrez des copies de tous les contrats d\u00e9crits ci-dessus.<\/p>\n<h4 style=\"font-size: 18px !important;\">Quel est le processus de sortie d&#8217;Ukraine apr\u00e8s la naissance?<\/h4>\n<p>Vous devrez faire une demande \u00e0 l&#8217;ambassade la plus proche pour obtenir la citoyennet\u00e9 et ensuite un passeport pour votre enfant. Lotus r\u00e9pondra \u00e0 toutes les exigences n\u00e9cessaires pour entreprendre ce processus.\u00c0 l&#8217;a\u00e9roport, les responsables v\u00e9rifieront que le nouveau-n\u00e9 a:<\/p>\n<ol>\n<li><span>1<\/span><span>Passeport valide;<\/span><\/li>\n<li><span>2<\/span><span>Aucune interdiction de quitter le pays;<\/span><\/li>\n<li><span>3<\/span><span>Aucune violation de la dur\u00e9e du s\u00e9jour en Ukraine.<\/span><\/li>\n<\/ol>\n<p style=\"font-size: 16px !important;\">Si le b\u00e9b\u00e9 remplit ces conditions, il ou elle peut quitter l&#8217;Ukraine. Aucun visa de sortie n&#8217;est n\u00e9cessaire.<\/p>\n<h4 style=\"font-size: 18px !important;\">Quels services Lotus fournit-il?<\/h4>\n<ol>\n<li><span>1<\/span><span>Votre mise en correspondance avec une bonne m\u00e8re porteuse<\/span><\/li>\n<li><span>2<\/span><span>Votre mise en correspondance avec une donneuse d\u2019ovules<\/span><\/li>\n<li><span>3<\/span><span>Organisation de votre programme de la gestation pour autrui<\/span><\/li>\n<li><span>4<\/span><span>Organisation de la naissance de votre enfant<\/span><\/li>\n<li><span>5<\/span><span>Traduction des informations et de la documentation en anglais<\/span><\/li>\n<li><span>6<\/span><span>Prendre soin de votre m\u00e8re porteuse<\/span><\/li>\n<li><span>7<\/span><span>Services juridiques<\/span><\/li>\n<li><span>8<\/span><span>Coordination de la logistique avec notre clinique partenaire, y compris les rendez-vous et le contact avec votre m\u00e8re porteuse<\/span><\/li>\n<li><span>9<\/span><span>Aide pour toute la bureaucratie apr\u00e8s la naissance pour le certificat de naissance et le processus de sortie<\/span><\/li>\n<li><span>10<\/span><span>Aide \u00e0 trouver un logement \u00e0 Kiev<\/span><\/li>\n<\/ol>\n<h6 style=\"text-align: center;\">Avez-vous d\u2019autres questions?ENVOYEZ-NOUS UN MESSAGEON PROMET DE VOUS R\u00c9PONDRE DANS LES MEILLEURS D\u00c9LAIS<\/h6>\n","protected":false},"excerpt":{"rendered":"<p>Quels Sont les Avantages de la Gestation Pour Autrui en Ukraine? 1Le temps d&#8217;attente relativement court (le cas \u00e9ch\u00e9ant) pour&#8230;<\/p>\n","protected":false},"author":1,"featured_media":25535,"parent":25220,"menu_order":12,"comment_status":"closed","ping_status":"closed","template":"","meta":{"pgc_sgb_lightbox_settings":"","footnotes":""},"class_list":["post-25233","page","type-page","status-publish","has-post-thumbnail"],"yoast_head":"<!-- This site is optimized with the Yoast SEO Premium plugin v27.2 (Yoast SEO v27.2) - https:\/\/yoast.com\/product\/yoast-seo-premium-wordpress\/ -->\n<title>Q&#038;R - Lotus Surrogacy - Agence de la Gestation Pour Autrui - France<\/title>\n<meta name=\"robots\" content=\"index, follow, max-snippet:-1, max-image-preview:large, max-video-preview:-1\" \/>\n<link rel=\"canonical\" href=\"https:\/\/www.lotussurrogacy.com\/fr\/intended-parents\/questions-and-answers\/\" \/>\n<meta property=\"og:locale\" content=\"fr_FR\" \/>\n<meta property=\"og:type\" content=\"article\" \/>\n<meta property=\"og:title\" content=\"Q&#038;R\" \/>\n<meta property=\"og:description\" content=\"Quels Sont les Avantages de la Gestation Pour Autrui en Ukraine? 1Le temps d&#8217;attente relativement court (le cas \u00e9ch\u00e9ant) pour...\" \/>\n<meta property=\"og:url\" content=\"https:\/\/www.lotussurrogacy.com\/fr\/intended-parents\/questions-and-answers\/\" \/>\n<meta property=\"og:site_name\" content=\"Lotus Surrogacy - Agence de la Gestation Pour Autrui - France\" \/>\n<meta property=\"article:publisher\" content=\"https:\/\/www.facebook.com\/lotusukraine\/\" \/>\n<meta property=\"article:modified_time\" content=\"2020-10-20T22:41:02+00:00\" \/>\n<meta property=\"og:image\" content=\"https:\/\/www.lotussurrogacy.com\/fr\/wp-content\/uploads\/2020\/07\/ivf.jpg\" \/>\n\t<meta property=\"og:image:width\" content=\"1000\" \/>\n\t<meta property=\"og:image:height\" content=\"667\" \/>\n\t<meta property=\"og:image:type\" content=\"image\/jpeg\" \/>\n<meta name=\"twitter:card\" content=\"summary_large_image\" \/>\n<meta name=\"twitter:label1\" content=\"Est. reading time\" \/>\n\t<meta name=\"twitter:data1\" content=\"7 minutes\" \/>\n<script type=\"application\/ld+json\" class=\"yoast-schema-graph\">{\"@context\":\"https:\/\/schema.org\",\"@graph\":[{\"@type\":\"WebPage\",\"@id\":\"https:\/\/www.lotussurrogacy.com\/fr\/intended-parents\/questions-and-answers\/\",\"url\":\"https:\/\/www.lotussurrogacy.com\/fr\/intended-parents\/questions-and-answers\/\",\"name\":\"Q&#038;R - Lotus Surrogacy - Agence de la Gestation Pour Autrui - France\",\"isPartOf\":{\"@id\":\"https:\/\/www.lotussurrogacy.com\/fr\/#website\"},\"primaryImageOfPage\":{\"@id\":\"https:\/\/www.lotussurrogacy.com\/fr\/intended-parents\/questions-and-answers\/#primaryimage\"},\"image\":{\"@id\":\"https:\/\/www.lotussurrogacy.com\/fr\/intended-parents\/questions-and-answers\/#primaryimage\"},\"thumbnailUrl\":\"https:\/\/www.lotussurrogacy.com\/fr\/wp-content\/uploads\/2020\/07\/ivf.jpg\",\"datePublished\":\"2020-07-27T08:15:15+00:00\",\"dateModified\":\"2020-10-20T22:41:02+00:00\",\"breadcrumb\":{\"@id\":\"https:\/\/www.lotussurrogacy.com\/fr\/intended-parents\/questions-and-answers\/#breadcrumb\"},\"inLanguage\":\"fr-FR\",\"potentialAction\":[{\"@type\":\"ReadAction\",\"target\":[\"https:\/\/www.lotussurrogacy.com\/fr\/intended-parents\/questions-and-answers\/\"]}]},{\"@type\":\"ImageObject\",\"inLanguage\":\"fr-FR\",\"@id\":\"https:\/\/www.lotussurrogacy.com\/fr\/intended-parents\/questions-and-answers\/#primaryimage\",\"url\":\"https:\/\/www.lotussurrogacy.com\/fr\/wp-content\/uploads\/2020\/07\/ivf.jpg\",\"contentUrl\":\"https:\/\/www.lotussurrogacy.com\/fr\/wp-content\/uploads\/2020\/07\/ivf.jpg\",\"width\":1000,\"height\":667},{\"@type\":\"BreadcrumbList\",\"@id\":\"https:\/\/www.lotussurrogacy.com\/fr\/intended-parents\/questions-and-answers\/#breadcrumb\",\"itemListElement\":[{\"@type\":\"ListItem\",\"position\":1,\"name\":\"Home\",\"item\":\"https:\/\/www.lotussurrogacy.com\/fr\/\"},{\"@type\":\"ListItem\",\"position\":2,\"name\":\"Parents D\u2019Intention\",\"item\":\"https:\/\/www.lotussurrogacy.com\/fr\/intended-parents\/\"},{\"@type\":\"ListItem\",\"position\":3,\"name\":\"Q&#038;R\"}]},{\"@type\":\"WebSite\",\"@id\":\"https:\/\/www.lotussurrogacy.com\/fr\/#website\",\"url\":\"https:\/\/www.lotussurrogacy.com\/fr\/\",\"name\":\"Lotus Surrogacy - Agence de la Gestation Pour Autrui - France\",\"description\":\"La Gestation pour autrui en Ukraine\",\"publisher\":{\"@id\":\"https:\/\/www.lotussurrogacy.com\/fr\/#organization\"},\"potentialAction\":[{\"@type\":\"SearchAction\",\"target\":{\"@type\":\"EntryPoint\",\"urlTemplate\":\"https:\/\/www.lotussurrogacy.com\/fr\/?s={search_term_string}\"},\"query-input\":{\"@type\":\"PropertyValueSpecification\",\"valueRequired\":true,\"valueName\":\"search_term_string\"}}],\"inLanguage\":\"fr-FR\"},{\"@type\":[\"Organization\",\"Place\",\"Corporation\"],\"@id\":\"https:\/\/www.lotussurrogacy.com\/fr\/#organization\",\"name\":\"Lotus Surrogacy\",\"url\":\"https:\/\/www.lotussurrogacy.com\/fr\/\",\"logo\":{\"@id\":\"https:\/\/www.lotussurrogacy.com\/fr\/intended-parents\/questions-and-answers\/#local-main-organization-logo\"},\"image\":{\"@id\":\"https:\/\/www.lotussurrogacy.com\/fr\/intended-parents\/questions-and-answers\/#local-main-organization-logo\"},\"sameAs\":[\"https:\/\/www.facebook.com\/lotusukraine\/\"],\"address\":{\"@id\":\"https:\/\/www.lotussurrogacy.com\/fr\/intended-parents\/questions-and-answers\/#local-main-place-address\"},\"geo\":{\"@type\":\"GeoCoordinates\",\"latitude\":\"50.44137\",\"longitude\":\"30.5229\"},\"telephone\":[\"+1-978-438-6105\"],\"openingHoursSpecification\":[],\"email\":\"info@lotusukraine.com\"},{\"@type\":\"PostalAddress\",\"@id\":\"https:\/\/www.lotussurrogacy.com\/fr\/intended-parents\/questions-and-answers\/#local-main-place-address\",\"streetAddress\":\"Basseina 5A\",\"addressLocality\":\"Kyiv\",\"postalCode\":\"01004\",\"addressCountry\":\"UA\"},{\"@type\":\"ImageObject\",\"inLanguage\":\"fr-FR\",\"@id\":\"https:\/\/www.lotussurrogacy.com\/fr\/intended-parents\/questions-and-answers\/#local-main-organization-logo\",\"url\":\"https:\/\/www.lotussurrogacy.com\/fr\/wp-content\/uploads\/2020\/07\/Logo-795.png\",\"contentUrl\":\"https:\/\/www.lotussurrogacy.com\/fr\/wp-content\/uploads\/2020\/07\/Logo-795.png\",\"width\":795,\"height\":130,\"caption\":\"Lotus Surrogacy\"}]}<\/script>\n<meta name=\"geo.placename\" content=\"Kyiv\" \/>\n<meta name=\"geo.position\" content=\"50.44137;30.5229\" \/>\n<meta name=\"geo.region\" content=\"Ukraine\" \/>\n<!-- \/ Yoast SEO Premium plugin. -->","yoast_head_json":{"title":"Q&#038;R - Lotus Surrogacy - Agence de la Gestation Pour Autrui - France","robots":{"index":"index","follow":"follow","max-snippet":"max-snippet:-1","max-image-preview":"max-image-preview:large","max-video-preview":"max-video-preview:-1"},"canonical":"https:\/\/www.lotussurrogacy.com\/fr\/intended-parents\/questions-and-answers\/","og_locale":"fr_FR","og_type":"article","og_title":"Q&#038;R","og_description":"Quels Sont les Avantages de la Gestation Pour Autrui en Ukraine? 1Le temps d&#8217;attente relativement court (le cas \u00e9ch\u00e9ant) pour...","og_url":"https:\/\/www.lotussurrogacy.com\/fr\/intended-parents\/questions-and-answers\/","og_site_name":"Lotus Surrogacy - Agence de la Gestation Pour Autrui - France","article_publisher":"https:\/\/www.facebook.com\/lotusukraine\/","article_modified_time":"2020-10-20T22:41:02+00:00","og_image":[{"width":1000,"height":667,"url":"https:\/\/www.lotussurrogacy.com\/fr\/wp-content\/uploads\/2020\/07\/ivf.jpg","type":"image\/jpeg"}],"twitter_card":"summary_large_image","twitter_misc":{"Est. reading time":"7 minutes"},"schema":{"@context":"https:\/\/schema.org","@graph":[{"@type":"WebPage","@id":"https:\/\/www.lotussurrogacy.com\/fr\/intended-parents\/questions-and-answers\/","url":"https:\/\/www.lotussurrogacy.com\/fr\/intended-parents\/questions-and-answers\/","name":"Q&#038;R - Lotus Surrogacy - Agence de la Gestation Pour Autrui - France","isPartOf":{"@id":"https:\/\/www.lotussurrogacy.com\/fr\/#website"},"primaryImageOfPage":{"@id":"https:\/\/www.lotussurrogacy.com\/fr\/intended-parents\/questions-and-answers\/#primaryimage"},"image":{"@id":"https:\/\/www.lotussurrogacy.com\/fr\/intended-parents\/questions-and-answers\/#primaryimage"},"thumbnailUrl":"https:\/\/www.lotussurrogacy.com\/fr\/wp-content\/uploads\/2020\/07\/ivf.jpg","datePublished":"2020-07-27T08:15:15+00:00","dateModified":"2020-10-20T22:41:02+00:00","breadcrumb":{"@id":"https:\/\/www.lotussurrogacy.com\/fr\/intended-parents\/questions-and-answers\/#breadcrumb"},"inLanguage":"fr-FR","potentialAction":[{"@type":"ReadAction","target":["https:\/\/www.lotussurrogacy.com\/fr\/intended-parents\/questions-and-answers\/"]}]},{"@type":"ImageObject","inLanguage":"fr-FR","@id":"https:\/\/www.lotussurrogacy.com\/fr\/intended-parents\/questions-and-answers\/#primaryimage","url":"https:\/\/www.lotussurrogacy.com\/fr\/wp-content\/uploads\/2020\/07\/ivf.jpg","contentUrl":"https:\/\/www.lotussurrogacy.com\/fr\/wp-content\/uploads\/2020\/07\/ivf.jpg","width":1000,"height":667},{"@type":"BreadcrumbList","@id":"https:\/\/www.lotussurrogacy.com\/fr\/intended-parents\/questions-and-answers\/#breadcrumb","itemListElement":[{"@type":"ListItem","position":1,"name":"Home","item":"https:\/\/www.lotussurrogacy.com\/fr\/"},{"@type":"ListItem","position":2,"name":"Parents D\u2019Intention","item":"https:\/\/www.lotussurrogacy.com\/fr\/intended-parents\/"},{"@type":"ListItem","position":3,"name":"Q&#038;R"}]},{"@type":"WebSite","@id":"https:\/\/www.lotussurrogacy.com\/fr\/#website","url":"https:\/\/www.lotussurrogacy.com\/fr\/","name":"Lotus Surrogacy - Agence de la Gestation Pour Autrui - France","description":"La Gestation pour autrui en Ukraine","publisher":{"@id":"https:\/\/www.lotussurrogacy.com\/fr\/#organization"},"potentialAction":[{"@type":"SearchAction","target":{"@type":"EntryPoint","urlTemplate":"https:\/\/www.lotussurrogacy.com\/fr\/?s={search_term_string}"},"query-input":{"@type":"PropertyValueSpecification","valueRequired":true,"valueName":"search_term_string"}}],"inLanguage":"fr-FR"},{"@type":["Organization","Place","Corporation"],"@id":"https:\/\/www.lotussurrogacy.com\/fr\/#organization","name":"Lotus Surrogacy","url":"https:\/\/www.lotussurrogacy.com\/fr\/","logo":{"@id":"https:\/\/www.lotussurrogacy.com\/fr\/intended-parents\/questions-and-answers\/#local-main-organization-logo"},"image":{"@id":"https:\/\/www.lotussurrogacy.com\/fr\/intended-parents\/questions-and-answers\/#local-main-organization-logo"},"sameAs":["https:\/\/www.facebook.com\/lotusukraine\/"],"address":{"@id":"https:\/\/www.lotussurrogacy.com\/fr\/intended-parents\/questions-and-answers\/#local-main-place-address"},"geo":{"@type":"GeoCoordinates","latitude":"50.44137","longitude":"30.5229"},"telephone":["+1-978-438-6105"],"openingHoursSpecification":[],"email":"info@lotusukraine.com"},{"@type":"PostalAddress","@id":"https:\/\/www.lotussurrogacy.com\/fr\/intended-parents\/questions-and-answers\/#local-main-place-address","streetAddress":"Basseina 5A","addressLocality":"Kyiv","postalCode":"01004","addressCountry":"UA"},{"@type":"ImageObject","inLanguage":"fr-FR","@id":"https:\/\/www.lotussurrogacy.com\/fr\/intended-parents\/questions-and-answers\/#local-main-organization-logo","url":"https:\/\/www.lotussurrogacy.com\/fr\/wp-content\/uploads\/2020\/07\/Logo-795.png","contentUrl":"https:\/\/www.lotussurrogacy.com\/fr\/wp-content\/uploads\/2020\/07\/Logo-795.png","width":795,"height":130,"caption":"Lotus Surrogacy"}]},"geo.placename":"Kyiv","geo.position":{"lat":"50.44137","long":"30.5229"},"geo.region":"Ukraine"},"_links":{"self":[{"href":"https:\/\/www.lotussurrogacy.com\/fr\/wp-json\/wp\/v2\/pages\/25233","targetHints":{"allow":["GET"]}}],"collection":[{"href":"https:\/\/www.lotussurrogacy.com\/fr\/wp-json\/wp\/v2\/pages"}],"about":[{"href":"https:\/\/www.lotussurrogacy.com\/fr\/wp-json\/wp\/v2\/types\/page"}],"author":[{"embeddable":true,"href":"https:\/\/www.lotussurrogacy.com\/fr\/wp-json\/wp\/v2\/users\/1"}],"replies":[{"embeddable":true,"href":"https:\/\/www.lotussurrogacy.com\/fr\/wp-json\/wp\/v2\/comments?post=25233"}],"version-history":[{"count":4,"href":"https:\/\/www.lotussurrogacy.com\/fr\/wp-json\/wp\/v2\/pages\/25233\/revisions"}],"predecessor-version":[{"id":27850,"href":"https:\/\/www.lotussurrogacy.com\/fr\/wp-json\/wp\/v2\/pages\/25233\/revisions\/27850"}],"up":[{"embeddable":true,"href":"https:\/\/www.lotussurrogacy.com\/fr\/wp-json\/wp\/v2\/pages\/25220"}],"wp:featuredmedia":[{"embeddable":true,"href":"https:\/\/www.lotussurrogacy.com\/fr\/wp-json\/wp\/v2\/media\/25535"}],"wp:attachment":[{"href":"https:\/\/www.lotussurrogacy.com\/fr\/wp-json\/wp\/v2\/media?parent=25233"}],"curies":[{"name":"wp","href":"https:\/\/api.w.org\/{rel}","templated":true}]}}