{"id":25238,"date":"2020-07-27T08:22:08","date_gmt":"2020-07-27T08:22:08","guid":{"rendered":"https:\/\/www.lotussurrogacy.com\/fr\/?page_id=25238"},"modified":"2020-10-21T01:42:17","modified_gmt":"2020-10-20T22:42:17","slug":"egg-donation","status":"publish","type":"page","link":"https:\/\/www.lotussurrogacy.com\/fr\/our-services\/egg-donation\/","title":{"rendered":"Don D\u2019Ovules"},"content":{"rendered":"<p style=\"\">La FIV avec don d\u2019ovules en Ukraine est la meilleure et la plus abordable solution pour les \u00e9trangers qui cherchent une FIV de haute qualit\u00e9 et un don d&#8217;ovules \u00e0 l&#8217;\u00e9tranger. Lotus a des taux de r\u00e9ussite \u00e9lev\u00e9s et aimerait vous aider \u00e0 r\u00e9aliser votre r\u00eave de fonder une famille.<\/p>\n<p>Trouver une donneuse d&#8217;ovules est l&#8217;une des d\u00e9cisions les plus importantes lorsque l&#8217;on aborde la FIV \u00e0 l&#8217;\u00e9tranger. Une bonne donneuse augmentera vos chances d&#8217;obtenir une grossesse au premier essai.Tous les donneurs de Lotus sont choisis apr\u00e8s avoir subis des examens m\u00e9dicaux approfondis. Lotus fournit les r\u00e9sultats de tous les examens m\u00e9dicaux, y compris les tests sanguins, les tests de maladies infectieuses, les \u00e9chographies, les tests hormonaux et g\u00e9n\u00e9tiques, avant le don.Les donneuses sont des femmes ukrainiennes de 20 \u00e0 33 ans, fertiles, avec au moins un enfant, attirantes et intelligentes.Lotus poss\u00e8de une grande base des donneuses d&#8217;ovules et recrute de nouvelles donneuses chaque mois. Les parents recevront les ant\u00e9c\u00e9dents m\u00e9dicaux complets de la donneuse, ses ant\u00e9c\u00e9dents obst\u00e9tricaux et les r\u00e9sultats ant\u00e9rieurs du don d\u2019ovules (si c\u2019est n\u00e9cessaire).<\/p>\n<p style=\"\"><strong>Pourquoi choisir Lotus pour votre programme de donneurs:<\/strong><\/p>\n<ul>\n<li><span style=\"\">Les cliniques et h\u00f4pitaux de qualit\u00e9 sup\u00e9rieure<\/span><\/li>\n<li><span style=\"\">Personnel et partenaires attentionn\u00e9s<\/span><\/li>\n<li><span style=\"\">Fiabilit\u00e9 et cr\u00e9dibilit\u00e9<\/span><\/li>\n<li><span style=\"\">Appariement personnel des donneuses<\/span><\/li>\n<li><span style=\"\">Aucune attente pour la communication avec une donneuse<\/span><\/li>\n<li><span style=\"\">Service rapide<\/span><\/li>\n<li><span style=\"\">Recommandations positives des parents<\/span><\/li>\n<li><span style=\"\">Les embryons garantis de 2 \u00e0 5 pour le transfert<\/span><\/li>\n<\/ul>\n<p><span><img alt=\"Satisfaction Garantie\" data-id=\"27818\" width=\"200\" data-init-width=\"500\" height=\"200\" data-init-height=\"500\" title=\"Satisfaction Garantie\" data-tgpli-src=\"https:\/\/www.lotussurrogacy.com\/fr\/wp-content\/uploads\/2020\/07\/seal-fr.png\" data-width=\"200\" data-height=\"200\" style=\"\" data-tgpli-inited=\"\" id=\"tgpli-5f29d01598276\" src=\"https:\/\/www.lotussurrogacy.com\/fr\/wp-content\/uploads\/2020\/07\/seal-fr.png\" loading=\"lazy\">[tcb-script]window.tgpQueue.add(&#8216;tgpli-5f29d01598276&#8217;)[\/tcb-script][tcb-noscript]<img alt=\"\" data-id=\"25645\" width=\"200\" data-init-width=\"500\" height=\"200\" data-init-height=\"500\" title=\"\" loading=\"lazy\" data-tgpli-src=\"https:\/\/www.lotussurrogacy.com\/fr\/wp-content\/uploads\/2020\/07\/seal-fr.png\" data-width=\"200\" data-height=\"200\" style=\"\" data-tgpli-inited=\"\" id=\"tgpli-5f29d01598276\" src=\"https:\/\/www.lotussurrogacy.com\/fr\/wp-content\/uploads\/2020\/07\/seal-fr.png\">[\/tcb-noscript][tcb-script]window.tgpQueue.add(&#8216;tgpli-5f29d01598276&#8217;)[\/tcb-script][tcb-noscript]<img alt=\"\" data-id=\"25645\" width=\"200\" data-init-width=\"500\" height=\"200\" data-init-height=\"500\" title=\"\" loading=\"lazy\" data-tgpli-src=\"https:\/\/www.lotussurrogacy.com\/fr\/wp-content\/uploads\/2020\/07\/seal-fr.png\" data-width=\"200\" data-height=\"200\" style=\"\" data-tgpli-inited=\"\" id=\"tgpli-5f29d01598276\" data-tgpli-image-inited=\"\"><img alt=\"\" data-id=\"25645\" width=\"200\" data-init-width=\"500\" height=\"200\" data-init-height=\"500\" title=\"\" loading=\"lazy\" data-tgpli-src=\"https:\/\/www.lotussurrogacy.com\/fr\/wp-content\/uploads\/2020\/07\/seal-fr.png\" data-width=\"200\" data-height=\"200\" style=\"\" data-tgpli-inited=\"\" id=\"tgpli-5f29d01598276\" src=\"https:\/\/www.lotussurrogacy.com\/fr\/wp-content\/uploads\/2020\/07\/seal-fr.png\">[\/tcb-noscript][tcb-script]window.tgpQueue.add(&#8216;tgpli-5f29d01598276&#8217;)[\/tcb-script][tcb-noscript]<img alt=\"\" data-id=\"25645\" width=\"200\" data-init-width=\"500\" height=\"200\" data-init-height=\"500\" title=\"seal\" loading=\"lazy\" data-tgpli-src=\"https:\/\/www.lotussurrogacy.com\/fr\/wp-content\/uploads\/2020\/07\/seal-fr.png\" data-width=\"200\" data-height=\"200\" style=\"\" data-tgpli-inited=\"\" id=\"tgpli-5f29d01598276\" data-tgpli-image-inited=\"\"><img alt=\"\" data-id=\"25645\" width=\"200\" data-init-width=\"500\" height=\"200\" data-init-height=\"500\" title=\"seal\" loading=\"lazy\" data-tgpli-src=\"https:\/\/www.lotussurrogacy.com\/fr\/wp-content\/uploads\/2020\/07\/seal-fr.png\" data-width=\"200\" data-height=\"200\" style=\"\" data-tgpli-inited=\"\" id=\"tgpli-5f29d01598276\" data-tgpli-image-inited=\"\"><img alt=\"\" data-id=\"25645\" width=\"200\" data-init-width=\"500\" height=\"200\" data-init-height=\"500\" title=\"seal\" loading=\"lazy\" data-tgpli-src=\"https:\/\/www.lotussurrogacy.com\/fr\/wp-content\/uploads\/2020\/07\/seal-fr.png\" data-width=\"200\" data-height=\"200\" style=\"\" data-tgpli-inited=\"\" id=\"tgpli-5f29d01598276\" src=\"https:\/\/www.lotussurrogacy.com\/fr\/wp-content\/uploads\/2020\/07\/seal-fr.png\">[\/tcb-noscript][tcb-script]window.tgpQueue.add(&#8216;tgpli-5f29d01598276&#8217;)[\/tcb-script][tcb-noscript]<img alt=\"\" data-id=\"25645\" width=\"200\" data-init-width=\"500\" height=\"200\" data-init-height=\"500\" title=\"seal\" loading=\"lazy\" data-tgpli-src=\"https:\/\/www.lotussurrogacy.com\/fr\/wp-content\/uploads\/2020\/07\/seal-fr.png\" data-width=\"200\" data-height=\"200\" style=\"\" data-tgpli-inited=\"\" id=\"tgpli-5f2fe75a234ed\" src=\"https:\/\/www.lotussurrogacy.com\/fr\/wp-content\/uploads\/2020\/07\/seal-fr.png\"><img alt=\"\" data-id=\"25645\" width=\"200\" data-init-width=\"500\" height=\"200\" data-init-height=\"500\" title=\"seal\" loading=\"lazy\" data-tgpli-src=\"https:\/\/www.lotussurrogacy.com\/fr\/wp-content\/uploads\/2020\/07\/seal-fr.png\" data-width=\"200\" data-height=\"200\" style=\"\" data-tgpli-inited=\"\" data-tgpli-image-inited=\"\" id=\"tgpli-5f8f416a53ba7\"><img alt=\"\" data-id=\"25645\" width=\"200\" data-init-width=\"500\" height=\"200\" data-init-height=\"500\" title=\"seal\" loading=\"lazy\" data-tgpli-src=\"https:\/\/www.lotussurrogacy.com\/fr\/wp-content\/uploads\/2020\/07\/seal-fr.png\" data-width=\"200\" data-height=\"200\" style=\"\" data-tgpli-inited=\"\" data-tgpli-image-inited=\"\" id=\"tgpli-5f8f4375022b8\"><img alt=\"\" data-id=\"25645\" width=\"200\" data-init-width=\"500\" height=\"200\" data-init-height=\"500\" title=\"seal\" loading=\"lazy\" src=\"https:\/\/www.lotussurrogacy.com\/fr\/wp-content\/uploads\/2020\/07\/seal-fr.png\" data-width=\"200\" data-height=\"200\" style=\"\">[\/tcb-noscript]<\/span><span><img alt=\"\" data-id=\"25646\" width=\"363\" data-init-width=\"2048\" height=\"254\" data-init-height=\"1434\" title=\"\" data-tgpli-src=\"https:\/\/www.lotussurrogacy.com\/fr\/wp-content\/uploads\/2020\/07\/iStock-500800450.jpg\" data-width=\"363\" data-height=\"254\" data-tgpli-inited=\"\" id=\"tgpli-5f29d01598282\" src=\"https:\/\/www.lotussurrogacy.com\/fr\/wp-content\/uploads\/2020\/07\/iStock-500800450.jpg\" loading=\"lazy\">[tcb-script]window.tgpQueue.add(&#8216;tgpli-5f29d01598282&#8217;)[\/tcb-script][tcb-noscript]<img alt=\"\" data-id=\"25646\" width=\"363\" data-init-width=\"2048\" height=\"254\" data-init-height=\"1434\" title=\"\" loading=\"lazy\" data-tgpli-src=\"https:\/\/www.lotussurrogacy.com\/fr\/wp-content\/uploads\/2020\/07\/iStock-500800450.jpg\" data-width=\"363\" data-height=\"254\" data-tgpli-inited=\"\" id=\"tgpli-5f29d01598282\" src=\"https:\/\/www.lotussurrogacy.com\/fr\/wp-content\/uploads\/2020\/07\/iStock-500800450.jpg\">[\/tcb-noscript][tcb-script]window.tgpQueue.add(&#8216;tgpli-5f29d01598282&#8217;)[\/tcb-script][tcb-noscript]<img alt=\"\" data-id=\"25646\" width=\"363\" data-init-width=\"2048\" height=\"254\" data-init-height=\"1434\" title=\"\" loading=\"lazy\" data-tgpli-src=\"https:\/\/www.lotussurrogacy.com\/fr\/wp-content\/uploads\/2020\/07\/iStock-500800450.jpg\" data-width=\"363\" data-height=\"254\" data-tgpli-inited=\"\" id=\"tgpli-5f29d01598282\" data-tgpli-image-inited=\"\"><img alt=\"\" data-id=\"25646\" width=\"363\" data-init-width=\"2048\" height=\"254\" data-init-height=\"1434\" title=\"\" loading=\"lazy\" data-tgpli-src=\"https:\/\/www.lotussurrogacy.com\/fr\/wp-content\/uploads\/2020\/07\/iStock-500800450.jpg\" data-width=\"363\" data-height=\"254\" data-tgpli-inited=\"\" id=\"tgpli-5f29d01598282\" src=\"https:\/\/www.lotussurrogacy.com\/fr\/wp-content\/uploads\/2020\/07\/iStock-500800450.jpg\">[\/tcb-noscript][tcb-script]window.tgpQueue.add(&#8216;tgpli-5f29d01598282&#8217;)[\/tcb-script][tcb-noscript]<img alt=\"\" data-id=\"25646\" width=\"363\" data-init-width=\"2048\" height=\"254\" data-init-height=\"1434\" title=\"\" loading=\"lazy\" data-tgpli-src=\"https:\/\/www.lotussurrogacy.com\/fr\/wp-content\/uploads\/2020\/07\/iStock-500800450.jpg\" data-width=\"363\" data-height=\"254\" data-tgpli-inited=\"\" id=\"tgpli-5f29d01598282\" data-tgpli-image-inited=\"\"><img alt=\"\" data-id=\"25646\" width=\"363\" data-init-width=\"2048\" height=\"254\" data-init-height=\"1434\" title=\"\" loading=\"lazy\" data-tgpli-src=\"https:\/\/www.lotussurrogacy.com\/fr\/wp-content\/uploads\/2020\/07\/iStock-500800450.jpg\" data-width=\"363\" data-height=\"254\" data-tgpli-inited=\"\" id=\"tgpli-5f29d01598282\" data-tgpli-image-inited=\"\"><img alt=\"\" data-id=\"25646\" width=\"363\" data-init-width=\"2048\" height=\"254\" data-init-height=\"1434\" title=\"\" loading=\"lazy\" data-tgpli-src=\"https:\/\/www.lotussurrogacy.com\/fr\/wp-content\/uploads\/2020\/07\/iStock-500800450.jpg\" data-width=\"363\" data-height=\"254\" data-tgpli-inited=\"\" id=\"tgpli-5f29d01598282\" src=\"https:\/\/www.lotussurrogacy.com\/fr\/wp-content\/uploads\/2020\/07\/iStock-500800450.jpg\">[\/tcb-noscript][tcb-script]window.tgpQueue.add(&#8216;tgpli-5f29d01598282&#8217;)[\/tcb-script][tcb-noscript]<img alt=\"\" data-id=\"25646\" width=\"363\" data-init-width=\"2048\" height=\"254\" data-init-height=\"1434\" title=\"\" loading=\"lazy\" data-tgpli-src=\"https:\/\/www.lotussurrogacy.com\/fr\/wp-content\/uploads\/2020\/07\/iStock-500800450.jpg\" data-width=\"363\" data-height=\"254\" data-tgpli-inited=\"\" id=\"tgpli-5f2fe75a2350e\" src=\"https:\/\/www.lotussurrogacy.com\/fr\/wp-content\/uploads\/2020\/07\/iStock-500800450.jpg\"><img alt=\"\" data-id=\"25646\" width=\"363\" data-init-width=\"2048\" height=\"254\" data-init-height=\"1434\" title=\"\" loading=\"lazy\" data-tgpli-src=\"https:\/\/www.lotussurrogacy.com\/fr\/wp-content\/uploads\/2020\/07\/iStock-500800450.jpg\" data-width=\"363\" data-height=\"254\" data-tgpli-inited=\"\" data-tgpli-image-inited=\"\" id=\"tgpli-5f8f416a53bc0\"><img alt=\"\" data-id=\"25646\" width=\"363\" data-init-width=\"2048\" height=\"254\" data-init-height=\"1434\" title=\"\" loading=\"lazy\" data-tgpli-src=\"https:\/\/www.lotussurrogacy.com\/fr\/wp-content\/uploads\/2020\/07\/iStock-500800450.jpg\" data-width=\"363\" data-height=\"254\" data-tgpli-inited=\"\" data-tgpli-image-inited=\"\" id=\"tgpli-5f8f4375022db\"><img alt=\"\" data-id=\"25646\" width=\"363\" data-init-width=\"2048\" height=\"254\" data-init-height=\"1434\" title=\"\" loading=\"lazy\" src=\"https:\/\/www.lotussurrogacy.com\/fr\/wp-content\/uploads\/2020\/07\/iStock-500800450.jpg\" data-width=\"363\" data-height=\"254\">[\/tcb-noscript]<\/span><\/p>\n","protected":false},"excerpt":{"rendered":"<p>La FIV avec don d\u2019ovules en Ukraine est la meilleure et la plus abordable solution pour les \u00e9trangers qui cherchent&#8230;<\/p>\n","protected":false},"author":1,"featured_media":25646,"parent":25236,"menu_order":25,"comment_status":"closed","ping_status":"closed","template":"","meta":{"pgc_sgb_lightbox_settings":"","footnotes":""},"class_list":["post-25238","page","type-page","status-publish","has-post-thumbnail"],"yoast_head":"<!-- This site is optimized with the Yoast SEO Premium plugin v27.2 (Yoast SEO v27.2) - https:\/\/yoast.com\/product\/yoast-seo-premium-wordpress\/ -->\n<title>Don D\u2019Ovules - Lotus Surrogacy - Agence de la Gestation Pour Autrui - France<\/title>\n<meta name=\"robots\" content=\"index, follow, max-snippet:-1, max-image-preview:large, max-video-preview:-1\" \/>\n<link rel=\"canonical\" href=\"https:\/\/www.lotussurrogacy.com\/fr\/our-services\/egg-donation\/\" \/>\n<meta property=\"og:locale\" content=\"fr_FR\" \/>\n<meta property=\"og:type\" content=\"article\" \/>\n<meta property=\"og:title\" content=\"Don D\u2019Ovules\" \/>\n<meta property=\"og:description\" content=\"La FIV avec don d\u2019ovules en Ukraine est la meilleure et la plus abordable solution pour les \u00e9trangers qui cherchent...\" \/>\n<meta property=\"og:url\" content=\"https:\/\/www.lotussurrogacy.com\/fr\/our-services\/egg-donation\/\" \/>\n<meta property=\"og:site_name\" content=\"Lotus Surrogacy - Agence de la Gestation Pour Autrui - France\" \/>\n<meta property=\"article:publisher\" content=\"https:\/\/www.facebook.com\/lotusukraine\/\" \/>\n<meta property=\"article:modified_time\" content=\"2020-10-20T22:42:17+00:00\" \/>\n<meta property=\"og:image\" content=\"https:\/\/www.lotussurrogacy.com\/fr\/wp-content\/uploads\/2020\/07\/iStock-500800450.jpg\" \/>\n\t<meta property=\"og:image:width\" content=\"2048\" \/>\n\t<meta property=\"og:image:height\" content=\"1434\" \/>\n\t<meta property=\"og:image:type\" content=\"image\/jpeg\" \/>\n<meta name=\"twitter:card\" content=\"summary_large_image\" \/>\n<meta name=\"twitter:label1\" content=\"Est. reading time\" \/>\n\t<meta name=\"twitter:data1\" content=\"2 minutes\" \/>\n<script type=\"application\/ld+json\" class=\"yoast-schema-graph\">{\"@context\":\"https:\/\/schema.org\",\"@graph\":[{\"@type\":\"WebPage\",\"@id\":\"https:\/\/www.lotussurrogacy.com\/fr\/our-services\/egg-donation\/\",\"url\":\"https:\/\/www.lotussurrogacy.com\/fr\/our-services\/egg-donation\/\",\"name\":\"Don D\u2019Ovules - Lotus Surrogacy - Agence de la Gestation Pour Autrui - France\",\"isPartOf\":{\"@id\":\"https:\/\/www.lotussurrogacy.com\/fr\/#website\"},\"primaryImageOfPage\":{\"@id\":\"https:\/\/www.lotussurrogacy.com\/fr\/our-services\/egg-donation\/#primaryimage\"},\"image\":{\"@id\":\"https:\/\/www.lotussurrogacy.com\/fr\/our-services\/egg-donation\/#primaryimage\"},\"thumbnailUrl\":\"https:\/\/www.lotussurrogacy.com\/fr\/wp-content\/uploads\/2020\/07\/iStock-500800450.jpg\",\"datePublished\":\"2020-07-27T08:22:08+00:00\",\"dateModified\":\"2020-10-20T22:42:17+00:00\",\"breadcrumb\":{\"@id\":\"https:\/\/www.lotussurrogacy.com\/fr\/our-services\/egg-donation\/#breadcrumb\"},\"inLanguage\":\"fr-FR\",\"potentialAction\":[{\"@type\":\"ReadAction\",\"target\":[\"https:\/\/www.lotussurrogacy.com\/fr\/our-services\/egg-donation\/\"]}]},{\"@type\":\"ImageObject\",\"inLanguage\":\"fr-FR\",\"@id\":\"https:\/\/www.lotussurrogacy.com\/fr\/our-services\/egg-donation\/#primaryimage\",\"url\":\"https:\/\/www.lotussurrogacy.com\/fr\/wp-content\/uploads\/2020\/07\/iStock-500800450.jpg\",\"contentUrl\":\"https:\/\/www.lotussurrogacy.com\/fr\/wp-content\/uploads\/2020\/07\/iStock-500800450.jpg\",\"width\":2048,\"height\":1434},{\"@type\":\"BreadcrumbList\",\"@id\":\"https:\/\/www.lotussurrogacy.com\/fr\/our-services\/egg-donation\/#breadcrumb\",\"itemListElement\":[{\"@type\":\"ListItem\",\"position\":1,\"name\":\"Home\",\"item\":\"https:\/\/www.lotussurrogacy.com\/fr\/\"},{\"@type\":\"ListItem\",\"position\":2,\"name\":\"Nos Services\",\"item\":\"https:\/\/www.lotussurrogacy.com\/fr\/our-services\/\"},{\"@type\":\"ListItem\",\"position\":3,\"name\":\"Don D\u2019Ovules\"}]},{\"@type\":\"WebSite\",\"@id\":\"https:\/\/www.lotussurrogacy.com\/fr\/#website\",\"url\":\"https:\/\/www.lotussurrogacy.com\/fr\/\",\"name\":\"Lotus Surrogacy - Agence de la Gestation Pour Autrui - France\",\"description\":\"La Gestation pour autrui en Ukraine\",\"publisher\":{\"@id\":\"https:\/\/www.lotussurrogacy.com\/fr\/#organization\"},\"potentialAction\":[{\"@type\":\"SearchAction\",\"target\":{\"@type\":\"EntryPoint\",\"urlTemplate\":\"https:\/\/www.lotussurrogacy.com\/fr\/?s={search_term_string}\"},\"query-input\":{\"@type\":\"PropertyValueSpecification\",\"valueRequired\":true,\"valueName\":\"search_term_string\"}}],\"inLanguage\":\"fr-FR\"},{\"@type\":[\"Organization\",\"Place\",\"Corporation\"],\"@id\":\"https:\/\/www.lotussurrogacy.com\/fr\/#organization\",\"name\":\"Lotus Surrogacy\",\"url\":\"https:\/\/www.lotussurrogacy.com\/fr\/\",\"logo\":{\"@id\":\"https:\/\/www.lotussurrogacy.com\/fr\/our-services\/egg-donation\/#local-main-organization-logo\"},\"image\":{\"@id\":\"https:\/\/www.lotussurrogacy.com\/fr\/our-services\/egg-donation\/#local-main-organization-logo\"},\"sameAs\":[\"https:\/\/www.facebook.com\/lotusukraine\/\"],\"address\":{\"@id\":\"https:\/\/www.lotussurrogacy.com\/fr\/our-services\/egg-donation\/#local-main-place-address\"},\"geo\":{\"@type\":\"GeoCoordinates\",\"latitude\":\"50.44137\",\"longitude\":\"30.5229\"},\"telephone\":[\"+1-978-438-6105\"],\"openingHoursSpecification\":[],\"email\":\"info@lotusukraine.com\"},{\"@type\":\"PostalAddress\",\"@id\":\"https:\/\/www.lotussurrogacy.com\/fr\/our-services\/egg-donation\/#local-main-place-address\",\"streetAddress\":\"Basseina 5A\",\"addressLocality\":\"Kyiv\",\"postalCode\":\"01004\",\"addressCountry\":\"UA\"},{\"@type\":\"ImageObject\",\"inLanguage\":\"fr-FR\",\"@id\":\"https:\/\/www.lotussurrogacy.com\/fr\/our-services\/egg-donation\/#local-main-organization-logo\",\"url\":\"https:\/\/www.lotussurrogacy.com\/fr\/wp-content\/uploads\/2020\/07\/Logo-795.png\",\"contentUrl\":\"https:\/\/www.lotussurrogacy.com\/fr\/wp-content\/uploads\/2020\/07\/Logo-795.png\",\"width\":795,\"height\":130,\"caption\":\"Lotus Surrogacy\"}]}<\/script>\n<meta name=\"geo.placename\" content=\"Kyiv\" \/>\n<meta name=\"geo.position\" content=\"50.44137;30.5229\" \/>\n<meta name=\"geo.region\" content=\"Ukraine\" \/>\n<!-- \/ Yoast SEO Premium plugin. -->","yoast_head_json":{"title":"Don D\u2019Ovules - Lotus Surrogacy - Agence de la Gestation Pour Autrui - France","robots":{"index":"index","follow":"follow","max-snippet":"max-snippet:-1","max-image-preview":"max-image-preview:large","max-video-preview":"max-video-preview:-1"},"canonical":"https:\/\/www.lotussurrogacy.com\/fr\/our-services\/egg-donation\/","og_locale":"fr_FR","og_type":"article","og_title":"Don D\u2019Ovules","og_description":"La FIV avec don d\u2019ovules en Ukraine est la meilleure et la plus abordable solution pour les \u00e9trangers qui cherchent...","og_url":"https:\/\/www.lotussurrogacy.com\/fr\/our-services\/egg-donation\/","og_site_name":"Lotus Surrogacy - Agence de la Gestation Pour Autrui - France","article_publisher":"https:\/\/www.facebook.com\/lotusukraine\/","article_modified_time":"2020-10-20T22:42:17+00:00","og_image":[{"width":2048,"height":1434,"url":"https:\/\/www.lotussurrogacy.com\/fr\/wp-content\/uploads\/2020\/07\/iStock-500800450.jpg","type":"image\/jpeg"}],"twitter_card":"summary_large_image","twitter_misc":{"Est. reading time":"2 minutes"},"schema":{"@context":"https:\/\/schema.org","@graph":[{"@type":"WebPage","@id":"https:\/\/www.lotussurrogacy.com\/fr\/our-services\/egg-donation\/","url":"https:\/\/www.lotussurrogacy.com\/fr\/our-services\/egg-donation\/","name":"Don D\u2019Ovules - Lotus Surrogacy - Agence de la Gestation Pour Autrui - France","isPartOf":{"@id":"https:\/\/www.lotussurrogacy.com\/fr\/#website"},"primaryImageOfPage":{"@id":"https:\/\/www.lotussurrogacy.com\/fr\/our-services\/egg-donation\/#primaryimage"},"image":{"@id":"https:\/\/www.lotussurrogacy.com\/fr\/our-services\/egg-donation\/#primaryimage"},"thumbnailUrl":"https:\/\/www.lotussurrogacy.com\/fr\/wp-content\/uploads\/2020\/07\/iStock-500800450.jpg","datePublished":"2020-07-27T08:22:08+00:00","dateModified":"2020-10-20T22:42:17+00:00","breadcrumb":{"@id":"https:\/\/www.lotussurrogacy.com\/fr\/our-services\/egg-donation\/#breadcrumb"},"inLanguage":"fr-FR","potentialAction":[{"@type":"ReadAction","target":["https:\/\/www.lotussurrogacy.com\/fr\/our-services\/egg-donation\/"]}]},{"@type":"ImageObject","inLanguage":"fr-FR","@id":"https:\/\/www.lotussurrogacy.com\/fr\/our-services\/egg-donation\/#primaryimage","url":"https:\/\/www.lotussurrogacy.com\/fr\/wp-content\/uploads\/2020\/07\/iStock-500800450.jpg","contentUrl":"https:\/\/www.lotussurrogacy.com\/fr\/wp-content\/uploads\/2020\/07\/iStock-500800450.jpg","width":2048,"height":1434},{"@type":"BreadcrumbList","@id":"https:\/\/www.lotussurrogacy.com\/fr\/our-services\/egg-donation\/#breadcrumb","itemListElement":[{"@type":"ListItem","position":1,"name":"Home","item":"https:\/\/www.lotussurrogacy.com\/fr\/"},{"@type":"ListItem","position":2,"name":"Nos Services","item":"https:\/\/www.lotussurrogacy.com\/fr\/our-services\/"},{"@type":"ListItem","position":3,"name":"Don D\u2019Ovules"}]},{"@type":"WebSite","@id":"https:\/\/www.lotussurrogacy.com\/fr\/#website","url":"https:\/\/www.lotussurrogacy.com\/fr\/","name":"Lotus Surrogacy - Agence de la Gestation Pour Autrui - France","description":"La Gestation pour autrui en Ukraine","publisher":{"@id":"https:\/\/www.lotussurrogacy.com\/fr\/#organization"},"potentialAction":[{"@type":"SearchAction","target":{"@type":"EntryPoint","urlTemplate":"https:\/\/www.lotussurrogacy.com\/fr\/?s={search_term_string}"},"query-input":{"@type":"PropertyValueSpecification","valueRequired":true,"valueName":"search_term_string"}}],"inLanguage":"fr-FR"},{"@type":["Organization","Place","Corporation"],"@id":"https:\/\/www.lotussurrogacy.com\/fr\/#organization","name":"Lotus Surrogacy","url":"https:\/\/www.lotussurrogacy.com\/fr\/","logo":{"@id":"https:\/\/www.lotussurrogacy.com\/fr\/our-services\/egg-donation\/#local-main-organization-logo"},"image":{"@id":"https:\/\/www.lotussurrogacy.com\/fr\/our-services\/egg-donation\/#local-main-organization-logo"},"sameAs":["https:\/\/www.facebook.com\/lotusukraine\/"],"address":{"@id":"https:\/\/www.lotussurrogacy.com\/fr\/our-services\/egg-donation\/#local-main-place-address"},"geo":{"@type":"GeoCoordinates","latitude":"50.44137","longitude":"30.5229"},"telephone":["+1-978-438-6105"],"openingHoursSpecification":[],"email":"info@lotusukraine.com"},{"@type":"PostalAddress","@id":"https:\/\/www.lotussurrogacy.com\/fr\/our-services\/egg-donation\/#local-main-place-address","streetAddress":"Basseina 5A","addressLocality":"Kyiv","postalCode":"01004","addressCountry":"UA"},{"@type":"ImageObject","inLanguage":"fr-FR","@id":"https:\/\/www.lotussurrogacy.com\/fr\/our-services\/egg-donation\/#local-main-organization-logo","url":"https:\/\/www.lotussurrogacy.com\/fr\/wp-content\/uploads\/2020\/07\/Logo-795.png","contentUrl":"https:\/\/www.lotussurrogacy.com\/fr\/wp-content\/uploads\/2020\/07\/Logo-795.png","width":795,"height":130,"caption":"Lotus Surrogacy"}]},"geo.placename":"Kyiv","geo.position":{"lat":"50.44137","long":"30.5229"},"geo.region":"Ukraine"},"_links":{"self":[{"href":"https:\/\/www.lotussurrogacy.com\/fr\/wp-json\/wp\/v2\/pages\/25238","targetHints":{"allow":["GET"]}}],"collection":[{"href":"https:\/\/www.lotussurrogacy.com\/fr\/wp-json\/wp\/v2\/pages"}],"about":[{"href":"https:\/\/www.lotussurrogacy.com\/fr\/wp-json\/wp\/v2\/types\/page"}],"author":[{"embeddable":true,"href":"https:\/\/www.lotussurrogacy.com\/fr\/wp-json\/wp\/v2\/users\/1"}],"replies":[{"embeddable":true,"href":"https:\/\/www.lotussurrogacy.com\/fr\/wp-json\/wp\/v2\/comments?post=25238"}],"version-history":[{"count":5,"href":"https:\/\/www.lotussurrogacy.com\/fr\/wp-json\/wp\/v2\/pages\/25238\/revisions"}],"predecessor-version":[{"id":27857,"href":"https:\/\/www.lotussurrogacy.com\/fr\/wp-json\/wp\/v2\/pages\/25238\/revisions\/27857"}],"up":[{"embeddable":true,"href":"https:\/\/www.lotussurrogacy.com\/fr\/wp-json\/wp\/v2\/pages\/25236"}],"wp:featuredmedia":[{"embeddable":true,"href":"https:\/\/www.lotussurrogacy.com\/fr\/wp-json\/wp\/v2\/media\/25646"}],"wp:attachment":[{"href":"https:\/\/www.lotussurrogacy.com\/fr\/wp-json\/wp\/v2\/media?parent=25238"}],"curies":[{"name":"wp","href":"https:\/\/api.w.org\/{rel}","templated":true}]}}